{"id":24130,"date":"2025-05-08T06:06:13","date_gmt":"2025-05-08T06:06:13","guid":{"rendered":"https:\/\/meteoquebec.ca\/?post_type=product&#038;p=24130"},"modified":"2026-03-14T11:46:42","modified_gmt":"2026-03-14T15:46:42","slug":"chemise-de-travail-247","status":"publish","type":"product","link":"https:\/\/autravail.ca\/en\/product\/chemise-de-travail-247\/","title":{"rendered":"Chemise de travail &#8211; 247"},"content":{"rendered":"<h3>Chemise de travail &#8211; 247<\/h3>\n<p>Chemise de travail &#8211; 247 de <a href=\"https:\/\/autravail.ca\/en\/product-brand\/big-bill\/\">Big Bill<\/a>, manches longues et fermeture \u00e0 boutons-pression de qualit\u00e9 sup\u00e9rieure est con\u00e7ue pour les professionnels exigeants qui recherchent confort et durabilit\u00e9. Fabriqu\u00e9e au Canada dans un m\u00e9lange robuste de polyester et de coton, elle offre une coupe classique qui vous accompagne dans tous vos mouvements. Dot\u00e9e de deux poches poitrine avec compartiments pour stylos, de fermetures \u00e0 boutons-pression s\u00e9curis\u00e9es et de coutures renforc\u00e9es, cette chemise allie robustesse et fiabilit\u00e9. Id\u00e9ale pour les chantiers ou au quotidien, elle offre un style intemporel et des performances \u00e0 toute \u00e9preuve.<\/p>\n<h6>Characteristics:<\/h6>\n<ul>\n<li><span dir=\"auto\">Col montant avec baleines<\/span><\/li>\n<li><span dir=\"auto\">Patte de boutonnage sur le devant avec fermeture \u00e0 pression<\/span><\/li>\n<li><span dir=\"auto\">Deux poches poitrine avant \u00e0 rabat et fermeture \u00e0 pression<\/span><\/li>\n<li><span dir=\"auto\">Compartiment pour crayons dans les deux poches<\/span><\/li>\n<li><span dir=\"auto\">Poignets \u00e0 fermeture pression<\/span><\/li>\n<li>Sa coupe \u00e0 manches longues en fait un choix privil\u00e9gi\u00e9 pour la mobilit\u00e9 et le confort thermique en \u00e9t\u00e9<\/li>\n<li><span dir=\"auto\">joug dorsal<\/span><\/li>\n<li><span dir=\"auto\">Fil haute r\u00e9sistance<\/span><\/li>\n<li><span dir=\"auto\">Points d&rsquo;arr\u00eat renforc\u00e9s \u00e0 tous les points de tension<\/span><\/li>\n<li><span dir=\"auto\">Entretien : Lavage domestique et industriel<\/span><\/li>\n<li>Serg\u00e9 6 oz, 65 % polyester \/ 35 % coton<\/li>\n<li>Fabriqu\u00e9 au Canada<\/li>\n<\/ul>\n<p>C&rsquo;est la chemise de choix pour les environnements de travail plus rudes.<\/p>\n<p><img decoding=\"async\" class=\"alignnone wp-image-40620\" src=\"https:\/\/autravail.ca\/wp-content\/uploads\/2025\/09\/Jachete-quebec-et-canada.jpg\" alt=\"Logo de l'achat local\" width=\"162\" height=\"139\" \/>Merci d&rsquo;encourager une entreprise 100% d&rsquo;ici!<\/p>\n<p>TS2603H<\/p>","protected":false},"excerpt":{"rendered":"<p>Chemise de travail &#8211; 247 Chemise de travail &#8211; 247 de Big Bill, manches longues et fermeture \u00e0 boutons-pression de qualit\u00e9 sup\u00e9rieure est con\u00e7ue pour les professionnels exigeants qui recherchent confort et durabilit\u00e9. Fabriqu\u00e9e au Canada dans un m\u00e9lange robuste de polyester et de coton, elle offre une coupe classique qui vous accompagne dans tous [&hellip;]<\/p>","protected":false},"featured_media":6533,"comment_status":"open","ping_status":"closed","template":"","meta":[],"product_cat":[599,606,602,604],"product_tag":[247,242],"class_list":{"0":"post-24130","1":"product","2":"type-product","3":"status-publish","4":"has-post-thumbnail","6":"product_brand-big-bill","7":"product_cat-apparel-accessories","8":"product_cat-chemises","9":"product_cat-hommes","10":"product_cat-vetements-de-travail","11":"product_tag-chemises","12":"product_tag-homme","14":"first","15":"instock","16":"taxable","17":"shipping-taxable","18":"purchasable","19":"product-type-variable"},"yoast_head":"<!-- This site is optimized with the Yoast SEO plugin v25.3.1 - https:\/\/yoast.com\/wordpress\/plugins\/seo\/ -->\n<title>Chemise de travail - 247 - Le Magasin Industriel<\/title>\n<meta name=\"description\" content=\"Chemise de travail - 247 \u00e0 manches longues et fermeture \u00e0 boutons-pression con\u00e7ue pour les professionnels. Fabriqu\u00e9 au Canada\" \/>\n<meta name=\"robots\" content=\"index, follow, max-snippet:-1, max-image-preview:large, max-video-preview:-1\" \/>\n<link rel=\"canonical\" href=\"https:\/\/autravail.ca\/en\/product\/chemise-de-travail-247\/\" \/>\n<meta property=\"og:locale\" content=\"en_US\" \/>\n<meta property=\"og:type\" content=\"article\" \/>\n<meta property=\"og:title\" content=\"Chemise de travail - 247 - Le Magasin Industriel\" \/>\n<meta property=\"og:description\" content=\"Chemise de travail - 247 \u00e0 manches longues et fermeture \u00e0 boutons-pression con\u00e7ue pour les professionnels. Fabriqu\u00e9 au Canada\" \/>\n<meta property=\"og:url\" content=\"https:\/\/autravail.ca\/en\/product\/chemise-de-travail-247\/\" \/>\n<meta property=\"og:site_name\" content=\"Le Magasin Industriel\" \/>\n<meta property=\"article:publisher\" content=\"https:\/\/www.facebook.com\/lemagasinindustriel\/?locale=fr_FR\" \/>\n<meta property=\"article:modified_time\" content=\"2026-03-14T15:46:42+00:00\" \/>\n<meta property=\"og:image\" content=\"https:\/\/autravail.ca\/wp-content\/uploads\/2025\/05\/247_BLK_A01.jpg\" \/>\n\t<meta property=\"og:image:width\" content=\"1000\" \/>\n\t<meta property=\"og:image:height\" content=\"1000\" \/>\n\t<meta property=\"og:image:type\" content=\"image\/jpeg\" \/>\n<meta name=\"twitter:card\" content=\"summary_large_image\" \/>\n<meta name=\"twitter:label1\" content=\"Est. reading time\" \/>\n\t<meta name=\"twitter:data1\" content=\"2 minutes\" \/>\n<script type=\"application\/ld+json\" class=\"yoast-schema-graph\">{\"@context\":\"https:\/\/schema.org\",\"@graph\":[{\"@type\":\"WebPage\",\"@id\":\"https:\/\/autravail.ca\/product\/chemise-de-travail-247\/\",\"url\":\"https:\/\/autravail.ca\/product\/chemise-de-travail-247\/\",\"name\":\"Chemise de travail - 247 - Le Magasin Industriel\",\"isPartOf\":{\"@id\":\"https:\/\/autravail.ca\/#website\"},\"primaryImageOfPage\":{\"@id\":\"https:\/\/autravail.ca\/product\/chemise-de-travail-247\/#primaryimage\"},\"image\":{\"@id\":\"https:\/\/autravail.ca\/product\/chemise-de-travail-247\/#primaryimage\"},\"thumbnailUrl\":\"https:\/\/autravail.ca\/wp-content\/uploads\/2025\/05\/247_BLK_A01.jpg\",\"datePublished\":\"2025-05-08T06:06:13+00:00\",\"dateModified\":\"2026-03-14T15:46:42+00:00\",\"description\":\"Chemise de travail - 247 \u00e0 manches longues et fermeture \u00e0 boutons-pression con\u00e7ue pour les professionnels. Fabriqu\u00e9 au Canada\",\"breadcrumb\":{\"@id\":\"https:\/\/autravail.ca\/product\/chemise-de-travail-247\/#breadcrumb\"},\"inLanguage\":\"en-CA\",\"potentialAction\":[{\"@type\":\"ReadAction\",\"target\":[\"https:\/\/autravail.ca\/product\/chemise-de-travail-247\/\"]}]},{\"@type\":\"ImageObject\",\"inLanguage\":\"en-CA\",\"@id\":\"https:\/\/autravail.ca\/product\/chemise-de-travail-247\/#primaryimage\",\"url\":\"https:\/\/autravail.ca\/wp-content\/uploads\/2025\/05\/247_BLK_A01.jpg\",\"contentUrl\":\"https:\/\/autravail.ca\/wp-content\/uploads\/2025\/05\/247_BLK_A01.jpg\",\"width\":1000,\"height\":1000,\"caption\":\"Chemise de travail - 247\"},{\"@type\":\"BreadcrumbList\",\"@id\":\"https:\/\/autravail.ca\/product\/chemise-de-travail-247\/#breadcrumb\",\"itemListElement\":[{\"@type\":\"ListItem\",\"position\":1,\"name\":\"Accueil\",\"item\":\"https:\/\/autravail.ca\/\"},{\"@type\":\"ListItem\",\"position\":2,\"name\":\"Magasin\",\"item\":\"https:\/\/autravail.ca\/en\/shop\/\"},{\"@type\":\"ListItem\",\"position\":3,\"name\":\"Chemise de travail &#8211; 247\"}]},{\"@type\":\"WebSite\",\"@id\":\"https:\/\/autravail.ca\/#website\",\"url\":\"https:\/\/autravail.ca\/\",\"name\":\"Le Magasin Industriel\",\"description\":\"50 ans de tradition de s\u00e9curit\u00e9 au travail\",\"publisher\":{\"@id\":\"https:\/\/autravail.ca\/#organization\"},\"potentialAction\":[{\"@type\":\"SearchAction\",\"target\":{\"@type\":\"EntryPoint\",\"urlTemplate\":\"https:\/\/autravail.ca\/?s={search_term_string}\"},\"query-input\":{\"@type\":\"PropertyValueSpecification\",\"valueRequired\":true,\"valueName\":\"search_term_string\"}}],\"inLanguage\":\"en-CA\"},{\"@type\":\"Organization\",\"@id\":\"https:\/\/autravail.ca\/#organization\",\"name\":\"Le Magasin Industriel\",\"url\":\"https:\/\/autravail.ca\/\",\"logo\":{\"@type\":\"ImageObject\",\"inLanguage\":\"en-CA\",\"@id\":\"https:\/\/autravail.ca\/#\/schema\/logo\/image\/\",\"url\":\"https:\/\/autravail.ca\/wp-content\/uploads\/2025\/05\/cropped-magasin_industriel_120x.avif\",\"contentUrl\":\"https:\/\/autravail.ca\/wp-content\/uploads\/2025\/05\/cropped-magasin_industriel_120x.avif\",\"width\":120,\"height\":24,\"caption\":\"Le Magasin Industriel\"},\"image\":{\"@id\":\"https:\/\/autravail.ca\/#\/schema\/logo\/image\/\"},\"sameAs\":[\"https:\/\/www.facebook.com\/lemagasinindustriel\/?locale=fr_FR\"]}]}<\/script>\n<!-- \/ Yoast SEO plugin. -->","yoast_head_json":{"title":"Chemise de travail - 247 - Le Magasin Industriel","description":"Chemise de travail - 247 \u00e0 manches longues et fermeture \u00e0 boutons-pression con\u00e7ue pour les professionnels. Fabriqu\u00e9 au Canada","robots":{"index":"index","follow":"follow","max-snippet":"max-snippet:-1","max-image-preview":"max-image-preview:large","max-video-preview":"max-video-preview:-1"},"canonical":"https:\/\/autravail.ca\/en\/product\/chemise-de-travail-247\/","og_locale":"en_US","og_type":"article","og_title":"Chemise de travail - 247 - Le Magasin Industriel","og_description":"Chemise de travail - 247 \u00e0 manches longues et fermeture \u00e0 boutons-pression con\u00e7ue pour les professionnels. Fabriqu\u00e9 au Canada","og_url":"https:\/\/autravail.ca\/en\/product\/chemise-de-travail-247\/","og_site_name":"Le Magasin Industriel","article_publisher":"https:\/\/www.facebook.com\/lemagasinindustriel\/?locale=fr_FR","article_modified_time":"2026-03-14T15:46:42+00:00","og_image":[{"width":1000,"height":1000,"url":"https:\/\/autravail.ca\/wp-content\/uploads\/2025\/05\/247_BLK_A01.jpg","type":"image\/jpeg"}],"twitter_card":"summary_large_image","twitter_misc":{"Est. reading time":"2 minutes"},"schema":{"@context":"https:\/\/schema.org","@graph":[{"@type":"WebPage","@id":"https:\/\/autravail.ca\/product\/chemise-de-travail-247\/","url":"https:\/\/autravail.ca\/product\/chemise-de-travail-247\/","name":"Chemise de travail - 247 - Le Magasin Industriel","isPartOf":{"@id":"https:\/\/autravail.ca\/#website"},"primaryImageOfPage":{"@id":"https:\/\/autravail.ca\/product\/chemise-de-travail-247\/#primaryimage"},"image":{"@id":"https:\/\/autravail.ca\/product\/chemise-de-travail-247\/#primaryimage"},"thumbnailUrl":"https:\/\/autravail.ca\/wp-content\/uploads\/2025\/05\/247_BLK_A01.jpg","datePublished":"2025-05-08T06:06:13+00:00","dateModified":"2026-03-14T15:46:42+00:00","description":"Chemise de travail - 247 \u00e0 manches longues et fermeture \u00e0 boutons-pression con\u00e7ue pour les professionnels. Fabriqu\u00e9 au Canada","breadcrumb":{"@id":"https:\/\/autravail.ca\/product\/chemise-de-travail-247\/#breadcrumb"},"inLanguage":"en-CA","potentialAction":[{"@type":"ReadAction","target":["https:\/\/autravail.ca\/product\/chemise-de-travail-247\/"]}]},{"@type":"ImageObject","inLanguage":"en-CA","@id":"https:\/\/autravail.ca\/product\/chemise-de-travail-247\/#primaryimage","url":"https:\/\/autravail.ca\/wp-content\/uploads\/2025\/05\/247_BLK_A01.jpg","contentUrl":"https:\/\/autravail.ca\/wp-content\/uploads\/2025\/05\/247_BLK_A01.jpg","width":1000,"height":1000,"caption":"Chemise de travail - 247"},{"@type":"BreadcrumbList","@id":"https:\/\/autravail.ca\/product\/chemise-de-travail-247\/#breadcrumb","itemListElement":[{"@type":"ListItem","position":1,"name":"Accueil","item":"https:\/\/autravail.ca\/"},{"@type":"ListItem","position":2,"name":"Magasin","item":"https:\/\/autravail.ca\/en\/shop\/"},{"@type":"ListItem","position":3,"name":"Chemise de travail &#8211; 247"}]},{"@type":"WebSite","@id":"https:\/\/autravail.ca\/#website","url":"https:\/\/autravail.ca\/","name":"Le Magasin Industriel","description":"50 ans de tradition de s\u00e9curit\u00e9 au travail","publisher":{"@id":"https:\/\/autravail.ca\/#organization"},"potentialAction":[{"@type":"SearchAction","target":{"@type":"EntryPoint","urlTemplate":"https:\/\/autravail.ca\/?s={search_term_string}"},"query-input":{"@type":"PropertyValueSpecification","valueRequired":true,"valueName":"search_term_string"}}],"inLanguage":"en-CA"},{"@type":"Organization","@id":"https:\/\/autravail.ca\/#organization","name":"Le Magasin Industriel","url":"https:\/\/autravail.ca\/","logo":{"@type":"ImageObject","inLanguage":"en-CA","@id":"https:\/\/autravail.ca\/#\/schema\/logo\/image\/","url":"https:\/\/autravail.ca\/wp-content\/uploads\/2025\/05\/cropped-magasin_industriel_120x.avif","contentUrl":"https:\/\/autravail.ca\/wp-content\/uploads\/2025\/05\/cropped-magasin_industriel_120x.avif","width":120,"height":24,"caption":"Le Magasin Industriel"},"image":{"@id":"https:\/\/autravail.ca\/#\/schema\/logo\/image\/"},"sameAs":["https:\/\/www.facebook.com\/lemagasinindustriel\/?locale=fr_FR"]}]}},"jetpack_sharing_enabled":true,"_links":{"self":[{"href":"https:\/\/autravail.ca\/en\/wp-json\/wp\/v2\/product\/24130","targetHints":{"allow":["GET"]}}],"collection":[{"href":"https:\/\/autravail.ca\/en\/wp-json\/wp\/v2\/product"}],"about":[{"href":"https:\/\/autravail.ca\/en\/wp-json\/wp\/v2\/types\/product"}],"replies":[{"embeddable":true,"href":"https:\/\/autravail.ca\/en\/wp-json\/wp\/v2\/comments?post=24130"}],"wp:featuredmedia":[{"embeddable":true,"href":"https:\/\/autravail.ca\/en\/wp-json\/wp\/v2\/media\/6533"}],"wp:attachment":[{"href":"https:\/\/autravail.ca\/en\/wp-json\/wp\/v2\/media?parent=24130"}],"wp:term":[{"taxonomy":"product_cat","embeddable":true,"href":"https:\/\/autravail.ca\/en\/wp-json\/wp\/v2\/product_cat?post=24130"},{"taxonomy":"product_tag","embeddable":true,"href":"https:\/\/autravail.ca\/en\/wp-json\/wp\/v2\/product_tag?post=24130"}],"curies":[{"name":"wp","href":"https:\/\/api.w.org\/{rel}","templated":true}]}}