{"id":24040,"date":"2025-05-08T06:05:48","date_gmt":"2025-05-08T06:05:48","guid":{"rendered":"https:\/\/meteoquebec.ca\/?post_type=product&#038;p=24040"},"modified":"2026-03-14T11:46:42","modified_gmt":"2026-03-14T15:46:42","slug":"sarrau-de-travail-167","status":"publish","type":"product","link":"https:\/\/autravail.ca\/en\/product\/sarrau-de-travail-167\/","title":{"rendered":"Sarrau de travail &#8211; 167"},"content":{"rendered":"<h3>Sarrau de travail &#8211; 167<\/h3>\n<p>Sarrau de travail &#8211; 167 de <a href=\"https:\/\/autravail.ca\/en\/product-brand\/big-bill\/\">Big Bill<\/a> aussi appel\u00e9e blouse de laboratoire industrielle haut de gamme est con\u00e7ue pour les travaux manuels exigeants. Fabriqu\u00e9e au Canada \u00e0 partir d&rsquo;un m\u00e9lange durable de polyester et de coton, elle r\u00e9siste \u00e0 la d\u00e9coloration et \u00e0 l&rsquo;usure intensive tout en assurant un confort optimal m\u00eame lors de longues journ\u00e9es de travail. Ses coutures renforc\u00e9es, ses multiples poches et ses a\u00e9rations lat\u00e9rales en font une protection fiable pour les m\u00e9caniciens, les techniciens et les ouvriers qui ont besoin d&rsquo;un \u00e9quipement aussi performant qu&rsquo;eux.<\/p>\n<h6>Characteristics:<\/h6>\n<ul>\n<li><span dir=\"auto\">teinture longue dur\u00e9e<\/span><\/li>\n<li><span dir=\"auto\">Fermeture \u00e0 pression dissimul\u00e9e sur le devant minimisant ainsi les risques d&rsquo;accrochage ou de rayures sur les \u00e9quipements d\u00e9licats<\/span><\/li>\n<li><span dir=\"auto\">4 poches avant spacieuses pour le rangement d&rsquo;outils et d&rsquo;appareils<\/span><\/li>\n<li><span dir=\"auto\">Compartiment pour crayon dans la poche poitrine gauche<\/span><\/li>\n<li><span dir=\"auto\">ouvertures d&rsquo;a\u00e9ration lat\u00e9rales<\/span><\/li>\n<li><span dir=\"auto\">Fil haute r\u00e9sistance<\/span><\/li>\n<li><span dir=\"auto\">Points d&rsquo;arr\u00eat renforc\u00e9s \u00e0 tous les points de tension<\/span><\/li>\n<li><span dir=\"auto\">Entretien\u00a0: Lavage industriel<\/span><\/li>\n<li>Serg\u00e9 7,5 oz, 65 % polyester \/ 35 % coton<\/li>\n<li>Fabriqu\u00e9e au Canada<\/li>\n<\/ul>\n<p><img decoding=\"async\" class=\"alignnone wp-image-40620\" src=\"https:\/\/autravail.ca\/wp-content\/uploads\/2025\/09\/Jachete-quebec-et-canada.jpg\" alt=\"Logo de l'achat local\" width=\"162\" height=\"139\" \/>Merci d&rsquo;encourager une entreprise 100% d&rsquo;ici!<\/p>\n<p>TS2603H<\/p>","protected":false},"excerpt":{"rendered":"<p>Sarrau de travail &#8211; 167 Sarrau de travail &#8211; 167 de Big Bill aussi appel\u00e9e blouse de laboratoire industrielle haut de gamme est con\u00e7ue pour les travaux manuels exigeants. Fabriqu\u00e9e au Canada \u00e0 partir d&rsquo;un m\u00e9lange durable de polyester et de coton, elle r\u00e9siste \u00e0 la d\u00e9coloration et \u00e0 l&rsquo;usure intensive tout en assurant un [&hellip;]<\/p>","protected":false},"featured_media":45180,"comment_status":"open","ping_status":"closed","template":"","meta":[],"product_cat":[599,602,607,604],"product_tag":[242,248],"class_list":{"0":"post-24040","1":"product","2":"type-product","3":"status-publish","4":"has-post-thumbnail","6":"product_brand-big-bill","7":"product_cat-apparel-accessories","8":"product_cat-hommes","9":"product_cat-sarraus","10":"product_cat-vetements-de-travail","11":"product_tag-homme","12":"product_tag-sarraus","14":"first","15":"instock","16":"taxable","17":"shipping-taxable","18":"purchasable","19":"product-type-variable"},"yoast_head":"<!-- This site is optimized with the Yoast SEO plugin v25.3.1 - https:\/\/yoast.com\/wordpress\/plugins\/seo\/ -->\n<title>Sarrau de travail - 167 - Le Magasin Industriel<\/title>\n<meta name=\"description\" content=\"Sarrau de travail - 167, blouse de laboratoire industrielle haut de gamme est con\u00e7ue pour les travaux manuels exigeants. Fabriqu\u00e9e au Canada\" \/>\n<meta name=\"robots\" content=\"index, follow, max-snippet:-1, max-image-preview:large, max-video-preview:-1\" \/>\n<link rel=\"canonical\" href=\"https:\/\/autravail.ca\/en\/product\/sarrau-de-travail-167\/\" \/>\n<meta property=\"og:locale\" content=\"en_US\" \/>\n<meta property=\"og:type\" content=\"article\" \/>\n<meta property=\"og:title\" content=\"Sarrau de travail - 167 - Le Magasin Industriel\" \/>\n<meta property=\"og:description\" content=\"Sarrau de travail - 167, blouse de laboratoire industrielle haut de gamme est con\u00e7ue pour les travaux manuels exigeants. Fabriqu\u00e9e au Canada\" \/>\n<meta property=\"og:url\" content=\"https:\/\/autravail.ca\/en\/product\/sarrau-de-travail-167\/\" \/>\n<meta property=\"og:site_name\" content=\"Le Magasin Industriel\" \/>\n<meta property=\"article:publisher\" content=\"https:\/\/www.facebook.com\/lemagasinindustriel\/?locale=fr_FR\" \/>\n<meta property=\"article:modified_time\" content=\"2026-03-14T15:46:42+00:00\" \/>\n<meta property=\"og:image\" content=\"https:\/\/autravail.ca\/wp-content\/uploads\/2025\/05\/167_NAY_A01-1.jpg\" \/>\n\t<meta property=\"og:image:width\" content=\"1000\" \/>\n\t<meta property=\"og:image:height\" content=\"1000\" \/>\n\t<meta property=\"og:image:type\" content=\"image\/jpeg\" \/>\n<meta name=\"twitter:card\" content=\"summary_large_image\" \/>\n<meta name=\"twitter:label1\" content=\"Est. reading time\" \/>\n\t<meta name=\"twitter:data1\" content=\"2 minutes\" \/>\n<script type=\"application\/ld+json\" class=\"yoast-schema-graph\">{\"@context\":\"https:\/\/schema.org\",\"@graph\":[{\"@type\":\"WebPage\",\"@id\":\"https:\/\/autravail.ca\/product\/sarrau-de-travail-167\/\",\"url\":\"https:\/\/autravail.ca\/product\/sarrau-de-travail-167\/\",\"name\":\"Sarrau de travail - 167 - Le Magasin Industriel\",\"isPartOf\":{\"@id\":\"https:\/\/autravail.ca\/#website\"},\"primaryImageOfPage\":{\"@id\":\"https:\/\/autravail.ca\/product\/sarrau-de-travail-167\/#primaryimage\"},\"image\":{\"@id\":\"https:\/\/autravail.ca\/product\/sarrau-de-travail-167\/#primaryimage\"},\"thumbnailUrl\":\"https:\/\/autravail.ca\/wp-content\/uploads\/2025\/05\/167_NAY_A01-1.jpg\",\"datePublished\":\"2025-05-08T06:05:48+00:00\",\"dateModified\":\"2026-03-14T15:46:42+00:00\",\"description\":\"Sarrau de travail - 167, blouse de laboratoire industrielle haut de gamme est con\u00e7ue pour les travaux manuels exigeants. Fabriqu\u00e9e au Canada\",\"breadcrumb\":{\"@id\":\"https:\/\/autravail.ca\/product\/sarrau-de-travail-167\/#breadcrumb\"},\"inLanguage\":\"en-CA\",\"potentialAction\":[{\"@type\":\"ReadAction\",\"target\":[\"https:\/\/autravail.ca\/product\/sarrau-de-travail-167\/\"]}]},{\"@type\":\"ImageObject\",\"inLanguage\":\"en-CA\",\"@id\":\"https:\/\/autravail.ca\/product\/sarrau-de-travail-167\/#primaryimage\",\"url\":\"https:\/\/autravail.ca\/wp-content\/uploads\/2025\/05\/167_NAY_A01-1.jpg\",\"contentUrl\":\"https:\/\/autravail.ca\/wp-content\/uploads\/2025\/05\/167_NAY_A01-1.jpg\",\"width\":1000,\"height\":1000,\"caption\":\"Sarrau de travail - 167\"},{\"@type\":\"BreadcrumbList\",\"@id\":\"https:\/\/autravail.ca\/product\/sarrau-de-travail-167\/#breadcrumb\",\"itemListElement\":[{\"@type\":\"ListItem\",\"position\":1,\"name\":\"Accueil\",\"item\":\"https:\/\/autravail.ca\/\"},{\"@type\":\"ListItem\",\"position\":2,\"name\":\"Magasin\",\"item\":\"https:\/\/autravail.ca\/en\/shop\/\"},{\"@type\":\"ListItem\",\"position\":3,\"name\":\"Sarrau de travail &#8211; 167\"}]},{\"@type\":\"WebSite\",\"@id\":\"https:\/\/autravail.ca\/#website\",\"url\":\"https:\/\/autravail.ca\/\",\"name\":\"Le Magasin Industriel\",\"description\":\"50 ans de tradition de s\u00e9curit\u00e9 au travail\",\"publisher\":{\"@id\":\"https:\/\/autravail.ca\/#organization\"},\"potentialAction\":[{\"@type\":\"SearchAction\",\"target\":{\"@type\":\"EntryPoint\",\"urlTemplate\":\"https:\/\/autravail.ca\/?s={search_term_string}\"},\"query-input\":{\"@type\":\"PropertyValueSpecification\",\"valueRequired\":true,\"valueName\":\"search_term_string\"}}],\"inLanguage\":\"en-CA\"},{\"@type\":\"Organization\",\"@id\":\"https:\/\/autravail.ca\/#organization\",\"name\":\"Le Magasin Industriel\",\"url\":\"https:\/\/autravail.ca\/\",\"logo\":{\"@type\":\"ImageObject\",\"inLanguage\":\"en-CA\",\"@id\":\"https:\/\/autravail.ca\/#\/schema\/logo\/image\/\",\"url\":\"https:\/\/autravail.ca\/wp-content\/uploads\/2025\/05\/cropped-magasin_industriel_120x.avif\",\"contentUrl\":\"https:\/\/autravail.ca\/wp-content\/uploads\/2025\/05\/cropped-magasin_industriel_120x.avif\",\"width\":120,\"height\":24,\"caption\":\"Le Magasin Industriel\"},\"image\":{\"@id\":\"https:\/\/autravail.ca\/#\/schema\/logo\/image\/\"},\"sameAs\":[\"https:\/\/www.facebook.com\/lemagasinindustriel\/?locale=fr_FR\"]}]}<\/script>\n<!-- \/ Yoast SEO plugin. -->","yoast_head_json":{"title":"Sarrau de travail - 167 - Le Magasin Industriel","description":"Sarrau de travail - 167, blouse de laboratoire industrielle haut de gamme est con\u00e7ue pour les travaux manuels exigeants. Fabriqu\u00e9e au Canada","robots":{"index":"index","follow":"follow","max-snippet":"max-snippet:-1","max-image-preview":"max-image-preview:large","max-video-preview":"max-video-preview:-1"},"canonical":"https:\/\/autravail.ca\/en\/product\/sarrau-de-travail-167\/","og_locale":"en_US","og_type":"article","og_title":"Sarrau de travail - 167 - Le Magasin Industriel","og_description":"Sarrau de travail - 167, blouse de laboratoire industrielle haut de gamme est con\u00e7ue pour les travaux manuels exigeants. Fabriqu\u00e9e au Canada","og_url":"https:\/\/autravail.ca\/en\/product\/sarrau-de-travail-167\/","og_site_name":"Le Magasin Industriel","article_publisher":"https:\/\/www.facebook.com\/lemagasinindustriel\/?locale=fr_FR","article_modified_time":"2026-03-14T15:46:42+00:00","og_image":[{"width":1000,"height":1000,"url":"https:\/\/autravail.ca\/wp-content\/uploads\/2025\/05\/167_NAY_A01-1.jpg","type":"image\/jpeg"}],"twitter_card":"summary_large_image","twitter_misc":{"Est. reading time":"2 minutes"},"schema":{"@context":"https:\/\/schema.org","@graph":[{"@type":"WebPage","@id":"https:\/\/autravail.ca\/product\/sarrau-de-travail-167\/","url":"https:\/\/autravail.ca\/product\/sarrau-de-travail-167\/","name":"Sarrau de travail - 167 - Le Magasin Industriel","isPartOf":{"@id":"https:\/\/autravail.ca\/#website"},"primaryImageOfPage":{"@id":"https:\/\/autravail.ca\/product\/sarrau-de-travail-167\/#primaryimage"},"image":{"@id":"https:\/\/autravail.ca\/product\/sarrau-de-travail-167\/#primaryimage"},"thumbnailUrl":"https:\/\/autravail.ca\/wp-content\/uploads\/2025\/05\/167_NAY_A01-1.jpg","datePublished":"2025-05-08T06:05:48+00:00","dateModified":"2026-03-14T15:46:42+00:00","description":"Sarrau de travail - 167, blouse de laboratoire industrielle haut de gamme est con\u00e7ue pour les travaux manuels exigeants. Fabriqu\u00e9e au Canada","breadcrumb":{"@id":"https:\/\/autravail.ca\/product\/sarrau-de-travail-167\/#breadcrumb"},"inLanguage":"en-CA","potentialAction":[{"@type":"ReadAction","target":["https:\/\/autravail.ca\/product\/sarrau-de-travail-167\/"]}]},{"@type":"ImageObject","inLanguage":"en-CA","@id":"https:\/\/autravail.ca\/product\/sarrau-de-travail-167\/#primaryimage","url":"https:\/\/autravail.ca\/wp-content\/uploads\/2025\/05\/167_NAY_A01-1.jpg","contentUrl":"https:\/\/autravail.ca\/wp-content\/uploads\/2025\/05\/167_NAY_A01-1.jpg","width":1000,"height":1000,"caption":"Sarrau de travail - 167"},{"@type":"BreadcrumbList","@id":"https:\/\/autravail.ca\/product\/sarrau-de-travail-167\/#breadcrumb","itemListElement":[{"@type":"ListItem","position":1,"name":"Accueil","item":"https:\/\/autravail.ca\/"},{"@type":"ListItem","position":2,"name":"Magasin","item":"https:\/\/autravail.ca\/en\/shop\/"},{"@type":"ListItem","position":3,"name":"Sarrau de travail &#8211; 167"}]},{"@type":"WebSite","@id":"https:\/\/autravail.ca\/#website","url":"https:\/\/autravail.ca\/","name":"Le Magasin Industriel","description":"50 ans de tradition de s\u00e9curit\u00e9 au travail","publisher":{"@id":"https:\/\/autravail.ca\/#organization"},"potentialAction":[{"@type":"SearchAction","target":{"@type":"EntryPoint","urlTemplate":"https:\/\/autravail.ca\/?s={search_term_string}"},"query-input":{"@type":"PropertyValueSpecification","valueRequired":true,"valueName":"search_term_string"}}],"inLanguage":"en-CA"},{"@type":"Organization","@id":"https:\/\/autravail.ca\/#organization","name":"Le Magasin Industriel","url":"https:\/\/autravail.ca\/","logo":{"@type":"ImageObject","inLanguage":"en-CA","@id":"https:\/\/autravail.ca\/#\/schema\/logo\/image\/","url":"https:\/\/autravail.ca\/wp-content\/uploads\/2025\/05\/cropped-magasin_industriel_120x.avif","contentUrl":"https:\/\/autravail.ca\/wp-content\/uploads\/2025\/05\/cropped-magasin_industriel_120x.avif","width":120,"height":24,"caption":"Le Magasin Industriel"},"image":{"@id":"https:\/\/autravail.ca\/#\/schema\/logo\/image\/"},"sameAs":["https:\/\/www.facebook.com\/lemagasinindustriel\/?locale=fr_FR"]}]}},"jetpack_sharing_enabled":true,"_links":{"self":[{"href":"https:\/\/autravail.ca\/en\/wp-json\/wp\/v2\/product\/24040","targetHints":{"allow":["GET"]}}],"collection":[{"href":"https:\/\/autravail.ca\/en\/wp-json\/wp\/v2\/product"}],"about":[{"href":"https:\/\/autravail.ca\/en\/wp-json\/wp\/v2\/types\/product"}],"replies":[{"embeddable":true,"href":"https:\/\/autravail.ca\/en\/wp-json\/wp\/v2\/comments?post=24040"}],"wp:featuredmedia":[{"embeddable":true,"href":"https:\/\/autravail.ca\/en\/wp-json\/wp\/v2\/media\/45180"}],"wp:attachment":[{"href":"https:\/\/autravail.ca\/en\/wp-json\/wp\/v2\/media?parent=24040"}],"wp:term":[{"taxonomy":"product_cat","embeddable":true,"href":"https:\/\/autravail.ca\/en\/wp-json\/wp\/v2\/product_cat?post=24040"},{"taxonomy":"product_tag","embeddable":true,"href":"https:\/\/autravail.ca\/en\/wp-json\/wp\/v2\/product_tag?post=24040"}],"curies":[{"name":"wp","href":"https:\/\/api.w.org\/{rel}","templated":true}]}}