{"id":24009,"date":"2025-05-08T06:05:35","date_gmt":"2025-05-08T06:05:35","guid":{"rendered":"https:\/\/meteoquebec.ca\/?post_type=product&#038;p=24009"},"modified":"2026-03-09T12:26:16","modified_gmt":"2026-03-09T16:26:16","slug":"sarrau-de-travail-160","status":"publish","type":"product","link":"https:\/\/autravail.ca\/en\/product\/sarrau-de-travail-160\/","title":{"rendered":"Sarrau de travail &#8211; 160"},"content":{"rendered":"<h3>Sarrau de travail &#8211; 160<\/h3>\n<p>Sarrau de travail &#8211; 160 de <a href=\"https:\/\/autravail.ca\/en\/product-brand\/big-bill\/\">Big Bill<\/a>, la blouse de laboratoire industrielle 100 % coton est con\u00e7ue pour les travaux intensifs et une utilisation prolong\u00e9e. Fabriqu\u00e9e au Canada en serg\u00e9 de coton r\u00e9sistant, elle offre un confort respirant et une robustesse \u00e0 toute \u00e9preuve, quart de travail apr\u00e8s quart. Ses coutures renforc\u00e9es et ses points de tension cousus d&rsquo;arr\u00eat lui conf\u00e8rent une solidit\u00e9 accrue, tandis que ses multiples poches et ses a\u00e9rations lat\u00e9rales offrent une grande fonctionnalit\u00e9 aux m\u00e9caniciens, techniciens et ouvriers.<\/p>\n<h6>Characteristics:<\/h6>\n<ul>\n<li><span dir=\"auto\">Fermeture \u00e0 pression cach\u00e9s sur le devant, ce qui \u00e9vite d&rsquo;\u00e9gratigner les surfaces de travail ou les pi\u00e8ces manipul\u00e9es<\/span><\/li>\n<li><span dir=\"auto\">4 poches avant, permettant de garder les outils essentiels \u00e0 port\u00e9e de main<\/span><\/li>\n<li><span dir=\"auto\">Compartiment pour crayon dans la poche poitrine gauche<\/span><\/li>\n<li><span dir=\"auto\">ouvertures d&rsquo;a\u00e9ration lat\u00e9rales<\/span><\/li>\n<li>Manches 3\/4<\/li>\n<li><span dir=\"auto\">Fil haute r\u00e9sistance<\/span><\/li>\n<li><span dir=\"auto\">Points d&rsquo;arr\u00eat renforc\u00e9s \u00e0 tous les points de tension<\/span><\/li>\n<li><span dir=\"auto\">Entretien\u00a0: Lavage industriel<\/span><\/li>\n<li>Tissu ringspun 8,5 oz, 100 % coton<\/li>\n<li>Fabriqu\u00e9 au Canada<\/li>\n<\/ul>\n<p><img decoding=\"async\" class=\"alignnone wp-image-40620\" src=\"https:\/\/autravail.ca\/wp-content\/uploads\/2025\/09\/Jachete-quebec-et-canada.jpg\" alt=\"Logo de l'achat local\" width=\"162\" height=\"139\" \/>Merci d&rsquo;encourager une entreprise 100% d&rsquo;ici!<\/p>\n<p>TS2603H<\/p>","protected":false},"excerpt":{"rendered":"<p>Sarrau de travail &#8211; 160 Sarrau de travail &#8211; 160 de Big Bill, la blouse de laboratoire industrielle 100 % coton est con\u00e7ue pour les travaux intensifs et une utilisation prolong\u00e9e. Fabriqu\u00e9e au Canada en serg\u00e9 de coton r\u00e9sistant, elle offre un confort respirant et une robustesse \u00e0 toute \u00e9preuve, quart de travail apr\u00e8s quart. [&hellip;]<\/p>","protected":false},"featured_media":6187,"comment_status":"open","ping_status":"closed","template":"","meta":[],"product_cat":[599,602,607,604],"product_tag":[242,248],"class_list":{"0":"post-24009","1":"product","2":"type-product","3":"status-publish","4":"has-post-thumbnail","6":"product_brand-big-bill","7":"product_cat-apparel-accessories","8":"product_cat-hommes","9":"product_cat-sarraus","10":"product_cat-vetements-de-travail","11":"product_tag-homme","12":"product_tag-sarraus","14":"first","15":"instock","16":"taxable","17":"shipping-taxable","18":"purchasable","19":"product-type-variable"},"yoast_head":"<!-- This site is optimized with the Yoast SEO plugin v25.3.1 - https:\/\/yoast.com\/wordpress\/plugins\/seo\/ -->\n<title>Sarrau de travail - 160 - Le Magasin Industriel<\/title>\n<meta name=\"description\" content=\"Sarrau de travail - 160 ou blouse de laboratoire industrielle 100 % coton, con\u00e7ue pour les travaux intensifs, fermeture \u00e0 pression sur le devant\" \/>\n<meta name=\"robots\" content=\"index, follow, max-snippet:-1, max-image-preview:large, max-video-preview:-1\" \/>\n<link rel=\"canonical\" href=\"https:\/\/autravail.ca\/en\/product\/sarrau-de-travail-160\/\" \/>\n<meta property=\"og:locale\" content=\"en_US\" \/>\n<meta property=\"og:type\" content=\"article\" \/>\n<meta property=\"og:title\" content=\"Sarrau de travail - 160 - Le Magasin Industriel\" \/>\n<meta property=\"og:description\" content=\"Sarrau de travail - 160 ou blouse de laboratoire industrielle 100 % coton, con\u00e7ue pour les travaux intensifs, fermeture \u00e0 pression sur le devant\" \/>\n<meta property=\"og:url\" content=\"https:\/\/autravail.ca\/en\/product\/sarrau-de-travail-160\/\" \/>\n<meta property=\"og:site_name\" content=\"Le Magasin Industriel\" \/>\n<meta property=\"article:publisher\" content=\"https:\/\/www.facebook.com\/lemagasinindustriel\/?locale=fr_FR\" \/>\n<meta property=\"article:modified_time\" content=\"2026-03-09T16:26:16+00:00\" \/>\n<meta property=\"og:image\" content=\"https:\/\/autravail.ca\/wp-content\/uploads\/2025\/05\/160_NAY_A01.jpg\" \/>\n\t<meta property=\"og:image:width\" content=\"1000\" \/>\n\t<meta property=\"og:image:height\" content=\"1000\" \/>\n\t<meta property=\"og:image:type\" content=\"image\/jpeg\" \/>\n<meta name=\"twitter:card\" content=\"summary_large_image\" \/>\n<meta name=\"twitter:label1\" content=\"Est. reading time\" \/>\n\t<meta name=\"twitter:data1\" content=\"2 minutes\" \/>\n<script type=\"application\/ld+json\" class=\"yoast-schema-graph\">{\"@context\":\"https:\/\/schema.org\",\"@graph\":[{\"@type\":\"WebPage\",\"@id\":\"https:\/\/autravail.ca\/product\/sarrau-de-travail-160\/\",\"url\":\"https:\/\/autravail.ca\/product\/sarrau-de-travail-160\/\",\"name\":\"Sarrau de travail - 160 - Le Magasin Industriel\",\"isPartOf\":{\"@id\":\"https:\/\/autravail.ca\/#website\"},\"primaryImageOfPage\":{\"@id\":\"https:\/\/autravail.ca\/product\/sarrau-de-travail-160\/#primaryimage\"},\"image\":{\"@id\":\"https:\/\/autravail.ca\/product\/sarrau-de-travail-160\/#primaryimage\"},\"thumbnailUrl\":\"https:\/\/autravail.ca\/wp-content\/uploads\/2025\/05\/160_NAY_A01.jpg\",\"datePublished\":\"2025-05-08T06:05:35+00:00\",\"dateModified\":\"2026-03-09T16:26:16+00:00\",\"description\":\"Sarrau de travail - 160 ou blouse de laboratoire industrielle 100 % coton, con\u00e7ue pour les travaux intensifs, fermeture \u00e0 pression sur le devant\",\"breadcrumb\":{\"@id\":\"https:\/\/autravail.ca\/product\/sarrau-de-travail-160\/#breadcrumb\"},\"inLanguage\":\"en-CA\",\"potentialAction\":[{\"@type\":\"ReadAction\",\"target\":[\"https:\/\/autravail.ca\/product\/sarrau-de-travail-160\/\"]}]},{\"@type\":\"ImageObject\",\"inLanguage\":\"en-CA\",\"@id\":\"https:\/\/autravail.ca\/product\/sarrau-de-travail-160\/#primaryimage\",\"url\":\"https:\/\/autravail.ca\/wp-content\/uploads\/2025\/05\/160_NAY_A01.jpg\",\"contentUrl\":\"https:\/\/autravail.ca\/wp-content\/uploads\/2025\/05\/160_NAY_A01.jpg\",\"width\":1000,\"height\":1000,\"caption\":\"Sarrau de travail - 160\"},{\"@type\":\"BreadcrumbList\",\"@id\":\"https:\/\/autravail.ca\/product\/sarrau-de-travail-160\/#breadcrumb\",\"itemListElement\":[{\"@type\":\"ListItem\",\"position\":1,\"name\":\"Accueil\",\"item\":\"https:\/\/autravail.ca\/\"},{\"@type\":\"ListItem\",\"position\":2,\"name\":\"Magasin\",\"item\":\"https:\/\/autravail.ca\/en\/shop\/\"},{\"@type\":\"ListItem\",\"position\":3,\"name\":\"Sarrau de travail &#8211; 160\"}]},{\"@type\":\"WebSite\",\"@id\":\"https:\/\/autravail.ca\/#website\",\"url\":\"https:\/\/autravail.ca\/\",\"name\":\"Le Magasin Industriel\",\"description\":\"50 ans de tradition de s\u00e9curit\u00e9 au travail\",\"publisher\":{\"@id\":\"https:\/\/autravail.ca\/#organization\"},\"potentialAction\":[{\"@type\":\"SearchAction\",\"target\":{\"@type\":\"EntryPoint\",\"urlTemplate\":\"https:\/\/autravail.ca\/?s={search_term_string}\"},\"query-input\":{\"@type\":\"PropertyValueSpecification\",\"valueRequired\":true,\"valueName\":\"search_term_string\"}}],\"inLanguage\":\"en-CA\"},{\"@type\":\"Organization\",\"@id\":\"https:\/\/autravail.ca\/#organization\",\"name\":\"Le Magasin Industriel\",\"url\":\"https:\/\/autravail.ca\/\",\"logo\":{\"@type\":\"ImageObject\",\"inLanguage\":\"en-CA\",\"@id\":\"https:\/\/autravail.ca\/#\/schema\/logo\/image\/\",\"url\":\"https:\/\/autravail.ca\/wp-content\/uploads\/2025\/05\/cropped-magasin_industriel_120x.avif\",\"contentUrl\":\"https:\/\/autravail.ca\/wp-content\/uploads\/2025\/05\/cropped-magasin_industriel_120x.avif\",\"width\":120,\"height\":24,\"caption\":\"Le Magasin Industriel\"},\"image\":{\"@id\":\"https:\/\/autravail.ca\/#\/schema\/logo\/image\/\"},\"sameAs\":[\"https:\/\/www.facebook.com\/lemagasinindustriel\/?locale=fr_FR\"]}]}<\/script>\n<!-- \/ Yoast SEO plugin. -->","yoast_head_json":{"title":"Sarrau de travail - 160 - Le Magasin Industriel","description":"Sarrau de travail - 160 ou blouse de laboratoire industrielle 100 % coton, con\u00e7ue pour les travaux intensifs, fermeture \u00e0 pression sur le devant","robots":{"index":"index","follow":"follow","max-snippet":"max-snippet:-1","max-image-preview":"max-image-preview:large","max-video-preview":"max-video-preview:-1"},"canonical":"https:\/\/autravail.ca\/en\/product\/sarrau-de-travail-160\/","og_locale":"en_US","og_type":"article","og_title":"Sarrau de travail - 160 - Le Magasin Industriel","og_description":"Sarrau de travail - 160 ou blouse de laboratoire industrielle 100 % coton, con\u00e7ue pour les travaux intensifs, fermeture \u00e0 pression sur le devant","og_url":"https:\/\/autravail.ca\/en\/product\/sarrau-de-travail-160\/","og_site_name":"Le Magasin Industriel","article_publisher":"https:\/\/www.facebook.com\/lemagasinindustriel\/?locale=fr_FR","article_modified_time":"2026-03-09T16:26:16+00:00","og_image":[{"width":1000,"height":1000,"url":"https:\/\/autravail.ca\/wp-content\/uploads\/2025\/05\/160_NAY_A01.jpg","type":"image\/jpeg"}],"twitter_card":"summary_large_image","twitter_misc":{"Est. reading time":"2 minutes"},"schema":{"@context":"https:\/\/schema.org","@graph":[{"@type":"WebPage","@id":"https:\/\/autravail.ca\/product\/sarrau-de-travail-160\/","url":"https:\/\/autravail.ca\/product\/sarrau-de-travail-160\/","name":"Sarrau de travail - 160 - Le Magasin Industriel","isPartOf":{"@id":"https:\/\/autravail.ca\/#website"},"primaryImageOfPage":{"@id":"https:\/\/autravail.ca\/product\/sarrau-de-travail-160\/#primaryimage"},"image":{"@id":"https:\/\/autravail.ca\/product\/sarrau-de-travail-160\/#primaryimage"},"thumbnailUrl":"https:\/\/autravail.ca\/wp-content\/uploads\/2025\/05\/160_NAY_A01.jpg","datePublished":"2025-05-08T06:05:35+00:00","dateModified":"2026-03-09T16:26:16+00:00","description":"Sarrau de travail - 160 ou blouse de laboratoire industrielle 100 % coton, con\u00e7ue pour les travaux intensifs, fermeture \u00e0 pression sur le devant","breadcrumb":{"@id":"https:\/\/autravail.ca\/product\/sarrau-de-travail-160\/#breadcrumb"},"inLanguage":"en-CA","potentialAction":[{"@type":"ReadAction","target":["https:\/\/autravail.ca\/product\/sarrau-de-travail-160\/"]}]},{"@type":"ImageObject","inLanguage":"en-CA","@id":"https:\/\/autravail.ca\/product\/sarrau-de-travail-160\/#primaryimage","url":"https:\/\/autravail.ca\/wp-content\/uploads\/2025\/05\/160_NAY_A01.jpg","contentUrl":"https:\/\/autravail.ca\/wp-content\/uploads\/2025\/05\/160_NAY_A01.jpg","width":1000,"height":1000,"caption":"Sarrau de travail - 160"},{"@type":"BreadcrumbList","@id":"https:\/\/autravail.ca\/product\/sarrau-de-travail-160\/#breadcrumb","itemListElement":[{"@type":"ListItem","position":1,"name":"Accueil","item":"https:\/\/autravail.ca\/"},{"@type":"ListItem","position":2,"name":"Magasin","item":"https:\/\/autravail.ca\/en\/shop\/"},{"@type":"ListItem","position":3,"name":"Sarrau de travail &#8211; 160"}]},{"@type":"WebSite","@id":"https:\/\/autravail.ca\/#website","url":"https:\/\/autravail.ca\/","name":"Le Magasin Industriel","description":"50 ans de tradition de s\u00e9curit\u00e9 au travail","publisher":{"@id":"https:\/\/autravail.ca\/#organization"},"potentialAction":[{"@type":"SearchAction","target":{"@type":"EntryPoint","urlTemplate":"https:\/\/autravail.ca\/?s={search_term_string}"},"query-input":{"@type":"PropertyValueSpecification","valueRequired":true,"valueName":"search_term_string"}}],"inLanguage":"en-CA"},{"@type":"Organization","@id":"https:\/\/autravail.ca\/#organization","name":"Le Magasin Industriel","url":"https:\/\/autravail.ca\/","logo":{"@type":"ImageObject","inLanguage":"en-CA","@id":"https:\/\/autravail.ca\/#\/schema\/logo\/image\/","url":"https:\/\/autravail.ca\/wp-content\/uploads\/2025\/05\/cropped-magasin_industriel_120x.avif","contentUrl":"https:\/\/autravail.ca\/wp-content\/uploads\/2025\/05\/cropped-magasin_industriel_120x.avif","width":120,"height":24,"caption":"Le Magasin Industriel"},"image":{"@id":"https:\/\/autravail.ca\/#\/schema\/logo\/image\/"},"sameAs":["https:\/\/www.facebook.com\/lemagasinindustriel\/?locale=fr_FR"]}]}},"jetpack_sharing_enabled":true,"_links":{"self":[{"href":"https:\/\/autravail.ca\/en\/wp-json\/wp\/v2\/product\/24009","targetHints":{"allow":["GET"]}}],"collection":[{"href":"https:\/\/autravail.ca\/en\/wp-json\/wp\/v2\/product"}],"about":[{"href":"https:\/\/autravail.ca\/en\/wp-json\/wp\/v2\/types\/product"}],"replies":[{"embeddable":true,"href":"https:\/\/autravail.ca\/en\/wp-json\/wp\/v2\/comments?post=24009"}],"wp:featuredmedia":[{"embeddable":true,"href":"https:\/\/autravail.ca\/en\/wp-json\/wp\/v2\/media\/6187"}],"wp:attachment":[{"href":"https:\/\/autravail.ca\/en\/wp-json\/wp\/v2\/media?parent=24009"}],"wp:term":[{"taxonomy":"product_cat","embeddable":true,"href":"https:\/\/autravail.ca\/en\/wp-json\/wp\/v2\/product_cat?post=24009"},{"taxonomy":"product_tag","embeddable":true,"href":"https:\/\/autravail.ca\/en\/wp-json\/wp\/v2\/product_tag?post=24009"}],"curies":[{"name":"wp","href":"https:\/\/api.w.org\/{rel}","templated":true}]}}