{"id":23980,"date":"2025-05-08T06:05:20","date_gmt":"2025-05-08T06:05:20","guid":{"rendered":"https:\/\/meteoquebec.ca\/?post_type=product&#038;p=23980"},"modified":"2026-03-14T11:46:43","modified_gmt":"2026-03-14T15:46:43","slug":"chemise-de-travail-147","status":"publish","type":"product","link":"https:\/\/autravail.ca\/en\/product\/chemise-de-travail-147\/","title":{"rendered":"Chemise de travail &#8211; 147"},"content":{"rendered":"<h3>Chemise de travail &#8211; 147<\/h3>\n<p>Chemise de travail &#8211; 147\u00a0de <a href=\"https:\/\/autravail.ca\/en\/product-brand\/big-bill\/\">Big Bill<\/a> \u00e0 manches longues et boutons de qualit\u00e9 sup\u00e9rieure est con\u00e7ue pour durer et offrir un confort optimal au travail. Fabriqu\u00e9e au Canada \u00e0 partir d&rsquo;un m\u00e9lange robuste de polyester et de coton, elle offre une coupe respirante qui vous assure un confort durable m\u00eame lors des journ\u00e9es de travail les plus exigeantes. Dot\u00e9e de fermetures \u00e0 boutons s\u00e9curis\u00e9es, de coutures renforc\u00e9es et de deux poches poitrine avec compartiments pour stylos, cette chemise allie fonctionnalit\u00e9 et fiabilit\u00e9. Con\u00e7ue pour accompagner vos mouvements, elle combine performance durable et style classique de v\u00eatement de travail, aussi bien sur le chantier qu&rsquo;en dehors.<\/p>\n<h6>Characteristics:<\/h6>\n<ul>\n<li><span dir=\"auto\">Entretien facile et s\u00e9chage rapide<\/span><\/li>\n<li><span dir=\"auto\">Col montant avec baleines<\/span><\/li>\n<li><span dir=\"auto\">Patte de boutonnage sur le devant<\/span><\/li>\n<li><span dir=\"auto\">Deux poches poitrine avant \u00e0 rabat et fermeture boutonn\u00e9e<\/span><\/li>\n<li><span dir=\"auto\">Compartiment pour crayons dans les deux poches<\/span><\/li>\n<li>Sa coupe \u00e0 manches longues en fait un choix privil\u00e9gi\u00e9 pour la mobilit\u00e9 et le confort thermique en \u00e9t\u00e9<\/li>\n<li><span dir=\"auto\">joug dorsal<\/span><\/li>\n<li><span dir=\"auto\">Fil de polyester haute r\u00e9sistance<\/span><\/li>\n<li><span dir=\"auto\">Points d&rsquo;arr\u00eat renforc\u00e9s \u00e0 tous les points de tension<\/span><\/li>\n<li><span dir=\"auto\">Entretien : Lavage industriel et domestique<\/span><\/li>\n<li>Serg\u00e9 6 oz, 65 % polyester \/ 35 % coton<\/li>\n<li>Fabriqu\u00e9e fi\u00e8rement au Canada<\/li>\n<\/ul>\n<p><img decoding=\"async\" class=\"alignnone wp-image-40620\" src=\"https:\/\/autravail.ca\/wp-content\/uploads\/2025\/09\/Jachete-quebec-et-canada.jpg\" alt=\"Logo de l'achat local\" width=\"162\" height=\"139\" \/>Merci d&rsquo;encourager une entreprise 100% d&rsquo;ici!<\/p>\n<p>TS2603H<\/p>","protected":false},"excerpt":{"rendered":"<p>Chemise de travail &#8211; 147 Chemise de travail &#8211; 147\u00a0de Big Bill \u00e0 manches longues et boutons de qualit\u00e9 sup\u00e9rieure est con\u00e7ue pour durer et offrir un confort optimal au travail. Fabriqu\u00e9e au Canada \u00e0 partir d&rsquo;un m\u00e9lange robuste de polyester et de coton, elle offre une coupe respirante qui vous assure un confort durable [&hellip;]<\/p>","protected":false},"featured_media":45109,"comment_status":"open","ping_status":"closed","template":"","meta":[],"product_cat":[599,606,602,604],"product_tag":[247,242],"class_list":{"0":"post-23980","1":"product","2":"type-product","3":"status-publish","4":"has-post-thumbnail","6":"product_brand-big-bill","7":"product_cat-apparel-accessories","8":"product_cat-chemises","9":"product_cat-hommes","10":"product_cat-vetements-de-travail","11":"product_tag-chemises","12":"product_tag-homme","14":"first","15":"instock","16":"taxable","17":"shipping-taxable","18":"purchasable","19":"product-type-variable"},"yoast_head":"<!-- This site is optimized with the Yoast SEO plugin v25.3.1 - https:\/\/yoast.com\/wordpress\/plugins\/seo\/ -->\n<title>Chemise de travail - 147 - Le Magasin Industriel<\/title>\n<meta name=\"description\" content=\"Chemise de travail - 147 premium \u00e0 manches longues et boutons de qualit\u00e9 sup\u00e9rieure, fabriqu\u00e9e au Canada, polyester et coton\" \/>\n<meta name=\"robots\" content=\"index, follow, max-snippet:-1, max-image-preview:large, max-video-preview:-1\" \/>\n<link rel=\"canonical\" href=\"https:\/\/autravail.ca\/en\/product\/chemise-de-travail-147\/\" \/>\n<meta property=\"og:locale\" content=\"en_US\" \/>\n<meta property=\"og:type\" content=\"article\" \/>\n<meta property=\"og:title\" content=\"Chemise de travail - 147 - Le Magasin Industriel\" \/>\n<meta property=\"og:description\" content=\"Chemise de travail - 147 premium \u00e0 manches longues et boutons de qualit\u00e9 sup\u00e9rieure, fabriqu\u00e9e au Canada, polyester et coton\" \/>\n<meta property=\"og:url\" content=\"https:\/\/autravail.ca\/en\/product\/chemise-de-travail-147\/\" \/>\n<meta property=\"og:site_name\" content=\"Le Magasin Industriel\" \/>\n<meta property=\"article:publisher\" content=\"https:\/\/www.facebook.com\/lemagasinindustriel\/?locale=fr_FR\" \/>\n<meta property=\"article:modified_time\" content=\"2026-03-14T15:46:43+00:00\" \/>\n<meta property=\"og:image\" content=\"https:\/\/autravail.ca\/wp-content\/uploads\/2025\/05\/147_BLK_A01-1.jpg\" \/>\n\t<meta property=\"og:image:width\" content=\"1000\" \/>\n\t<meta property=\"og:image:height\" content=\"1000\" \/>\n\t<meta property=\"og:image:type\" content=\"image\/jpeg\" \/>\n<meta name=\"twitter:card\" content=\"summary_large_image\" \/>\n<meta name=\"twitter:label1\" content=\"Est. reading time\" \/>\n\t<meta name=\"twitter:data1\" content=\"2 minutes\" \/>\n<script type=\"application\/ld+json\" class=\"yoast-schema-graph\">{\"@context\":\"https:\/\/schema.org\",\"@graph\":[{\"@type\":\"WebPage\",\"@id\":\"https:\/\/autravail.ca\/product\/chemise-de-travail-147\/\",\"url\":\"https:\/\/autravail.ca\/product\/chemise-de-travail-147\/\",\"name\":\"Chemise de travail - 147 - Le Magasin Industriel\",\"isPartOf\":{\"@id\":\"https:\/\/autravail.ca\/#website\"},\"primaryImageOfPage\":{\"@id\":\"https:\/\/autravail.ca\/product\/chemise-de-travail-147\/#primaryimage\"},\"image\":{\"@id\":\"https:\/\/autravail.ca\/product\/chemise-de-travail-147\/#primaryimage\"},\"thumbnailUrl\":\"https:\/\/autravail.ca\/wp-content\/uploads\/2025\/05\/147_BLK_A01-1.jpg\",\"datePublished\":\"2025-05-08T06:05:20+00:00\",\"dateModified\":\"2026-03-14T15:46:43+00:00\",\"description\":\"Chemise de travail - 147 premium \u00e0 manches longues et boutons de qualit\u00e9 sup\u00e9rieure, fabriqu\u00e9e au Canada, polyester et coton\",\"breadcrumb\":{\"@id\":\"https:\/\/autravail.ca\/product\/chemise-de-travail-147\/#breadcrumb\"},\"inLanguage\":\"en-CA\",\"potentialAction\":[{\"@type\":\"ReadAction\",\"target\":[\"https:\/\/autravail.ca\/product\/chemise-de-travail-147\/\"]}]},{\"@type\":\"ImageObject\",\"inLanguage\":\"en-CA\",\"@id\":\"https:\/\/autravail.ca\/product\/chemise-de-travail-147\/#primaryimage\",\"url\":\"https:\/\/autravail.ca\/wp-content\/uploads\/2025\/05\/147_BLK_A01-1.jpg\",\"contentUrl\":\"https:\/\/autravail.ca\/wp-content\/uploads\/2025\/05\/147_BLK_A01-1.jpg\",\"width\":1000,\"height\":1000,\"caption\":\"Chemise de travail - 147\"},{\"@type\":\"BreadcrumbList\",\"@id\":\"https:\/\/autravail.ca\/product\/chemise-de-travail-147\/#breadcrumb\",\"itemListElement\":[{\"@type\":\"ListItem\",\"position\":1,\"name\":\"Accueil\",\"item\":\"https:\/\/autravail.ca\/\"},{\"@type\":\"ListItem\",\"position\":2,\"name\":\"Magasin\",\"item\":\"https:\/\/autravail.ca\/en\/shop\/\"},{\"@type\":\"ListItem\",\"position\":3,\"name\":\"Chemise de travail &#8211; 147\"}]},{\"@type\":\"WebSite\",\"@id\":\"https:\/\/autravail.ca\/#website\",\"url\":\"https:\/\/autravail.ca\/\",\"name\":\"Le Magasin Industriel\",\"description\":\"50 ans de tradition de s\u00e9curit\u00e9 au travail\",\"publisher\":{\"@id\":\"https:\/\/autravail.ca\/#organization\"},\"potentialAction\":[{\"@type\":\"SearchAction\",\"target\":{\"@type\":\"EntryPoint\",\"urlTemplate\":\"https:\/\/autravail.ca\/?s={search_term_string}\"},\"query-input\":{\"@type\":\"PropertyValueSpecification\",\"valueRequired\":true,\"valueName\":\"search_term_string\"}}],\"inLanguage\":\"en-CA\"},{\"@type\":\"Organization\",\"@id\":\"https:\/\/autravail.ca\/#organization\",\"name\":\"Le Magasin Industriel\",\"url\":\"https:\/\/autravail.ca\/\",\"logo\":{\"@type\":\"ImageObject\",\"inLanguage\":\"en-CA\",\"@id\":\"https:\/\/autravail.ca\/#\/schema\/logo\/image\/\",\"url\":\"https:\/\/autravail.ca\/wp-content\/uploads\/2025\/05\/cropped-magasin_industriel_120x.avif\",\"contentUrl\":\"https:\/\/autravail.ca\/wp-content\/uploads\/2025\/05\/cropped-magasin_industriel_120x.avif\",\"width\":120,\"height\":24,\"caption\":\"Le Magasin Industriel\"},\"image\":{\"@id\":\"https:\/\/autravail.ca\/#\/schema\/logo\/image\/\"},\"sameAs\":[\"https:\/\/www.facebook.com\/lemagasinindustriel\/?locale=fr_FR\"]}]}<\/script>\n<!-- \/ Yoast SEO plugin. -->","yoast_head_json":{"title":"Chemise de travail - 147 - Le Magasin Industriel","description":"Chemise de travail - 147 premium \u00e0 manches longues et boutons de qualit\u00e9 sup\u00e9rieure, fabriqu\u00e9e au Canada, polyester et coton","robots":{"index":"index","follow":"follow","max-snippet":"max-snippet:-1","max-image-preview":"max-image-preview:large","max-video-preview":"max-video-preview:-1"},"canonical":"https:\/\/autravail.ca\/en\/product\/chemise-de-travail-147\/","og_locale":"en_US","og_type":"article","og_title":"Chemise de travail - 147 - Le Magasin Industriel","og_description":"Chemise de travail - 147 premium \u00e0 manches longues et boutons de qualit\u00e9 sup\u00e9rieure, fabriqu\u00e9e au Canada, polyester et coton","og_url":"https:\/\/autravail.ca\/en\/product\/chemise-de-travail-147\/","og_site_name":"Le Magasin Industriel","article_publisher":"https:\/\/www.facebook.com\/lemagasinindustriel\/?locale=fr_FR","article_modified_time":"2026-03-14T15:46:43+00:00","og_image":[{"width":1000,"height":1000,"url":"https:\/\/autravail.ca\/wp-content\/uploads\/2025\/05\/147_BLK_A01-1.jpg","type":"image\/jpeg"}],"twitter_card":"summary_large_image","twitter_misc":{"Est. reading time":"2 minutes"},"schema":{"@context":"https:\/\/schema.org","@graph":[{"@type":"WebPage","@id":"https:\/\/autravail.ca\/product\/chemise-de-travail-147\/","url":"https:\/\/autravail.ca\/product\/chemise-de-travail-147\/","name":"Chemise de travail - 147 - Le Magasin Industriel","isPartOf":{"@id":"https:\/\/autravail.ca\/#website"},"primaryImageOfPage":{"@id":"https:\/\/autravail.ca\/product\/chemise-de-travail-147\/#primaryimage"},"image":{"@id":"https:\/\/autravail.ca\/product\/chemise-de-travail-147\/#primaryimage"},"thumbnailUrl":"https:\/\/autravail.ca\/wp-content\/uploads\/2025\/05\/147_BLK_A01-1.jpg","datePublished":"2025-05-08T06:05:20+00:00","dateModified":"2026-03-14T15:46:43+00:00","description":"Chemise de travail - 147 premium \u00e0 manches longues et boutons de qualit\u00e9 sup\u00e9rieure, fabriqu\u00e9e au Canada, polyester et coton","breadcrumb":{"@id":"https:\/\/autravail.ca\/product\/chemise-de-travail-147\/#breadcrumb"},"inLanguage":"en-CA","potentialAction":[{"@type":"ReadAction","target":["https:\/\/autravail.ca\/product\/chemise-de-travail-147\/"]}]},{"@type":"ImageObject","inLanguage":"en-CA","@id":"https:\/\/autravail.ca\/product\/chemise-de-travail-147\/#primaryimage","url":"https:\/\/autravail.ca\/wp-content\/uploads\/2025\/05\/147_BLK_A01-1.jpg","contentUrl":"https:\/\/autravail.ca\/wp-content\/uploads\/2025\/05\/147_BLK_A01-1.jpg","width":1000,"height":1000,"caption":"Chemise de travail - 147"},{"@type":"BreadcrumbList","@id":"https:\/\/autravail.ca\/product\/chemise-de-travail-147\/#breadcrumb","itemListElement":[{"@type":"ListItem","position":1,"name":"Accueil","item":"https:\/\/autravail.ca\/"},{"@type":"ListItem","position":2,"name":"Magasin","item":"https:\/\/autravail.ca\/en\/shop\/"},{"@type":"ListItem","position":3,"name":"Chemise de travail &#8211; 147"}]},{"@type":"WebSite","@id":"https:\/\/autravail.ca\/#website","url":"https:\/\/autravail.ca\/","name":"Le Magasin Industriel","description":"50 ans de tradition de s\u00e9curit\u00e9 au travail","publisher":{"@id":"https:\/\/autravail.ca\/#organization"},"potentialAction":[{"@type":"SearchAction","target":{"@type":"EntryPoint","urlTemplate":"https:\/\/autravail.ca\/?s={search_term_string}"},"query-input":{"@type":"PropertyValueSpecification","valueRequired":true,"valueName":"search_term_string"}}],"inLanguage":"en-CA"},{"@type":"Organization","@id":"https:\/\/autravail.ca\/#organization","name":"Le Magasin Industriel","url":"https:\/\/autravail.ca\/","logo":{"@type":"ImageObject","inLanguage":"en-CA","@id":"https:\/\/autravail.ca\/#\/schema\/logo\/image\/","url":"https:\/\/autravail.ca\/wp-content\/uploads\/2025\/05\/cropped-magasin_industriel_120x.avif","contentUrl":"https:\/\/autravail.ca\/wp-content\/uploads\/2025\/05\/cropped-magasin_industriel_120x.avif","width":120,"height":24,"caption":"Le Magasin Industriel"},"image":{"@id":"https:\/\/autravail.ca\/#\/schema\/logo\/image\/"},"sameAs":["https:\/\/www.facebook.com\/lemagasinindustriel\/?locale=fr_FR"]}]}},"jetpack_sharing_enabled":true,"_links":{"self":[{"href":"https:\/\/autravail.ca\/en\/wp-json\/wp\/v2\/product\/23980","targetHints":{"allow":["GET"]}}],"collection":[{"href":"https:\/\/autravail.ca\/en\/wp-json\/wp\/v2\/product"}],"about":[{"href":"https:\/\/autravail.ca\/en\/wp-json\/wp\/v2\/types\/product"}],"replies":[{"embeddable":true,"href":"https:\/\/autravail.ca\/en\/wp-json\/wp\/v2\/comments?post=23980"}],"wp:featuredmedia":[{"embeddable":true,"href":"https:\/\/autravail.ca\/en\/wp-json\/wp\/v2\/media\/45109"}],"wp:attachment":[{"href":"https:\/\/autravail.ca\/en\/wp-json\/wp\/v2\/media?parent=23980"}],"wp:term":[{"taxonomy":"product_cat","embeddable":true,"href":"https:\/\/autravail.ca\/en\/wp-json\/wp\/v2\/product_cat?post=23980"},{"taxonomy":"product_tag","embeddable":true,"href":"https:\/\/autravail.ca\/en\/wp-json\/wp\/v2\/product_tag?post=23980"}],"curies":[{"name":"wp","href":"https:\/\/api.w.org\/{rel}","templated":true}]}}