{"id":23919,"date":"2025-05-08T06:04:59","date_gmt":"2025-05-08T06:04:59","guid":{"rendered":"https:\/\/meteoquebec.ca\/?post_type=product&#038;p=23919"},"modified":"2026-03-14T11:56:11","modified_gmt":"2026-03-14T15:56:11","slug":"chemise-de-travail-flanelle-121-384","status":"publish","type":"product","link":"https:\/\/autravail.ca\/en\/product\/chemise-de-travail-flanelle-121-384\/","title":{"rendered":"Chemise de travail flanelle &#8211; 121-384"},"content":{"rendered":"<h3>Chemise de travail flanelle &#8211; 121-384<\/h3>\n<p>Chemise de travail flanelle &#8211; 121-384 de <a href=\"https:\/\/autravail.ca\/en\/product-brand\/big-bill\/\">Big Bil<\/a>l premium \u00e0 manches longues est con\u00e7ue pour allier durabilit\u00e9 et confort. Confectionn\u00e9e en flanelle Brawny robuste et de haute qualit\u00e9, elle est pens\u00e9e pour r\u00e9sister aux conditions les plus extr\u00eames tout en conservant son toucher exceptionnel. Son col \u00e0 revers lui conf\u00e8re structure et \u00e9l\u00e9gance, tandis que sa patte de boutonnage apporte une touche classique. Deux poches poitrine \u00e0 rabat et bouton vous offrent un rangement pratique et accessible. Les poignets boutonn\u00e9s assurent un ajustement parfait, tandis que l&#8217;empi\u00e8cement dos double et les points de tension renforc\u00e9s garantissent une solidit\u00e9 et une long\u00e9vit\u00e9 accrues. Fabriqu\u00e9e avec un fil haute r\u00e9sistance, cette chemise en flanelle est faite pour durer. Facile d&rsquo;entretien (lavage en machine), cette chemise en flanelle premium allie style intemporel, robustesse et durabilit\u00e9 in\u00e9gal\u00e9e pour vous accompagner dans toutes vos aventures quotidiennes.<\/p>\n<h6>Characteristics:<\/h6>\n<ul>\n<li><span dir=\"auto\">Flanelle Brawny de qualit\u00e9 sup\u00e9rieure, r\u00e9sistante et robuste<\/span><\/li>\n<li><span dir=\"auto\">Col avec entoilage<\/span><\/li>\n<li><span dir=\"auto\">Patte de boutonnage sur le devant<\/span><\/li>\n<li><span dir=\"auto\">Deux poches poitrine avant \u00e0 rabat et fermeture boutonn\u00e9e<\/span><\/li>\n<li><span dir=\"auto\">Poignets \u00e0 fermeture boutonn\u00e9e<\/span><\/li>\n<li><span dir=\"auto\">joug arri\u00e8re double<\/span><\/li>\n<li><span dir=\"auto\">Fil haute r\u00e9sistance<\/span><\/li>\n<li><span dir=\"auto\">Points d&rsquo;arr\u00eat renforc\u00e9s \u00e0 tous les points de tension<\/span><\/li>\n<li>Flanelle Brawny 8 oz, 100 % coton<\/li>\n<li>Lavage \u00e0 domicile<\/li>\n<\/ul>\n<p><img decoding=\"async\" class=\"alignnone wp-image-40620\" src=\"https:\/\/autravail.ca\/wp-content\/uploads\/2025\/09\/Jachete-quebec-et-canada.jpg\" alt=\"Logo de l'achat local\" width=\"162\" height=\"139\" \/>Merci d&rsquo;encourager une entreprise 100% d&rsquo;ici!<\/p>\n<p>TS26<span style=\"font-family: Georgia, Times New Roman, Bitstream Charter, Times, serif;\">03<\/span>H<\/p>","protected":false},"excerpt":{"rendered":"<p>Chemise de travail flanelle &#8211; 121-384 Chemise de travail flanelle &#8211; 121-384 de Big Bill premium \u00e0 manches longues est con\u00e7ue pour allier durabilit\u00e9 et confort. Confectionn\u00e9e en flanelle Brawny robuste et de haute qualit\u00e9, elle est pens\u00e9e pour r\u00e9sister aux conditions les plus extr\u00eames tout en conservant son toucher exceptionnel. Son col \u00e0 revers [&hellip;]<\/p>","protected":false},"featured_media":6086,"comment_status":"open","ping_status":"closed","template":"","meta":[],"product_cat":[599,606,602,604],"product_tag":[247,242],"class_list":{"0":"post-23919","1":"product","2":"type-product","3":"status-publish","4":"has-post-thumbnail","6":"product_brand-big-bill","7":"product_cat-apparel-accessories","8":"product_cat-chemises","9":"product_cat-hommes","10":"product_cat-vetements-de-travail","11":"product_tag-chemises","12":"product_tag-homme","14":"first","15":"instock","16":"taxable","17":"shipping-taxable","18":"purchasable","19":"product-type-variable"},"yoast_head":"<!-- This site is optimized with the Yoast SEO plugin v25.3.1 - https:\/\/yoast.com\/wordpress\/plugins\/seo\/ -->\n<title>Chemise de travail flanelle - 121-384 - Le Magasin Industriel<\/title>\n<meta name=\"description\" content=\"Chemise de travail flanelle - 121-384 chemise de travail robuste en flanelle, con\u00e7ue pour offrir \u00e0 la fois confort et durabilit\u00e9\" \/>\n<meta name=\"robots\" content=\"index, follow, max-snippet:-1, max-image-preview:large, max-video-preview:-1\" \/>\n<link rel=\"canonical\" href=\"https:\/\/autravail.ca\/en\/product\/chemise-de-travail-flanelle-121-384\/\" \/>\n<meta property=\"og:locale\" content=\"en_US\" \/>\n<meta property=\"og:type\" content=\"article\" \/>\n<meta property=\"og:title\" content=\"Chemise de travail flanelle - 121-384 - Le Magasin Industriel\" \/>\n<meta property=\"og:description\" content=\"Chemise de travail flanelle - 121-384 chemise de travail robuste en flanelle, con\u00e7ue pour offrir \u00e0 la fois confort et durabilit\u00e9\" \/>\n<meta property=\"og:url\" content=\"https:\/\/autravail.ca\/en\/product\/chemise-de-travail-flanelle-121-384\/\" \/>\n<meta property=\"og:site_name\" content=\"Le Magasin Industriel\" \/>\n<meta property=\"article:publisher\" content=\"https:\/\/www.facebook.com\/lemagasinindustriel\/?locale=fr_FR\" \/>\n<meta property=\"article:modified_time\" content=\"2026-03-14T15:56:11+00:00\" \/>\n<meta property=\"og:image\" content=\"https:\/\/autravail.ca\/wp-content\/uploads\/2025\/05\/121-384_A01.jpg\" \/>\n\t<meta property=\"og:image:width\" content=\"1000\" \/>\n\t<meta property=\"og:image:height\" content=\"1000\" \/>\n\t<meta property=\"og:image:type\" content=\"image\/jpeg\" \/>\n<meta name=\"twitter:card\" content=\"summary_large_image\" \/>\n<meta name=\"twitter:label1\" content=\"Est. reading time\" \/>\n\t<meta name=\"twitter:data1\" content=\"2 minutes\" \/>\n<script type=\"application\/ld+json\" class=\"yoast-schema-graph\">{\"@context\":\"https:\/\/schema.org\",\"@graph\":[{\"@type\":\"WebPage\",\"@id\":\"https:\/\/autravail.ca\/product\/chemise-de-travail-flanelle-121-384\/\",\"url\":\"https:\/\/autravail.ca\/product\/chemise-de-travail-flanelle-121-384\/\",\"name\":\"Chemise de travail flanelle - 121-384 - Le Magasin Industriel\",\"isPartOf\":{\"@id\":\"https:\/\/autravail.ca\/#website\"},\"primaryImageOfPage\":{\"@id\":\"https:\/\/autravail.ca\/product\/chemise-de-travail-flanelle-121-384\/#primaryimage\"},\"image\":{\"@id\":\"https:\/\/autravail.ca\/product\/chemise-de-travail-flanelle-121-384\/#primaryimage\"},\"thumbnailUrl\":\"https:\/\/autravail.ca\/wp-content\/uploads\/2025\/05\/121-384_A01.jpg\",\"datePublished\":\"2025-05-08T06:04:59+00:00\",\"dateModified\":\"2026-03-14T15:56:11+00:00\",\"description\":\"Chemise de travail flanelle - 121-384 chemise de travail robuste en flanelle, con\u00e7ue pour offrir \u00e0 la fois confort et durabilit\u00e9\",\"breadcrumb\":{\"@id\":\"https:\/\/autravail.ca\/product\/chemise-de-travail-flanelle-121-384\/#breadcrumb\"},\"inLanguage\":\"en-CA\",\"potentialAction\":[{\"@type\":\"ReadAction\",\"target\":[\"https:\/\/autravail.ca\/product\/chemise-de-travail-flanelle-121-384\/\"]}]},{\"@type\":\"ImageObject\",\"inLanguage\":\"en-CA\",\"@id\":\"https:\/\/autravail.ca\/product\/chemise-de-travail-flanelle-121-384\/#primaryimage\",\"url\":\"https:\/\/autravail.ca\/wp-content\/uploads\/2025\/05\/121-384_A01.jpg\",\"contentUrl\":\"https:\/\/autravail.ca\/wp-content\/uploads\/2025\/05\/121-384_A01.jpg\",\"width\":1000,\"height\":1000,\"caption\":\"Chemise de travail flanelle - 121-384\"},{\"@type\":\"BreadcrumbList\",\"@id\":\"https:\/\/autravail.ca\/product\/chemise-de-travail-flanelle-121-384\/#breadcrumb\",\"itemListElement\":[{\"@type\":\"ListItem\",\"position\":1,\"name\":\"Accueil\",\"item\":\"https:\/\/autravail.ca\/\"},{\"@type\":\"ListItem\",\"position\":2,\"name\":\"Magasin\",\"item\":\"https:\/\/autravail.ca\/en\/shop\/\"},{\"@type\":\"ListItem\",\"position\":3,\"name\":\"Chemise de travail flanelle &#8211; 121-384\"}]},{\"@type\":\"WebSite\",\"@id\":\"https:\/\/autravail.ca\/#website\",\"url\":\"https:\/\/autravail.ca\/\",\"name\":\"Le Magasin Industriel\",\"description\":\"50 ans de tradition de s\u00e9curit\u00e9 au travail\",\"publisher\":{\"@id\":\"https:\/\/autravail.ca\/#organization\"},\"potentialAction\":[{\"@type\":\"SearchAction\",\"target\":{\"@type\":\"EntryPoint\",\"urlTemplate\":\"https:\/\/autravail.ca\/?s={search_term_string}\"},\"query-input\":{\"@type\":\"PropertyValueSpecification\",\"valueRequired\":true,\"valueName\":\"search_term_string\"}}],\"inLanguage\":\"en-CA\"},{\"@type\":\"Organization\",\"@id\":\"https:\/\/autravail.ca\/#organization\",\"name\":\"Le Magasin Industriel\",\"url\":\"https:\/\/autravail.ca\/\",\"logo\":{\"@type\":\"ImageObject\",\"inLanguage\":\"en-CA\",\"@id\":\"https:\/\/autravail.ca\/#\/schema\/logo\/image\/\",\"url\":\"https:\/\/autravail.ca\/wp-content\/uploads\/2025\/05\/cropped-magasin_industriel_120x.avif\",\"contentUrl\":\"https:\/\/autravail.ca\/wp-content\/uploads\/2025\/05\/cropped-magasin_industriel_120x.avif\",\"width\":120,\"height\":24,\"caption\":\"Le Magasin Industriel\"},\"image\":{\"@id\":\"https:\/\/autravail.ca\/#\/schema\/logo\/image\/\"},\"sameAs\":[\"https:\/\/www.facebook.com\/lemagasinindustriel\/?locale=fr_FR\"]}]}<\/script>\n<!-- \/ Yoast SEO plugin. -->","yoast_head_json":{"title":"Chemise de travail flanelle - 121-384 - Le Magasin Industriel","description":"Chemise de travail flanelle - 121-384 chemise de travail robuste en flanelle, con\u00e7ue pour offrir \u00e0 la fois confort et durabilit\u00e9","robots":{"index":"index","follow":"follow","max-snippet":"max-snippet:-1","max-image-preview":"max-image-preview:large","max-video-preview":"max-video-preview:-1"},"canonical":"https:\/\/autravail.ca\/en\/product\/chemise-de-travail-flanelle-121-384\/","og_locale":"en_US","og_type":"article","og_title":"Chemise de travail flanelle - 121-384 - Le Magasin Industriel","og_description":"Chemise de travail flanelle - 121-384 chemise de travail robuste en flanelle, con\u00e7ue pour offrir \u00e0 la fois confort et durabilit\u00e9","og_url":"https:\/\/autravail.ca\/en\/product\/chemise-de-travail-flanelle-121-384\/","og_site_name":"Le Magasin Industriel","article_publisher":"https:\/\/www.facebook.com\/lemagasinindustriel\/?locale=fr_FR","article_modified_time":"2026-03-14T15:56:11+00:00","og_image":[{"width":1000,"height":1000,"url":"https:\/\/autravail.ca\/wp-content\/uploads\/2025\/05\/121-384_A01.jpg","type":"image\/jpeg"}],"twitter_card":"summary_large_image","twitter_misc":{"Est. reading time":"2 minutes"},"schema":{"@context":"https:\/\/schema.org","@graph":[{"@type":"WebPage","@id":"https:\/\/autravail.ca\/product\/chemise-de-travail-flanelle-121-384\/","url":"https:\/\/autravail.ca\/product\/chemise-de-travail-flanelle-121-384\/","name":"Chemise de travail flanelle - 121-384 - Le Magasin Industriel","isPartOf":{"@id":"https:\/\/autravail.ca\/#website"},"primaryImageOfPage":{"@id":"https:\/\/autravail.ca\/product\/chemise-de-travail-flanelle-121-384\/#primaryimage"},"image":{"@id":"https:\/\/autravail.ca\/product\/chemise-de-travail-flanelle-121-384\/#primaryimage"},"thumbnailUrl":"https:\/\/autravail.ca\/wp-content\/uploads\/2025\/05\/121-384_A01.jpg","datePublished":"2025-05-08T06:04:59+00:00","dateModified":"2026-03-14T15:56:11+00:00","description":"Chemise de travail flanelle - 121-384 chemise de travail robuste en flanelle, con\u00e7ue pour offrir \u00e0 la fois confort et durabilit\u00e9","breadcrumb":{"@id":"https:\/\/autravail.ca\/product\/chemise-de-travail-flanelle-121-384\/#breadcrumb"},"inLanguage":"en-CA","potentialAction":[{"@type":"ReadAction","target":["https:\/\/autravail.ca\/product\/chemise-de-travail-flanelle-121-384\/"]}]},{"@type":"ImageObject","inLanguage":"en-CA","@id":"https:\/\/autravail.ca\/product\/chemise-de-travail-flanelle-121-384\/#primaryimage","url":"https:\/\/autravail.ca\/wp-content\/uploads\/2025\/05\/121-384_A01.jpg","contentUrl":"https:\/\/autravail.ca\/wp-content\/uploads\/2025\/05\/121-384_A01.jpg","width":1000,"height":1000,"caption":"Chemise de travail flanelle - 121-384"},{"@type":"BreadcrumbList","@id":"https:\/\/autravail.ca\/product\/chemise-de-travail-flanelle-121-384\/#breadcrumb","itemListElement":[{"@type":"ListItem","position":1,"name":"Accueil","item":"https:\/\/autravail.ca\/"},{"@type":"ListItem","position":2,"name":"Magasin","item":"https:\/\/autravail.ca\/en\/shop\/"},{"@type":"ListItem","position":3,"name":"Chemise de travail flanelle &#8211; 121-384"}]},{"@type":"WebSite","@id":"https:\/\/autravail.ca\/#website","url":"https:\/\/autravail.ca\/","name":"Le Magasin Industriel","description":"50 ans de tradition de s\u00e9curit\u00e9 au travail","publisher":{"@id":"https:\/\/autravail.ca\/#organization"},"potentialAction":[{"@type":"SearchAction","target":{"@type":"EntryPoint","urlTemplate":"https:\/\/autravail.ca\/?s={search_term_string}"},"query-input":{"@type":"PropertyValueSpecification","valueRequired":true,"valueName":"search_term_string"}}],"inLanguage":"en-CA"},{"@type":"Organization","@id":"https:\/\/autravail.ca\/#organization","name":"Le Magasin Industriel","url":"https:\/\/autravail.ca\/","logo":{"@type":"ImageObject","inLanguage":"en-CA","@id":"https:\/\/autravail.ca\/#\/schema\/logo\/image\/","url":"https:\/\/autravail.ca\/wp-content\/uploads\/2025\/05\/cropped-magasin_industriel_120x.avif","contentUrl":"https:\/\/autravail.ca\/wp-content\/uploads\/2025\/05\/cropped-magasin_industriel_120x.avif","width":120,"height":24,"caption":"Le Magasin Industriel"},"image":{"@id":"https:\/\/autravail.ca\/#\/schema\/logo\/image\/"},"sameAs":["https:\/\/www.facebook.com\/lemagasinindustriel\/?locale=fr_FR"]}]}},"jetpack_sharing_enabled":true,"_links":{"self":[{"href":"https:\/\/autravail.ca\/en\/wp-json\/wp\/v2\/product\/23919","targetHints":{"allow":["GET"]}}],"collection":[{"href":"https:\/\/autravail.ca\/en\/wp-json\/wp\/v2\/product"}],"about":[{"href":"https:\/\/autravail.ca\/en\/wp-json\/wp\/v2\/types\/product"}],"replies":[{"embeddable":true,"href":"https:\/\/autravail.ca\/en\/wp-json\/wp\/v2\/comments?post=23919"}],"wp:featuredmedia":[{"embeddable":true,"href":"https:\/\/autravail.ca\/en\/wp-json\/wp\/v2\/media\/6086"}],"wp:attachment":[{"href":"https:\/\/autravail.ca\/en\/wp-json\/wp\/v2\/media?parent=23919"}],"wp:term":[{"taxonomy":"product_cat","embeddable":true,"href":"https:\/\/autravail.ca\/en\/wp-json\/wp\/v2\/product_cat?post=23919"},{"taxonomy":"product_tag","embeddable":true,"href":"https:\/\/autravail.ca\/en\/wp-json\/wp\/v2\/product_tag?post=23919"}],"curies":[{"name":"wp","href":"https:\/\/api.w.org\/{rel}","templated":true}]}}