{"id":23890,"date":"2025-05-08T06:04:53","date_gmt":"2025-05-08T06:04:53","guid":{"rendered":"https:\/\/meteoquebec.ca\/?post_type=product&#038;p=23890"},"modified":"2026-03-14T11:46:42","modified_gmt":"2026-03-14T15:46:42","slug":"salopette-de-travail-93","status":"publish","type":"product","link":"https:\/\/autravail.ca\/en\/product\/salopette-de-travail-93\/","title":{"rendered":"Salopette de travail &#8211; 93"},"content":{"rendered":"<h3>Salopette de travail &#8211; 93<\/h3>\n<p>Salopette de travail &#8211; 93 de <a href=\"https:\/\/autravail.ca\/en\/product-brand\/big-bill\/\">Big Bill<\/a>. Pi\u00e8ce intemporelle et essentielle du vestiaire professionnel, la salopette \u00e0 rayures hickory avec fermeture \u00e9clair allie style authentique et robustesse. Confectionn\u00e9e en coton \u00e0 rayures hickory 100 %, elle offre confort, respirabilit\u00e9 et une grande durabilit\u00e9. Dot\u00e9e de bretelles \u00e9lastiques r\u00e9glables pour un ajustement personnalis\u00e9, elle comprend une fermeture \u00e9clair en laiton \u00e0 double sens, des poches renforc\u00e9es, un passant pour marteau et une poche \u00e0 outils pour une utilisation quotidienne pratique. Les coutures doubles assurent une solidit\u00e9 accrue aux endroits strat\u00e9giques.<\/p>\n<h6>Characteristics:<\/h6>\n<ul>\n<li>Elle est \u00e9quip\u00e9e de\u00a0<strong class=\"Yjhzub\" data-sfc-cb=\"\" data-complete=\"true\">bretelles \u00e9lastiques<\/strong> munies de boucles d&rsquo;ajustement robustes pour un maintien personnalis\u00e9. Elle offre une coupe ample qui permet de bouger librement et de superposer des v\u00eatements selon la temp\u00e9rature.<\/li>\n<li>10 oz, 100 % coton<\/li>\n<li><span dir=\"auto\">Fermeture \u00e9clair frontale en laiton \u00e0 double sens<\/span><\/li>\n<li><span dir=\"auto\">Deux poches poitrine avant \u00e0 rabat et fermeture \u00e0 pression<\/span><\/li>\n<li><span dir=\"auto\">2 poches obliques \u00e0 la taille<\/span><\/li>\n<li><span dir=\"auto\">Ouvertures lat\u00e9rales \u00e0 la taille<\/span><\/li>\n<li><span dir=\"auto\">2 grandes poches arri\u00e8re \u00e0 double couture<\/span><\/li>\n<li><span dir=\"auto\">Boucle de marteau sur la jambe gauche<\/span><\/li>\n<li><span dir=\"auto\">Poche \u00e0 outils sur la jambe droite<\/span><\/li>\n<li><span dir=\"auto\">Entretien : Lavage \u00e0 domicile<\/span><\/li>\n<li>Ce mod\u00e8le est fi\u00e8rement\u00a0<strong class=\"Yjhzub\" data-sfc-cb=\"\" data-complete=\"true\">fabriqu\u00e9 au Canada<\/strong>, utilisant du fil de haute r\u00e9sistance pour une long\u00e9vit\u00e9 accrue.<\/li>\n<\/ul>\n<p>Sur commande seulement<\/p>\n<p><img decoding=\"async\" class=\"alignnone wp-image-40620\" src=\"https:\/\/autravail.ca\/wp-content\/uploads\/2025\/09\/Jachete-quebec-et-canada.jpg\" alt=\"Logo de l'achat local\" width=\"162\" height=\"139\" \/>Merci d&rsquo;encourager une entreprise 100% d&rsquo;ici!<\/p>\n<p>TS2603H<\/p>","protected":false},"excerpt":{"rendered":"<p>Salopette de travail &#8211; 93 Salopette de travail &#8211; 93 de Big Bill. Pi\u00e8ce intemporelle et essentielle du vestiaire professionnel, la salopette \u00e0 rayures hickory avec fermeture \u00e9clair allie style authentique et robustesse. Confectionn\u00e9e en coton \u00e0 rayures hickory 100 %, elle offre confort, respirabilit\u00e9 et une grande durabilit\u00e9. Dot\u00e9e de bretelles \u00e9lastiques r\u00e9glables pour [&hellip;]<\/p>","protected":false},"featured_media":6066,"comment_status":"open","ping_status":"closed","template":"","meta":[],"product_cat":[602,605,604],"product_tag":[241,242,243],"class_list":{"0":"post-23890","1":"product","2":"type-product","3":"status-publish","4":"has-post-thumbnail","6":"product_brand-big-bill","7":"product_cat-hommes","8":"product_cat-salopettes","9":"product_cat-vetements-de-travail","10":"product_tag-couvre-tout","11":"product_tag-homme","12":"product_tag-pantalons","14":"first","15":"instock","16":"taxable","17":"shipping-taxable","18":"purchasable","19":"product-type-variable"},"yoast_head":"<!-- This site is optimized with the Yoast SEO plugin v25.3.1 - https:\/\/yoast.com\/wordpress\/plugins\/seo\/ -->\n<title>Salopette de travail - 93 - Le Magasin Industriel<\/title>\n<meta name=\"description\" content=\"Salopette de travail - 93 \u00e0 rayures hickory avec fermeture \u00e9clair sur le devant. Pi\u00e8ce intemporelle et essentielle du vestiaire professionnel\" \/>\n<meta name=\"robots\" content=\"index, follow, max-snippet:-1, max-image-preview:large, max-video-preview:-1\" \/>\n<link rel=\"canonical\" href=\"https:\/\/autravail.ca\/en\/product\/salopette-de-travail-93\/\" \/>\n<meta property=\"og:locale\" content=\"en_US\" \/>\n<meta property=\"og:type\" content=\"article\" \/>\n<meta property=\"og:title\" content=\"Salopette de travail - 93 - Le Magasin Industriel\" \/>\n<meta property=\"og:description\" content=\"Salopette de travail - 93 \u00e0 rayures hickory avec fermeture \u00e9clair sur le devant. Pi\u00e8ce intemporelle et essentielle du vestiaire professionnel\" \/>\n<meta property=\"og:url\" content=\"https:\/\/autravail.ca\/en\/product\/salopette-de-travail-93\/\" \/>\n<meta property=\"og:site_name\" content=\"Le Magasin Industriel\" \/>\n<meta property=\"article:publisher\" content=\"https:\/\/www.facebook.com\/lemagasinindustriel\/?locale=fr_FR\" \/>\n<meta property=\"article:modified_time\" content=\"2026-03-14T15:46:42+00:00\" \/>\n<meta property=\"og:image\" content=\"https:\/\/autravail.ca\/wp-content\/uploads\/2025\/05\/93_A01.jpg\" \/>\n\t<meta property=\"og:image:width\" content=\"1000\" \/>\n\t<meta property=\"og:image:height\" content=\"1000\" \/>\n\t<meta property=\"og:image:type\" content=\"image\/jpeg\" \/>\n<meta name=\"twitter:card\" content=\"summary_large_image\" \/>\n<meta name=\"twitter:label1\" content=\"Est. reading time\" \/>\n\t<meta name=\"twitter:data1\" content=\"2 minutes\" \/>\n<script type=\"application\/ld+json\" class=\"yoast-schema-graph\">{\"@context\":\"https:\/\/schema.org\",\"@graph\":[{\"@type\":\"WebPage\",\"@id\":\"https:\/\/autravail.ca\/product\/salopette-de-travail-93\/\",\"url\":\"https:\/\/autravail.ca\/product\/salopette-de-travail-93\/\",\"name\":\"Salopette de travail - 93 - Le Magasin Industriel\",\"isPartOf\":{\"@id\":\"https:\/\/autravail.ca\/#website\"},\"primaryImageOfPage\":{\"@id\":\"https:\/\/autravail.ca\/product\/salopette-de-travail-93\/#primaryimage\"},\"image\":{\"@id\":\"https:\/\/autravail.ca\/product\/salopette-de-travail-93\/#primaryimage\"},\"thumbnailUrl\":\"https:\/\/autravail.ca\/wp-content\/uploads\/2025\/05\/93_A01.jpg\",\"datePublished\":\"2025-05-08T06:04:53+00:00\",\"dateModified\":\"2026-03-14T15:46:42+00:00\",\"description\":\"Salopette de travail - 93 \u00e0 rayures hickory avec fermeture \u00e9clair sur le devant. Pi\u00e8ce intemporelle et essentielle du vestiaire professionnel\",\"breadcrumb\":{\"@id\":\"https:\/\/autravail.ca\/product\/salopette-de-travail-93\/#breadcrumb\"},\"inLanguage\":\"en-CA\",\"potentialAction\":[{\"@type\":\"ReadAction\",\"target\":[\"https:\/\/autravail.ca\/product\/salopette-de-travail-93\/\"]}]},{\"@type\":\"ImageObject\",\"inLanguage\":\"en-CA\",\"@id\":\"https:\/\/autravail.ca\/product\/salopette-de-travail-93\/#primaryimage\",\"url\":\"https:\/\/autravail.ca\/wp-content\/uploads\/2025\/05\/93_A01.jpg\",\"contentUrl\":\"https:\/\/autravail.ca\/wp-content\/uploads\/2025\/05\/93_A01.jpg\",\"width\":1000,\"height\":1000,\"caption\":\"Salopette de travail - 93\"},{\"@type\":\"BreadcrumbList\",\"@id\":\"https:\/\/autravail.ca\/product\/salopette-de-travail-93\/#breadcrumb\",\"itemListElement\":[{\"@type\":\"ListItem\",\"position\":1,\"name\":\"Accueil\",\"item\":\"https:\/\/autravail.ca\/\"},{\"@type\":\"ListItem\",\"position\":2,\"name\":\"Magasin\",\"item\":\"https:\/\/autravail.ca\/en\/shop\/\"},{\"@type\":\"ListItem\",\"position\":3,\"name\":\"Salopette de travail &#8211; 93\"}]},{\"@type\":\"WebSite\",\"@id\":\"https:\/\/autravail.ca\/#website\",\"url\":\"https:\/\/autravail.ca\/\",\"name\":\"Le Magasin Industriel\",\"description\":\"50 ans de tradition de s\u00e9curit\u00e9 au travail\",\"publisher\":{\"@id\":\"https:\/\/autravail.ca\/#organization\"},\"potentialAction\":[{\"@type\":\"SearchAction\",\"target\":{\"@type\":\"EntryPoint\",\"urlTemplate\":\"https:\/\/autravail.ca\/?s={search_term_string}\"},\"query-input\":{\"@type\":\"PropertyValueSpecification\",\"valueRequired\":true,\"valueName\":\"search_term_string\"}}],\"inLanguage\":\"en-CA\"},{\"@type\":\"Organization\",\"@id\":\"https:\/\/autravail.ca\/#organization\",\"name\":\"Le Magasin Industriel\",\"url\":\"https:\/\/autravail.ca\/\",\"logo\":{\"@type\":\"ImageObject\",\"inLanguage\":\"en-CA\",\"@id\":\"https:\/\/autravail.ca\/#\/schema\/logo\/image\/\",\"url\":\"https:\/\/autravail.ca\/wp-content\/uploads\/2025\/05\/cropped-magasin_industriel_120x.avif\",\"contentUrl\":\"https:\/\/autravail.ca\/wp-content\/uploads\/2025\/05\/cropped-magasin_industriel_120x.avif\",\"width\":120,\"height\":24,\"caption\":\"Le Magasin Industriel\"},\"image\":{\"@id\":\"https:\/\/autravail.ca\/#\/schema\/logo\/image\/\"},\"sameAs\":[\"https:\/\/www.facebook.com\/lemagasinindustriel\/?locale=fr_FR\"]}]}<\/script>\n<!-- \/ Yoast SEO plugin. -->","yoast_head_json":{"title":"Salopette de travail - 93 - Le Magasin Industriel","description":"Salopette de travail - 93 \u00e0 rayures hickory avec fermeture \u00e9clair sur le devant. Pi\u00e8ce intemporelle et essentielle du vestiaire professionnel","robots":{"index":"index","follow":"follow","max-snippet":"max-snippet:-1","max-image-preview":"max-image-preview:large","max-video-preview":"max-video-preview:-1"},"canonical":"https:\/\/autravail.ca\/en\/product\/salopette-de-travail-93\/","og_locale":"en_US","og_type":"article","og_title":"Salopette de travail - 93 - Le Magasin Industriel","og_description":"Salopette de travail - 93 \u00e0 rayures hickory avec fermeture \u00e9clair sur le devant. Pi\u00e8ce intemporelle et essentielle du vestiaire professionnel","og_url":"https:\/\/autravail.ca\/en\/product\/salopette-de-travail-93\/","og_site_name":"Le Magasin Industriel","article_publisher":"https:\/\/www.facebook.com\/lemagasinindustriel\/?locale=fr_FR","article_modified_time":"2026-03-14T15:46:42+00:00","og_image":[{"width":1000,"height":1000,"url":"https:\/\/autravail.ca\/wp-content\/uploads\/2025\/05\/93_A01.jpg","type":"image\/jpeg"}],"twitter_card":"summary_large_image","twitter_misc":{"Est. reading time":"2 minutes"},"schema":{"@context":"https:\/\/schema.org","@graph":[{"@type":"WebPage","@id":"https:\/\/autravail.ca\/product\/salopette-de-travail-93\/","url":"https:\/\/autravail.ca\/product\/salopette-de-travail-93\/","name":"Salopette de travail - 93 - Le Magasin Industriel","isPartOf":{"@id":"https:\/\/autravail.ca\/#website"},"primaryImageOfPage":{"@id":"https:\/\/autravail.ca\/product\/salopette-de-travail-93\/#primaryimage"},"image":{"@id":"https:\/\/autravail.ca\/product\/salopette-de-travail-93\/#primaryimage"},"thumbnailUrl":"https:\/\/autravail.ca\/wp-content\/uploads\/2025\/05\/93_A01.jpg","datePublished":"2025-05-08T06:04:53+00:00","dateModified":"2026-03-14T15:46:42+00:00","description":"Salopette de travail - 93 \u00e0 rayures hickory avec fermeture \u00e9clair sur le devant. Pi\u00e8ce intemporelle et essentielle du vestiaire professionnel","breadcrumb":{"@id":"https:\/\/autravail.ca\/product\/salopette-de-travail-93\/#breadcrumb"},"inLanguage":"en-CA","potentialAction":[{"@type":"ReadAction","target":["https:\/\/autravail.ca\/product\/salopette-de-travail-93\/"]}]},{"@type":"ImageObject","inLanguage":"en-CA","@id":"https:\/\/autravail.ca\/product\/salopette-de-travail-93\/#primaryimage","url":"https:\/\/autravail.ca\/wp-content\/uploads\/2025\/05\/93_A01.jpg","contentUrl":"https:\/\/autravail.ca\/wp-content\/uploads\/2025\/05\/93_A01.jpg","width":1000,"height":1000,"caption":"Salopette de travail - 93"},{"@type":"BreadcrumbList","@id":"https:\/\/autravail.ca\/product\/salopette-de-travail-93\/#breadcrumb","itemListElement":[{"@type":"ListItem","position":1,"name":"Accueil","item":"https:\/\/autravail.ca\/"},{"@type":"ListItem","position":2,"name":"Magasin","item":"https:\/\/autravail.ca\/en\/shop\/"},{"@type":"ListItem","position":3,"name":"Salopette de travail &#8211; 93"}]},{"@type":"WebSite","@id":"https:\/\/autravail.ca\/#website","url":"https:\/\/autravail.ca\/","name":"Le Magasin Industriel","description":"50 ans de tradition de s\u00e9curit\u00e9 au travail","publisher":{"@id":"https:\/\/autravail.ca\/#organization"},"potentialAction":[{"@type":"SearchAction","target":{"@type":"EntryPoint","urlTemplate":"https:\/\/autravail.ca\/?s={search_term_string}"},"query-input":{"@type":"PropertyValueSpecification","valueRequired":true,"valueName":"search_term_string"}}],"inLanguage":"en-CA"},{"@type":"Organization","@id":"https:\/\/autravail.ca\/#organization","name":"Le Magasin Industriel","url":"https:\/\/autravail.ca\/","logo":{"@type":"ImageObject","inLanguage":"en-CA","@id":"https:\/\/autravail.ca\/#\/schema\/logo\/image\/","url":"https:\/\/autravail.ca\/wp-content\/uploads\/2025\/05\/cropped-magasin_industriel_120x.avif","contentUrl":"https:\/\/autravail.ca\/wp-content\/uploads\/2025\/05\/cropped-magasin_industriel_120x.avif","width":120,"height":24,"caption":"Le Magasin Industriel"},"image":{"@id":"https:\/\/autravail.ca\/#\/schema\/logo\/image\/"},"sameAs":["https:\/\/www.facebook.com\/lemagasinindustriel\/?locale=fr_FR"]}]}},"jetpack_sharing_enabled":true,"_links":{"self":[{"href":"https:\/\/autravail.ca\/en\/wp-json\/wp\/v2\/product\/23890","targetHints":{"allow":["GET"]}}],"collection":[{"href":"https:\/\/autravail.ca\/en\/wp-json\/wp\/v2\/product"}],"about":[{"href":"https:\/\/autravail.ca\/en\/wp-json\/wp\/v2\/types\/product"}],"replies":[{"embeddable":true,"href":"https:\/\/autravail.ca\/en\/wp-json\/wp\/v2\/comments?post=23890"}],"wp:featuredmedia":[{"embeddable":true,"href":"https:\/\/autravail.ca\/en\/wp-json\/wp\/v2\/media\/6066"}],"wp:attachment":[{"href":"https:\/\/autravail.ca\/en\/wp-json\/wp\/v2\/media?parent=23890"}],"wp:term":[{"taxonomy":"product_cat","embeddable":true,"href":"https:\/\/autravail.ca\/en\/wp-json\/wp\/v2\/product_cat?post=23890"},{"taxonomy":"product_tag","embeddable":true,"href":"https:\/\/autravail.ca\/en\/wp-json\/wp\/v2\/product_tag?post=23890"}],"curies":[{"name":"wp","href":"https:\/\/api.w.org\/{rel}","templated":true}]}}