{"id":4618,"date":"2024-02-21T06:40:24","date_gmt":"2024-02-21T06:40:24","guid":{"rendered":"https:\/\/demo2wpopal.b-cdn.net\/axetor\/?page_id=4618"},"modified":"2025-07-03T09:31:17","modified_gmt":"2025-07-03T13:31:17","slug":"blogs","status":"publish","type":"page","link":"https:\/\/autravail.ca\/en\/blogs\/","title":{"rendered":"Blogs"},"content":{"rendered":"<div data-elementor-type=\"wp-page\" data-elementor-id=\"4618\" class=\"elementor elementor-4618\">\n\t\t\t\t<div class=\"elementor-element elementor-element-36d9143 e-flex e-con-boxed e-con e-parent\" data-id=\"36d9143\" data-element_type=\"container\">\n\t\t\t\t\t<div class=\"e-con-inner\">\n\t\t\t\t<div class=\"elementor-element elementor-element-6929361 disable-excerpt-yes elementor-widget elementor-widget-axetor-post-grid\" data-id=\"6929361\" data-element_type=\"widget\" data-widget_type=\"axetor-post-grid.default\">\n\t\t\t\t<div class=\"elementor-widget-container\">\n\t\t\t\t\t        <div class=\"elementor-post-wrapper\">\n            <div class=\"d-grid\">\n\n                                    <div class=\"grid-item\">\n                        <div class=\"post-inner blog-grid\">\n        <div class=\"post-content\">\n        <div class=\"entry-meta\">\n             <div class=\"categories-link\"><span class=\"screen-reader-text\">Categories<\/span><a href=\"https:\/\/autravail.ca\/en\/category\/produits-de-securite\/emondeurs-et-arboriculteurs\/\" rel=\"category tag\">\u00c9mondeurs et arboriculteurs<\/a> <a href=\"https:\/\/autravail.ca\/en\/category\/produits-de-securite\/\" rel=\"category tag\">Produits de s\u00e9curit\u00e9<\/a><\/div> <div class=\"posted-on\"><a href=\"https:\/\/autravail.ca\/en\/les-produits-de-securite-solidur\/\" rel=\"bookmark\"><time class=\"entry-date published\" datetime=\"2026-03-14T09:51:30-04:00\">March 14, 2026<\/time><time class=\"updated\" datetime=\"2026-03-14T11:21:05-04:00\">March 14, 2026<\/time><\/a><\/div>         <\/div>\n        <h3 class=\"omega entry-title\"><a href=\"https:\/\/autravail.ca\/en\/les-produits-de-securite-solidur\/\" rel=\"bookmark\">\ud83c\udf32 Solidur arrive au Magasin Industriel : enfin de l\u2019\u00e9quipement pens\u00e9 pour les \u00e9mondeurs de la r\u00e9gion<\/a><\/h3>    <\/div>\n<\/div>                    <\/div>\n                                        <div class=\"grid-item\">\n                        <div class=\"post-inner blog-grid\">\n        <div class=\"post-content\">\n        <div class=\"entry-meta\">\n             <div class=\"categories-link\"><span class=\"screen-reader-text\">Categories<\/span><a href=\"https:\/\/autravail.ca\/en\/category\/chaussures-de-securite\/\" rel=\"category tag\">Chaussures de s\u00e9curit\u00e9<\/a><\/div> <div class=\"posted-on\"><a href=\"https:\/\/autravail.ca\/en\/des-problemes-avec-les-talons-de-vos-chaussures-de-travail\/\" rel=\"bookmark\"><time class=\"entry-date published\" datetime=\"2025-07-08T20:37:16-04:00\">July 8, 2025<\/time><time class=\"updated\" datetime=\"2025-10-25T08:38:51-04:00\">October 25, 2025<\/time><\/a><\/div>         <\/div>\n        <h3 class=\"omega entry-title\"><a href=\"https:\/\/autravail.ca\/en\/des-problemes-avec-les-talons-de-vos-chaussures-de-travail\/\" rel=\"bookmark\">Des probl\u00e8mes avec les talons de vos chaussures de travail?<\/a><\/h3>    <\/div>\n<\/div>                    <\/div>\n                                        <div class=\"grid-item\">\n                        <div class=\"post-inner blog-grid\">\n        <div class=\"post-content\">\n        <div class=\"entry-meta\">\n             <div class=\"categories-link\"><span class=\"screen-reader-text\">Categories<\/span><a href=\"https:\/\/autravail.ca\/en\/category\/chaussures-de-securite\/\" rel=\"category tag\">Chaussures de s\u00e9curit\u00e9<\/a><\/div> <div class=\"posted-on\"><a href=\"https:\/\/autravail.ca\/en\/guide-expert-des-bottes-de-travail-choisir-les-meilleures\/\" rel=\"bookmark\"><time class=\"entry-date published\" datetime=\"2025-07-03T09:25:36-04:00\">July 3, 2025<\/time><time class=\"updated\" datetime=\"2025-10-25T08:38:56-04:00\">October 25, 2025<\/time><\/a><\/div>         <\/div>\n        <h3 class=\"omega entry-title\"><a href=\"https:\/\/autravail.ca\/en\/guide-expert-des-bottes-de-travail-choisir-les-meilleures\/\" rel=\"bookmark\">Guide expert des bottes de travail : Choisir les meilleures<\/a><\/h3>    <\/div>\n<\/div>                    <\/div>\n                                        <div class=\"grid-item\">\n                        <div class=\"post-inner blog-grid\">\n        <div class=\"post-content\">\n        <div class=\"entry-meta\">\n             <div class=\"categories-link\"><span class=\"screen-reader-text\">Categories<\/span><a href=\"https:\/\/autravail.ca\/en\/category\/chaussures-de-securite\/\" rel=\"category tag\">Chaussures de s\u00e9curit\u00e9<\/a><\/div> <div class=\"posted-on\"><a href=\"https:\/\/autravail.ca\/en\/comment-choisir-vos-chaussures-de-securite-sans-se-tromper\/\" rel=\"bookmark\"><time class=\"entry-date published\" datetime=\"2025-07-03T09:17:26-04:00\">July 3, 2025<\/time><time class=\"updated\" datetime=\"2025-10-25T08:39:01-04:00\">October 25, 2025<\/time><\/a><\/div>         <\/div>\n        <h3 class=\"omega entry-title\"><a href=\"https:\/\/autravail.ca\/en\/comment-choisir-vos-chaussures-de-securite-sans-se-tromper\/\" rel=\"bookmark\">Comment choisir vos chaussures de s\u00e9curit\u00e9 sans se tromper<\/a><\/h3>    <\/div>\n<\/div>                    <\/div>\n                                <\/div>\n\n                    <\/div>\n                        \t\t\t\t<\/div>\n\t\t\t\t<\/div>\n\t\t\t\t\t<\/div>\n\t\t\t\t<\/div>\n\t\t\t\t<\/div>","protected":false},"excerpt":{"rendered":"<p>CategoriesChaussures de s\u00e9curit\u00e9 juillet 3, 2025juillet 3, 2025 Guide expert des bottes de travail : Choisir les meilleures CategoriesChaussures de s\u00e9curit\u00e9 juillet 3, 2025juillet 3, 2025 Comment choisir vos chaussures de s\u00e9curit\u00e9 sans se tromper<\/p>","protected":false},"author":1,"featured_media":0,"parent":0,"menu_order":0,"comment_status":"closed","ping_status":"closed","template":"","meta":{"footnotes":""},"class_list":["post-4618","page","type-page","status-publish","hentry"],"yoast_head":"<!-- This site is optimized with the Yoast SEO plugin v25.3.1 - https:\/\/yoast.com\/wordpress\/plugins\/seo\/ -->\n<title>Blogs - Le Magasin Industriel<\/title>\n<meta name=\"robots\" content=\"index, follow, max-snippet:-1, max-image-preview:large, max-video-preview:-1\" \/>\n<link rel=\"canonical\" href=\"https:\/\/autravail.ca\/en\/blogs\/\" \/>\n<meta property=\"og:locale\" content=\"en_US\" \/>\n<meta property=\"og:type\" content=\"article\" \/>\n<meta property=\"og:title\" content=\"Blogs - Le Magasin Industriel\" \/>\n<meta property=\"og:description\" content=\"CategoriesChaussures de s\u00e9curit\u00e9 juillet 3, 2025juillet 3, 2025 Guide expert des bottes de travail : Choisir les meilleures CategoriesChaussures de s\u00e9curit\u00e9 juillet 3, 2025juillet 3, 2025 Comment choisir vos chaussures de s\u00e9curit\u00e9 sans se tromper\" \/>\n<meta property=\"og:url\" content=\"https:\/\/autravail.ca\/en\/blogs\/\" \/>\n<meta property=\"og:site_name\" content=\"Le Magasin Industriel\" \/>\n<meta property=\"article:publisher\" content=\"https:\/\/www.facebook.com\/lemagasinindustriel\/?locale=fr_FR\" \/>\n<meta property=\"article:modified_time\" content=\"2025-07-03T13:31:17+00:00\" \/>\n<meta name=\"twitter:card\" content=\"summary_large_image\" \/>\n<meta name=\"twitter:label1\" content=\"Est. reading time\" \/>\n\t<meta name=\"twitter:data1\" content=\"1 minute\" \/>\n<script type=\"application\/ld+json\" class=\"yoast-schema-graph\">{\"@context\":\"https:\/\/schema.org\",\"@graph\":[{\"@type\":\"WebPage\",\"@id\":\"https:\/\/autravail.ca\/blogs\/\",\"url\":\"https:\/\/autravail.ca\/blogs\/\",\"name\":\"Blogs - Le Magasin Industriel\",\"isPartOf\":{\"@id\":\"https:\/\/autravail.ca\/#website\"},\"datePublished\":\"2024-02-21T06:40:24+00:00\",\"dateModified\":\"2025-07-03T13:31:17+00:00\",\"breadcrumb\":{\"@id\":\"https:\/\/autravail.ca\/blogs\/#breadcrumb\"},\"inLanguage\":\"en-CA\",\"potentialAction\":[{\"@type\":\"ReadAction\",\"target\":[\"https:\/\/autravail.ca\/blogs\/\"]}]},{\"@type\":\"BreadcrumbList\",\"@id\":\"https:\/\/autravail.ca\/blogs\/#breadcrumb\",\"itemListElement\":[{\"@type\":\"ListItem\",\"position\":1,\"name\":\"Accueil\",\"item\":\"https:\/\/autravail.ca\/\"},{\"@type\":\"ListItem\",\"position\":2,\"name\":\"Blogs\"}]},{\"@type\":\"WebSite\",\"@id\":\"https:\/\/autravail.ca\/#website\",\"url\":\"https:\/\/autravail.ca\/\",\"name\":\"Le Magasin Industriel\",\"description\":\"50 ans de tradition de s\u00e9curit\u00e9 au travail\",\"publisher\":{\"@id\":\"https:\/\/autravail.ca\/#organization\"},\"potentialAction\":[{\"@type\":\"SearchAction\",\"target\":{\"@type\":\"EntryPoint\",\"urlTemplate\":\"https:\/\/autravail.ca\/?s={search_term_string}\"},\"query-input\":{\"@type\":\"PropertyValueSpecification\",\"valueRequired\":true,\"valueName\":\"search_term_string\"}}],\"inLanguage\":\"en-CA\"},{\"@type\":\"Organization\",\"@id\":\"https:\/\/autravail.ca\/#organization\",\"name\":\"Le Magasin Industriel\",\"url\":\"https:\/\/autravail.ca\/\",\"logo\":{\"@type\":\"ImageObject\",\"inLanguage\":\"en-CA\",\"@id\":\"https:\/\/autravail.ca\/#\/schema\/logo\/image\/\",\"url\":\"https:\/\/autravail.ca\/wp-content\/uploads\/2025\/05\/cropped-magasin_industriel_120x.avif\",\"contentUrl\":\"https:\/\/autravail.ca\/wp-content\/uploads\/2025\/05\/cropped-magasin_industriel_120x.avif\",\"width\":120,\"height\":24,\"caption\":\"Le Magasin Industriel\"},\"image\":{\"@id\":\"https:\/\/autravail.ca\/#\/schema\/logo\/image\/\"},\"sameAs\":[\"https:\/\/www.facebook.com\/lemagasinindustriel\/?locale=fr_FR\"]}]}<\/script>\n<!-- \/ Yoast SEO plugin. -->","yoast_head_json":{"title":"Blogs - Le Magasin Industriel","robots":{"index":"index","follow":"follow","max-snippet":"max-snippet:-1","max-image-preview":"max-image-preview:large","max-video-preview":"max-video-preview:-1"},"canonical":"https:\/\/autravail.ca\/en\/blogs\/","og_locale":"en_US","og_type":"article","og_title":"Blogs - Le Magasin Industriel","og_description":"CategoriesChaussures de s\u00e9curit\u00e9 juillet 3, 2025juillet 3, 2025 Guide expert des bottes de travail : Choisir les meilleures CategoriesChaussures de s\u00e9curit\u00e9 juillet 3, 2025juillet 3, 2025 Comment choisir vos chaussures de s\u00e9curit\u00e9 sans se tromper","og_url":"https:\/\/autravail.ca\/en\/blogs\/","og_site_name":"Le Magasin Industriel","article_publisher":"https:\/\/www.facebook.com\/lemagasinindustriel\/?locale=fr_FR","article_modified_time":"2025-07-03T13:31:17+00:00","twitter_card":"summary_large_image","twitter_misc":{"Est. reading time":"1 minute"},"schema":{"@context":"https:\/\/schema.org","@graph":[{"@type":"WebPage","@id":"https:\/\/autravail.ca\/blogs\/","url":"https:\/\/autravail.ca\/blogs\/","name":"Blogs - Le Magasin Industriel","isPartOf":{"@id":"https:\/\/autravail.ca\/#website"},"datePublished":"2024-02-21T06:40:24+00:00","dateModified":"2025-07-03T13:31:17+00:00","breadcrumb":{"@id":"https:\/\/autravail.ca\/blogs\/#breadcrumb"},"inLanguage":"en-CA","potentialAction":[{"@type":"ReadAction","target":["https:\/\/autravail.ca\/blogs\/"]}]},{"@type":"BreadcrumbList","@id":"https:\/\/autravail.ca\/blogs\/#breadcrumb","itemListElement":[{"@type":"ListItem","position":1,"name":"Accueil","item":"https:\/\/autravail.ca\/"},{"@type":"ListItem","position":2,"name":"Blogs"}]},{"@type":"WebSite","@id":"https:\/\/autravail.ca\/#website","url":"https:\/\/autravail.ca\/","name":"Le Magasin Industriel","description":"50 ans de tradition de s\u00e9curit\u00e9 au travail","publisher":{"@id":"https:\/\/autravail.ca\/#organization"},"potentialAction":[{"@type":"SearchAction","target":{"@type":"EntryPoint","urlTemplate":"https:\/\/autravail.ca\/?s={search_term_string}"},"query-input":{"@type":"PropertyValueSpecification","valueRequired":true,"valueName":"search_term_string"}}],"inLanguage":"en-CA"},{"@type":"Organization","@id":"https:\/\/autravail.ca\/#organization","name":"Le Magasin Industriel","url":"https:\/\/autravail.ca\/","logo":{"@type":"ImageObject","inLanguage":"en-CA","@id":"https:\/\/autravail.ca\/#\/schema\/logo\/image\/","url":"https:\/\/autravail.ca\/wp-content\/uploads\/2025\/05\/cropped-magasin_industriel_120x.avif","contentUrl":"https:\/\/autravail.ca\/wp-content\/uploads\/2025\/05\/cropped-magasin_industriel_120x.avif","width":120,"height":24,"caption":"Le Magasin Industriel"},"image":{"@id":"https:\/\/autravail.ca\/#\/schema\/logo\/image\/"},"sameAs":["https:\/\/www.facebook.com\/lemagasinindustriel\/?locale=fr_FR"]}]}},"jetpack_sharing_enabled":true,"_links":{"self":[{"href":"https:\/\/autravail.ca\/en\/wp-json\/wp\/v2\/pages\/4618","targetHints":{"allow":["GET"]}}],"collection":[{"href":"https:\/\/autravail.ca\/en\/wp-json\/wp\/v2\/pages"}],"about":[{"href":"https:\/\/autravail.ca\/en\/wp-json\/wp\/v2\/types\/page"}],"author":[{"embeddable":true,"href":"https:\/\/autravail.ca\/en\/wp-json\/wp\/v2\/users\/1"}],"replies":[{"embeddable":true,"href":"https:\/\/autravail.ca\/en\/wp-json\/wp\/v2\/comments?post=4618"}],"version-history":[{"count":3,"href":"https:\/\/autravail.ca\/en\/wp-json\/wp\/v2\/pages\/4618\/revisions"}],"predecessor-version":[{"id":39254,"href":"https:\/\/autravail.ca\/en\/wp-json\/wp\/v2\/pages\/4618\/revisions\/39254"}],"wp:attachment":[{"href":"https:\/\/autravail.ca\/en\/wp-json\/wp\/v2\/media?parent=4618"}],"curies":[{"name":"wp","href":"https:\/\/api.w.org\/{rel}","templated":true}]}}