{"id":39916,"date":"2025-09-06T11:10:27","date_gmt":"2025-09-06T15:10:27","guid":{"rendered":"https:\/\/meteoquebec.ca\/?page_id=39916"},"modified":"2025-09-06T11:35:16","modified_gmt":"2025-09-06T15:35:16","slug":"royer","status":"publish","type":"page","link":"https:\/\/autravail.ca\/en\/royer\/","title":{"rendered":"Royer"},"content":{"rendered":"<div data-elementor-type=\"wp-page\" data-elementor-id=\"39916\" class=\"elementor elementor-39916\">\n\t\t\t\t<div class=\"elementor-element elementor-element-060e648 e-flex e-con-boxed e-con e-parent\" data-id=\"060e648\" data-element_type=\"container\">\n\t\t\t\t\t<div class=\"e-con-inner\">\n\t\t\t\t<div class=\"elementor-element elementor-element-bd7ba1b elementor-widget elementor-widget-axetor-products\" data-id=\"bd7ba1b\" data-element_type=\"widget\" data-widget_type=\"axetor-products.default\">\n\t\t\t\t<div class=\"elementor-widget-container\">\n\t\t\t\t\t<div class=\"woocommerce columns-1  woocommerce-product-grid\"><\/div>        \t\t\t\t<\/div>\n\t\t\t\t<\/div>\n\t\t\t\t\t<\/div>\n\t\t\t\t<\/div>\n\t\t\t\t<\/div>","protected":false},"excerpt":{"rendered":"<p>Ajouter \u00e0 la liste de souhaitsComparerQuick view (0) VC9010 &#8211; DOUBLURE DE BOTTE GLACIUS 119.99&#36; Choix des options Ce produit a plusieurs variations. Les options peuvent \u00eatre choisies sur la page du produit Choisir une option7.08.09.010.011.012.013.014.015.016.0 7.0 8.0 9.0 10.0 11.0 12.0 13.0 14.0 15.0 16.0 Ajouter \u00e0 la liste de souhaitsComparerQuick view (0) SEMELLE [&hellip;]<\/p>","protected":false},"author":3,"featured_media":0,"parent":0,"menu_order":0,"comment_status":"closed","ping_status":"closed","template":"","meta":{"footnotes":""},"class_list":["post-39916","page","type-page","status-publish","hentry"],"yoast_head":"<!-- This site is optimized with the Yoast SEO plugin v25.3.1 - https:\/\/yoast.com\/wordpress\/plugins\/seo\/ -->\n<title>Royer - Le Magasin Industriel<\/title>\n<meta name=\"description\" content=\"Collection de chaussures de travail fabriqu\u00e9e par une entreprise 100% qu\u00e9b\u00e9coise. Royer propose des souliers et des bottes CSA de qualit\u00e9.\" \/>\n<meta name=\"robots\" content=\"index, follow, max-snippet:-1, max-image-preview:large, max-video-preview:-1\" \/>\n<link rel=\"canonical\" href=\"https:\/\/autravail.ca\/en\/royer\/\" \/>\n<meta property=\"og:locale\" content=\"en_US\" \/>\n<meta property=\"og:type\" content=\"article\" \/>\n<meta property=\"og:title\" content=\"Royer - Le Magasin Industriel\" \/>\n<meta property=\"og:description\" content=\"Collection de chaussures de travail fabriqu\u00e9e par une entreprise 100% qu\u00e9b\u00e9coise. Royer propose des souliers et des bottes CSA de qualit\u00e9.\" \/>\n<meta property=\"og:url\" content=\"https:\/\/autravail.ca\/en\/royer\/\" \/>\n<meta property=\"og:site_name\" content=\"Le Magasin Industriel\" \/>\n<meta property=\"article:publisher\" content=\"https:\/\/www.facebook.com\/lemagasinindustriel\/?locale=fr_FR\" \/>\n<meta property=\"article:modified_time\" content=\"2025-09-06T15:35:16+00:00\" \/>\n<meta property=\"og:image\" content=\"https:\/\/autravail.ca\/wp-content\/uploads\/2025\/05\/VC9010_A01_00b8fd79-d271-4742-8d65-f07357041071-450x450.jpg\" \/>\n<meta name=\"twitter:card\" content=\"summary_large_image\" \/>\n<meta name=\"twitter:label1\" content=\"Est. reading time\" \/>\n\t<meta name=\"twitter:data1\" content=\"20 minutes\" \/>\n<script type=\"application\/ld+json\" class=\"yoast-schema-graph\">{\"@context\":\"https:\/\/schema.org\",\"@graph\":[{\"@type\":\"WebPage\",\"@id\":\"https:\/\/autravail.ca\/en\/royer\/\",\"url\":\"https:\/\/autravail.ca\/en\/royer\/\",\"name\":\"Royer - Le Magasin Industriel\",\"isPartOf\":{\"@id\":\"https:\/\/autravail.ca\/#website\"},\"primaryImageOfPage\":{\"@id\":\"https:\/\/autravail.ca\/en\/royer\/#primaryimage\"},\"image\":{\"@id\":\"https:\/\/autravail.ca\/en\/royer\/#primaryimage\"},\"thumbnailUrl\":\"https:\/\/autravail.ca\/wp-content\/uploads\/2025\/05\/VC9010_A01_00b8fd79-d271-4742-8d65-f07357041071-450x450.jpg\",\"datePublished\":\"2025-09-06T15:10:27+00:00\",\"dateModified\":\"2025-09-06T15:35:16+00:00\",\"description\":\"Collection de chaussures de travail fabriqu\u00e9e par une entreprise 100% qu\u00e9b\u00e9coise. Royer propose des souliers et des bottes CSA de qualit\u00e9.\",\"breadcrumb\":{\"@id\":\"https:\/\/autravail.ca\/en\/royer\/#breadcrumb\"},\"inLanguage\":\"en-CA\",\"potentialAction\":[{\"@type\":\"ReadAction\",\"target\":[\"https:\/\/autravail.ca\/en\/royer\/\"]}]},{\"@type\":\"ImageObject\",\"inLanguage\":\"en-CA\",\"@id\":\"https:\/\/autravail.ca\/en\/royer\/#primaryimage\",\"url\":\"https:\/\/autravail.ca\/wp-content\/uploads\/2025\/05\/VC9010_A01_00b8fd79-d271-4742-8d65-f07357041071-450x450.jpg\",\"contentUrl\":\"https:\/\/autravail.ca\/wp-content\/uploads\/2025\/05\/VC9010_A01_00b8fd79-d271-4742-8d65-f07357041071-450x450.jpg\"},{\"@type\":\"BreadcrumbList\",\"@id\":\"https:\/\/autravail.ca\/en\/royer\/#breadcrumb\",\"itemListElement\":[{\"@type\":\"ListItem\",\"position\":1,\"name\":\"Accueil\",\"item\":\"https:\/\/autravail.ca\/\"},{\"@type\":\"ListItem\",\"position\":2,\"name\":\"Royer\"}]},{\"@type\":\"WebSite\",\"@id\":\"https:\/\/autravail.ca\/#website\",\"url\":\"https:\/\/autravail.ca\/\",\"name\":\"Le Magasin Industriel\",\"description\":\"50 ans de tradition de s\u00e9curit\u00e9 au travail\",\"publisher\":{\"@id\":\"https:\/\/autravail.ca\/#organization\"},\"potentialAction\":[{\"@type\":\"SearchAction\",\"target\":{\"@type\":\"EntryPoint\",\"urlTemplate\":\"https:\/\/autravail.ca\/?s={search_term_string}\"},\"query-input\":{\"@type\":\"PropertyValueSpecification\",\"valueRequired\":true,\"valueName\":\"search_term_string\"}}],\"inLanguage\":\"en-CA\"},{\"@type\":\"Organization\",\"@id\":\"https:\/\/autravail.ca\/#organization\",\"name\":\"Le Magasin Industriel\",\"url\":\"https:\/\/autravail.ca\/\",\"logo\":{\"@type\":\"ImageObject\",\"inLanguage\":\"en-CA\",\"@id\":\"https:\/\/autravail.ca\/#\/schema\/logo\/image\/\",\"url\":\"https:\/\/autravail.ca\/wp-content\/uploads\/2025\/05\/cropped-magasin_industriel_120x.avif\",\"contentUrl\":\"https:\/\/autravail.ca\/wp-content\/uploads\/2025\/05\/cropped-magasin_industriel_120x.avif\",\"width\":120,\"height\":24,\"caption\":\"Le Magasin Industriel\"},\"image\":{\"@id\":\"https:\/\/autravail.ca\/#\/schema\/logo\/image\/\"},\"sameAs\":[\"https:\/\/www.facebook.com\/lemagasinindustriel\/?locale=fr_FR\"]}]}<\/script>\n<!-- \/ Yoast SEO plugin. -->","yoast_head_json":{"title":"Royer - Le Magasin Industriel","description":"Collection de chaussures de travail fabriqu\u00e9e par une entreprise 100% qu\u00e9b\u00e9coise. Royer propose des souliers et des bottes CSA de qualit\u00e9.","robots":{"index":"index","follow":"follow","max-snippet":"max-snippet:-1","max-image-preview":"max-image-preview:large","max-video-preview":"max-video-preview:-1"},"canonical":"https:\/\/autravail.ca\/en\/royer\/","og_locale":"en_US","og_type":"article","og_title":"Royer - Le Magasin Industriel","og_description":"Collection de chaussures de travail fabriqu\u00e9e par une entreprise 100% qu\u00e9b\u00e9coise. Royer propose des souliers et des bottes CSA de qualit\u00e9.","og_url":"https:\/\/autravail.ca\/en\/royer\/","og_site_name":"Le Magasin Industriel","article_publisher":"https:\/\/www.facebook.com\/lemagasinindustriel\/?locale=fr_FR","article_modified_time":"2025-09-06T15:35:16+00:00","og_image":[{"url":"https:\/\/autravail.ca\/wp-content\/uploads\/2025\/05\/VC9010_A01_00b8fd79-d271-4742-8d65-f07357041071-450x450.jpg","type":"","width":"","height":""}],"twitter_card":"summary_large_image","twitter_misc":{"Est. reading time":"20 minutes"},"schema":{"@context":"https:\/\/schema.org","@graph":[{"@type":"WebPage","@id":"https:\/\/autravail.ca\/en\/royer\/","url":"https:\/\/autravail.ca\/en\/royer\/","name":"Royer - Le Magasin Industriel","isPartOf":{"@id":"https:\/\/autravail.ca\/#website"},"primaryImageOfPage":{"@id":"https:\/\/autravail.ca\/en\/royer\/#primaryimage"},"image":{"@id":"https:\/\/autravail.ca\/en\/royer\/#primaryimage"},"thumbnailUrl":"https:\/\/autravail.ca\/wp-content\/uploads\/2025\/05\/VC9010_A01_00b8fd79-d271-4742-8d65-f07357041071-450x450.jpg","datePublished":"2025-09-06T15:10:27+00:00","dateModified":"2025-09-06T15:35:16+00:00","description":"Collection de chaussures de travail fabriqu\u00e9e par une entreprise 100% qu\u00e9b\u00e9coise. Royer propose des souliers et des bottes CSA de qualit\u00e9.","breadcrumb":{"@id":"https:\/\/autravail.ca\/en\/royer\/#breadcrumb"},"inLanguage":"en-CA","potentialAction":[{"@type":"ReadAction","target":["https:\/\/autravail.ca\/en\/royer\/"]}]},{"@type":"ImageObject","inLanguage":"en-CA","@id":"https:\/\/autravail.ca\/en\/royer\/#primaryimage","url":"https:\/\/autravail.ca\/wp-content\/uploads\/2025\/05\/VC9010_A01_00b8fd79-d271-4742-8d65-f07357041071-450x450.jpg","contentUrl":"https:\/\/autravail.ca\/wp-content\/uploads\/2025\/05\/VC9010_A01_00b8fd79-d271-4742-8d65-f07357041071-450x450.jpg"},{"@type":"BreadcrumbList","@id":"https:\/\/autravail.ca\/en\/royer\/#breadcrumb","itemListElement":[{"@type":"ListItem","position":1,"name":"Accueil","item":"https:\/\/autravail.ca\/"},{"@type":"ListItem","position":2,"name":"Royer"}]},{"@type":"WebSite","@id":"https:\/\/autravail.ca\/#website","url":"https:\/\/autravail.ca\/","name":"Le Magasin Industriel","description":"50 ans de tradition de s\u00e9curit\u00e9 au travail","publisher":{"@id":"https:\/\/autravail.ca\/#organization"},"potentialAction":[{"@type":"SearchAction","target":{"@type":"EntryPoint","urlTemplate":"https:\/\/autravail.ca\/?s={search_term_string}"},"query-input":{"@type":"PropertyValueSpecification","valueRequired":true,"valueName":"search_term_string"}}],"inLanguage":"en-CA"},{"@type":"Organization","@id":"https:\/\/autravail.ca\/#organization","name":"Le Magasin Industriel","url":"https:\/\/autravail.ca\/","logo":{"@type":"ImageObject","inLanguage":"en-CA","@id":"https:\/\/autravail.ca\/#\/schema\/logo\/image\/","url":"https:\/\/autravail.ca\/wp-content\/uploads\/2025\/05\/cropped-magasin_industriel_120x.avif","contentUrl":"https:\/\/autravail.ca\/wp-content\/uploads\/2025\/05\/cropped-magasin_industriel_120x.avif","width":120,"height":24,"caption":"Le Magasin Industriel"},"image":{"@id":"https:\/\/autravail.ca\/#\/schema\/logo\/image\/"},"sameAs":["https:\/\/www.facebook.com\/lemagasinindustriel\/?locale=fr_FR"]}]}},"jetpack_sharing_enabled":true,"_links":{"self":[{"href":"https:\/\/autravail.ca\/en\/wp-json\/wp\/v2\/pages\/39916","targetHints":{"allow":["GET"]}}],"collection":[{"href":"https:\/\/autravail.ca\/en\/wp-json\/wp\/v2\/pages"}],"about":[{"href":"https:\/\/autravail.ca\/en\/wp-json\/wp\/v2\/types\/page"}],"author":[{"embeddable":true,"href":"https:\/\/autravail.ca\/en\/wp-json\/wp\/v2\/users\/3"}],"replies":[{"embeddable":true,"href":"https:\/\/autravail.ca\/en\/wp-json\/wp\/v2\/comments?post=39916"}],"version-history":[{"count":4,"href":"https:\/\/autravail.ca\/en\/wp-json\/wp\/v2\/pages\/39916\/revisions"}],"predecessor-version":[{"id":39923,"href":"https:\/\/autravail.ca\/en\/wp-json\/wp\/v2\/pages\/39916\/revisions\/39923"}],"wp:attachment":[{"href":"https:\/\/autravail.ca\/en\/wp-json\/wp\/v2\/media?parent=39916"}],"curies":[{"name":"wp","href":"https:\/\/api.w.org\/{rel}","templated":true}]}}