{"id":39120,"date":"2025-07-01T12:28:40","date_gmt":"2025-07-01T16:28:40","guid":{"rendered":"https:\/\/meteoquebec.ca\/?page_id=39120"},"modified":"2025-07-03T11:57:52","modified_gmt":"2025-07-03T15:57:52","slug":"services-aux-entreprises","status":"publish","type":"page","link":"https:\/\/autravail.ca\/en\/services-aux-entreprises\/","title":{"rendered":"Business Services"},"content":{"rendered":"<div data-elementor-type=\"wp-page\" data-elementor-id=\"39120\" class=\"elementor elementor-39120\">\n\t\t\t\t<div class=\"elementor-element elementor-element-31418eb e-flex e-con-boxed e-con e-parent\" data-id=\"31418eb\" data-element_type=\"container\">\n\t\t\t\t\t<div class=\"e-con-inner\">\n\t\t<div class=\"elementor-element elementor-element-2c77164 e-con-full e-flex e-con e-child\" data-id=\"2c77164\" data-element_type=\"container\">\n\t\t\t\t<div class=\"elementor-element elementor-element-34ef9e4 elementor-widget elementor-widget-text-editor\" data-id=\"34ef9e4\" data-element_type=\"widget\" data-widget_type=\"text-editor.default\">\n\t\t\t\t<div class=\"elementor-widget-container\">\n\t\t\t\t\t\t\t\t\t<h2 class=\"image-with-text__heading h2\">CATALOGUE CORPORATIF<\/h2><div class=\"image-with-text__text rte subtitle\"><p>Ce catalogue pr\u00e9sente les mod\u00e8les disponibles pour votre entreprise.\u00a0<strong>Choisissez parmi les mod\u00e8les disponibles sur cette page et compl\u00e9tez le formulaire au bas de la page pour passer votre commande.<\/strong>\u00a0Notez que les prix sont \u00e0 titre indicatifs seulement et qu&rsquo;ils ne repr\u00e9sentent pas les termes de nos accords corporatifs.<\/p><\/div>\t\t\t\t\t\t\t\t<\/div>\n\t\t\t\t<\/div>\n\t\t\t\t<\/div>\n\t\t<div class=\"elementor-element elementor-element-4c5738a e-con-full e-flex e-con e-child\" data-id=\"4c5738a\" data-element_type=\"container\">\n\t\t\t\t<div class=\"elementor-element elementor-element-da33655 elementor-widget elementor-widget-image\" data-id=\"da33655\" data-element_type=\"widget\" data-widget_type=\"image.default\">\n\t\t\t\t<div class=\"elementor-widget-container\">\n\t\t\t\t\t\t\t\t\t\t\t\t\t\t\t<img fetchpriority=\"high\" decoding=\"async\" width=\"600\" height=\"600\" src=\"https:\/\/autravail.ca\/wp-content\/uploads\/2025\/07\/reebok_IB4041_A01.jpg\" class=\"attachment-large size-large wp-image-39314\" alt=\"Services de chaussures pour entreprise\" srcset=\"https:\/\/autravail.ca\/wp-content\/uploads\/2025\/07\/reebok_IB4041_A01.jpg 600w, https:\/\/autravail.ca\/wp-content\/uploads\/2025\/07\/reebok_IB4041_A01-300x300.jpg 300w, https:\/\/autravail.ca\/wp-content\/uploads\/2025\/07\/reebok_IB4041_A01-150x150.jpg 150w, https:\/\/autravail.ca\/wp-content\/uploads\/2025\/07\/reebok_IB4041_A01-12x12.jpg 12w, https:\/\/autravail.ca\/wp-content\/uploads\/2025\/07\/reebok_IB4041_A01-450x450.jpg 450w, https:\/\/autravail.ca\/wp-content\/uploads\/2025\/07\/reebok_IB4041_A01-100x100.jpg 100w, https:\/\/autravail.ca\/wp-content\/uploads\/2025\/07\/reebok_IB4041_A01-50x50.jpg 50w, https:\/\/autravail.ca\/wp-content\/uploads\/2025\/07\/reebok_IB4041_A01-96x96.jpg 96w, https:\/\/autravail.ca\/wp-content\/uploads\/2025\/07\/reebok_IB4041_A01-460x460.jpg 460w\" sizes=\"(max-width: 600px) 100vw, 600px\" \/>\t\t\t\t\t\t\t\t\t\t\t\t\t\t\t<\/div>\n\t\t\t\t<\/div>\n\t\t\t\t<\/div>\n\t\t\t\t\t<\/div>\n\t\t\t\t<\/div>\n\t\t<div class=\"elementor-element elementor-element-633792e e-flex e-con-boxed e-con e-parent\" data-id=\"633792e\" data-element_type=\"container\">\n\t\t\t\t\t<div class=\"e-con-inner\">\n\t\t\t\t<div class=\"elementor-element elementor-element-9206d32 elementor-widget elementor-widget-html\" data-id=\"9206d32\" data-element_type=\"widget\" data-widget_type=\"html.default\">\n\t\t\t\t<div class=\"elementor-widget-container\">\n\t\t\t\t\t<!-- Formulaire \u201cPassez votre commande ici\u201d \u2014 m\u00eames destinataires et param\u00e8tres d\u2019envoi -->\r\n<div id=\"crmWebToEntityForm\" style=\"max-width:600px; margin:0 auto; padding:30px; border:1px solid #ccc; background:#fff; box-sizing:border-box;\">\r\n  <meta name=\"viewport\" content=\"width=device-width, initial-scale=1.0\">\r\n  <meta http-equiv=\"content-type\" content=\"text\/html;charset=UTF-8\">\r\n\r\n  <form id=\"webform4371919000052712031\"\r\n        action=\"https:\/\/crm.zoho.com\/crm\/WebToLeadForm\"\r\n        name=\"WebToLeads4371919000052712031\"\r\n        method=\"POST\"\r\n        onsubmit=\"document.charset='UTF-8'; return checkMandatory4371919000052712031()\"\r\n        accept-charset=\"UTF-8\">\r\n\r\n    <!-- Titre centr\u00e9 -->\r\n    <h2 class=\"form-title\">PASSEZ VOTRE COMMANDE ICI<\/h2>\r\n\r\n    <!-- Champs cach\u00e9s (ne pas supprimer) -->\r\n    <input type=\"hidden\" name=\"xnQsjsdp\" value=\"935a998937eb2bfc985b004bca2f6bf40c3d691c59ed4e9c7a4df44c0c451cab\">\r\n    <input type=\"hidden\" name=\"zc_gad\" id=\"zc_gad\" value=\"\">\r\n    <input type=\"hidden\" name=\"xmIwtLD\" value=\"23356fd3dfd03d032b64d189307ee2a515ee9ef03e1f4ec68db0acd9b955e930e5643a7cd4b53b1009052cb8ec29d5ce\">\r\n    <input type=\"hidden\" name=\"actionType\" value=\"TGVhZHM=\">\r\n    <input type=\"hidden\" name=\"returnURL\" value=\"null\">\r\n    <!-- Do not remove this code. -->\r\n\r\n    <style>\r\n      \/* Titre *\/\r\n      .form-title {\r\n        text-align: center;\r\n        font-family: Arial, sans-serif;\r\n        font-size: 20px;\r\n        font-weight: bold;\r\n        color: #2F3E61;\r\n        text-transform: uppercase;\r\n        border: 2px solid #2F3E61;\r\n        display: inline-block;\r\n        padding: 5px 15px;\r\n        margin: 0 auto 25px;\r\n      }\r\n\r\n      \/* Grille deux colonnes *\/\r\n      .form-grid {\r\n        display: grid;\r\n        grid-template-columns: 1fr 1fr;\r\n        grid-gap: 20px 30px;\r\n      }\r\n\r\n      \/* Groupe de champ *\/\r\n      .form-group {\r\n        display: flex;\r\n        flex-direction: column;\r\n      }\r\n      .form-group.full {\r\n        grid-column: 1 \/ -1;\r\n      }\r\n\r\n      \/* Label *\/\r\n      .form-group label {\r\n        font-family: Arial, sans-serif;\r\n        font-size: 13px;\r\n        font-weight: bold;\r\n        margin-bottom: 6px;\r\n        text-transform: uppercase;\r\n        color: #333;\r\n      }\r\n\r\n      \/* Inputs *\/\r\n      .form-group input[type=\"text\"],\r\n      .form-group input[ftype=\"email\"],\r\n      .form-group textarea {\r\n        font-family: Arial, sans-serif;\r\n        font-size: 14px;\r\n        color: #333;\r\n        padding: 8px;\r\n        border: 1px solid #ccc;\r\n        border-radius: 4px;\r\n        box-sizing: border-box;\r\n      }\r\n      .form-group textarea {\r\n        resize: vertical;\r\n        height: 100px;\r\n      }\r\n\r\n      \/* Bouton *\/\r\n      .submit-btn {\r\n        grid-column: 1 \/ -1;\r\n        margin-top: 15px;\r\n        background: #333;\r\n        color: #fff;\r\n        font-family: Arial, sans-serif;\r\n        font-size: 14px;\r\n        font-weight: bold;\r\n        text-transform: uppercase;\r\n        padding: 12px;\r\n        border: none;\r\n        border-radius: 4px;\r\n        cursor: pointer;\r\n        letter-spacing: 0.5px;\r\n      }\r\n      .submit-btn:hover {\r\n        background: #555;\r\n      }\r\n\r\n      @media (max-width: 480px) {\r\n        .form-grid { grid-template-columns: 1fr; }\r\n      }\r\n    <\/style>\r\n\r\n    <div class=\"form-grid\">\r\n      <div class=\"form-group\">\r\n        <label for=\"First_Name\">Pr\u00e9nom*<\/label>\r\n        <input type=\"text\" id=\"First_Name\" name=\"First Name\" aria-required=\"true\" maxlength=\"40\">\r\n      <\/div>\r\n\r\n      <div class=\"form-group\">\r\n        <label for=\"Last_Name\">Nom*<\/label>\r\n        <input type=\"text\" id=\"Last_Name\" name=\"Last Name\" aria-required=\"true\" maxlength=\"80\">\r\n      <\/div>\r\n\r\n      <div class=\"form-group\">\r\n        <label for=\"Email\">Email*<\/label>\r\n        <input type=\"text\" ftype=\"email\" id=\"Email\" name=\"Email\" aria-required=\"true\" maxlength=\"100\">\r\n      <\/div>\r\n\r\n      <div class=\"form-group\">\r\n        <label for=\"Phone\">T\u00e9l\u00e9phone*<\/label>\r\n        <input type=\"text\" id=\"Phone\" name=\"Phone\" aria-required=\"true\" maxlength=\"30\">\r\n      <\/div>\r\n\r\n      <div class=\"form-group\">\r\n        <label for=\"Company\">Entreprise*<\/label>\r\n        <input type=\"text\" id=\"Company\" name=\"Company\" aria-required=\"true\" maxlength=\"200\">\r\n      <\/div>\r\n\r\n      <div class=\"form-group\">\r\n        <label for=\"LEADCF1\">Num\u00e9ro du mod\u00e8le*<\/label>\r\n        <input type=\"text\" id=\"LEADCF1\" name=\"LEADCF1\" aria-required=\"true\" maxlength=\"50\">\r\n      <\/div>\r\n\r\n      <div class=\"form-group\">\r\n        <label for=\"LEADCF2\">Pointure*<\/label>\r\n        <input type=\"text\" id=\"LEADCF2\" name=\"LEADCF2\" aria-required=\"true\" maxlength=\"10\">\r\n      <\/div>\r\n\r\n      <div class=\"form-group full\">\r\n        <label for=\"LEADCF3\">Commentaires<\/label>\r\n        <textarea id=\"LEADCF3\" name=\"LEADCF3\"><\/textarea>\r\n      <\/div>\r\n\r\n      <button type=\"submit\" class=\"submit-btn\">Soumettre<\/button>\r\n    <\/div>\r\n\r\n    <!-- Validation JavaScript (ne pas supprimer) -->\r\n    <script>\r\n      function checkMandatory4371919000052712031() {\r\n        var fields = ['First Name','Last Name','Email','Phone','Company','LEADCF1','LEADCF2'],\r\n            names  = ['Pr\u00e9nom','Nom','Email','T\u00e9l\u00e9phone','Entreprise','Num\u00e9ro du mod\u00e8le','Pointure'];\r\n        for (var i = 0; i < fields.length; i++) {\r\n          var f = document.forms['WebToLeads4371919000052712031'][fields[i]];\r\n          if (!f || !f.value.trim()) {\r\n            alert(names[i] + ' est requis.');\r\n            f.focus();\r\n            return false;\r\n          }\r\n        }\r\n        \/\/ Validation Email\r\n        var email = document.getElementById('Email').value.trim(),\r\n            at = email.indexOf('@'), dot = email.lastIndexOf('.');\r\n        if (at < 1 || dot < at + 2 || dot + 2 >= email.length) {\r\n          alert('Veuillez entrer une adresse e-mail valide.');\r\n          document.getElementById('Email').focus();\r\n          return false;\r\n        }\r\n        \/\/ Emp\u00eache double envoi\r\n        this.querySelector('button[type=submit]').disabled = true;\r\n        return true;\r\n      }\r\n    <\/script>\r\n\r\n    <!-- Analytics Tracking Zoho (ne pas supprimer) -->\r\n    <script id=\"wf_anal\" src=\"https:\/\/crm.zohopublic.com\/crm\/WebFormAnalyticsServeServlet?rid=1b80aff7e26843ba80a71e82d96c831436d070f74ca65cf5c3582bf4fe751b12f0163046801f8d3ce1472588a0d72b0cgidd6bf1647432e62ba8ba4f82148e5414f08bd5b4f960267525e630d138cc4e82fgida1677ddff161aefe3aac6575039fbb4ee7f344c9b8afd854e203d3ca2e036267gid4d26afb85300bb6a6be5d987bc69212e0aaa5feea48e5b32680e4fbfa90b8571&tw=7310a554e92c6435699696bf6b3e15c747cc02610ccde96cc6ec17079d0d9f36\"><\/script>\r\n  <\/form>\r\n<\/div>\r\n\t\t\t\t<\/div>\n\t\t\t\t<\/div>\n\t\t\t\t\t<\/div>\n\t\t\t\t<\/div>\n\t\t<div class=\"elementor-element elementor-element-8ea5c0b e-flex e-con-boxed e-con e-parent\" data-id=\"8ea5c0b\" data-element_type=\"container\">\n\t\t\t\t\t<div class=\"e-con-inner\">\n\t\t\t\t<div class=\"elementor-element elementor-element-323fe7e elementor-widget elementor-widget-axetor-products\" data-id=\"323fe7e\" data-element_type=\"widget\" data-widget_type=\"axetor-products.default\">\n\t\t\t\t<div class=\"elementor-widget-container\">\n\t\t\t\t\t<div class=\"woocommerce columns-1  woocommerce-product-grid\"><\/div>        \t\t\t\t<\/div>\n\t\t\t\t<\/div>\n\t\t\t\t\t<\/div>\n\t\t\t\t<\/div>\n\t\t\t\t<\/div>","protected":false},"excerpt":{"rendered":"<p>CATALOGUE CORPORATIF Ce catalogue pr\u00e9sente les mod\u00e8les disponibles pour votre entreprise.\u00a0Choisissez parmi les mod\u00e8les disponibles sur cette page et compl\u00e9tez le formulaire au bas de la page pour passer votre commande.\u00a0Notez que les prix sont \u00e0 titre indicatifs seulement et qu&rsquo;ils ne repr\u00e9sentent pas les termes de nos accords corporatifs. PASSEZ VOTRE COMMANDE ICI Pr\u00e9nom* [&hellip;]<\/p>","protected":false},"author":2,"featured_media":0,"parent":0,"menu_order":0,"comment_status":"closed","ping_status":"closed","template":"","meta":{"footnotes":""},"class_list":["post-39120","page","type-page","status-publish","hentry"],"yoast_head":"<!-- This site is optimized with the Yoast SEO plugin v25.3.1 - https:\/\/yoast.com\/wordpress\/plugins\/seo\/ -->\n<title>Services aux entreprises - Le Magasin Industriel<\/title>\n<meta name=\"robots\" content=\"index, follow, max-snippet:-1, max-image-preview:large, max-video-preview:-1\" \/>\n<link rel=\"canonical\" href=\"https:\/\/autravail.ca\/en\/services-aux-entreprises\/\" \/>\n<meta property=\"og:locale\" content=\"en_US\" \/>\n<meta property=\"og:type\" content=\"article\" \/>\n<meta property=\"og:title\" content=\"Services aux entreprises - Le Magasin Industriel\" \/>\n<meta property=\"og:description\" content=\"CATALOGUE CORPORATIF Ce catalogue pr\u00e9sente les mod\u00e8les disponibles pour votre entreprise.\u00a0Choisissez parmi les mod\u00e8les disponibles sur cette page et compl\u00e9tez le formulaire au bas de la page pour passer votre commande.\u00a0Notez que les prix sont \u00e0 titre indicatifs seulement et qu&rsquo;ils ne repr\u00e9sentent pas les termes de nos accords corporatifs. PASSEZ VOTRE COMMANDE ICI Pr\u00e9nom* [&hellip;]\" \/>\n<meta property=\"og:url\" content=\"https:\/\/autravail.ca\/en\/services-aux-entreprises\/\" \/>\n<meta property=\"og:site_name\" content=\"Le Magasin Industriel\" \/>\n<meta property=\"article:publisher\" content=\"https:\/\/www.facebook.com\/lemagasinindustriel\/?locale=fr_FR\" \/>\n<meta property=\"article:modified_time\" content=\"2025-07-03T15:57:52+00:00\" \/>\n<meta property=\"og:image\" content=\"http:\/\/autravail.ca\/wp-content\/uploads\/2025\/07\/reebok_IB4041_A01.jpg\" \/>\n<meta name=\"twitter:card\" content=\"summary_large_image\" \/>\n<meta name=\"twitter:label1\" content=\"Est. reading time\" \/>\n\t<meta name=\"twitter:data1\" content=\"39 minutes\" \/>\n<script type=\"application\/ld+json\" class=\"yoast-schema-graph\">{\"@context\":\"https:\/\/schema.org\",\"@graph\":[{\"@type\":\"WebPage\",\"@id\":\"https:\/\/autravail.ca\/services-aux-entreprises\/\",\"url\":\"https:\/\/autravail.ca\/services-aux-entreprises\/\",\"name\":\"Services aux entreprises - Le Magasin Industriel\",\"isPartOf\":{\"@id\":\"https:\/\/autravail.ca\/#website\"},\"primaryImageOfPage\":{\"@id\":\"https:\/\/autravail.ca\/services-aux-entreprises\/#primaryimage\"},\"image\":{\"@id\":\"https:\/\/autravail.ca\/services-aux-entreprises\/#primaryimage\"},\"thumbnailUrl\":\"http:\/\/autravail.ca\/wp-content\/uploads\/2025\/07\/reebok_IB4041_A01.jpg\",\"datePublished\":\"2025-07-01T16:28:40+00:00\",\"dateModified\":\"2025-07-03T15:57:52+00:00\",\"breadcrumb\":{\"@id\":\"https:\/\/autravail.ca\/services-aux-entreprises\/#breadcrumb\"},\"inLanguage\":\"en-CA\",\"potentialAction\":[{\"@type\":\"ReadAction\",\"target\":[\"https:\/\/autravail.ca\/services-aux-entreprises\/\"]}]},{\"@type\":\"ImageObject\",\"inLanguage\":\"en-CA\",\"@id\":\"https:\/\/autravail.ca\/services-aux-entreprises\/#primaryimage\",\"url\":\"http:\/\/autravail.ca\/wp-content\/uploads\/2025\/07\/reebok_IB4041_A01.jpg\",\"contentUrl\":\"http:\/\/autravail.ca\/wp-content\/uploads\/2025\/07\/reebok_IB4041_A01.jpg\"},{\"@type\":\"BreadcrumbList\",\"@id\":\"https:\/\/autravail.ca\/services-aux-entreprises\/#breadcrumb\",\"itemListElement\":[{\"@type\":\"ListItem\",\"position\":1,\"name\":\"Accueil\",\"item\":\"https:\/\/autravail.ca\/\"},{\"@type\":\"ListItem\",\"position\":2,\"name\":\"Services aux entreprises\"}]},{\"@type\":\"WebSite\",\"@id\":\"https:\/\/autravail.ca\/#website\",\"url\":\"https:\/\/autravail.ca\/\",\"name\":\"Le Magasin Industriel\",\"description\":\"50 ans de tradition de s\u00e9curit\u00e9 au travail\",\"publisher\":{\"@id\":\"https:\/\/autravail.ca\/#organization\"},\"potentialAction\":[{\"@type\":\"SearchAction\",\"target\":{\"@type\":\"EntryPoint\",\"urlTemplate\":\"https:\/\/autravail.ca\/?s={search_term_string}\"},\"query-input\":{\"@type\":\"PropertyValueSpecification\",\"valueRequired\":true,\"valueName\":\"search_term_string\"}}],\"inLanguage\":\"en-CA\"},{\"@type\":\"Organization\",\"@id\":\"https:\/\/autravail.ca\/#organization\",\"name\":\"Le Magasin Industriel\",\"url\":\"https:\/\/autravail.ca\/\",\"logo\":{\"@type\":\"ImageObject\",\"inLanguage\":\"en-CA\",\"@id\":\"https:\/\/autravail.ca\/#\/schema\/logo\/image\/\",\"url\":\"https:\/\/autravail.ca\/wp-content\/uploads\/2025\/05\/cropped-magasin_industriel_120x.avif\",\"contentUrl\":\"https:\/\/autravail.ca\/wp-content\/uploads\/2025\/05\/cropped-magasin_industriel_120x.avif\",\"width\":120,\"height\":24,\"caption\":\"Le Magasin Industriel\"},\"image\":{\"@id\":\"https:\/\/autravail.ca\/#\/schema\/logo\/image\/\"},\"sameAs\":[\"https:\/\/www.facebook.com\/lemagasinindustriel\/?locale=fr_FR\"]}]}<\/script>\n<!-- \/ Yoast SEO plugin. -->","yoast_head_json":{"title":"Services aux entreprises - Le Magasin Industriel","robots":{"index":"index","follow":"follow","max-snippet":"max-snippet:-1","max-image-preview":"max-image-preview:large","max-video-preview":"max-video-preview:-1"},"canonical":"https:\/\/autravail.ca\/en\/services-aux-entreprises\/","og_locale":"en_US","og_type":"article","og_title":"Services aux entreprises - Le Magasin Industriel","og_description":"CATALOGUE CORPORATIF Ce catalogue pr\u00e9sente les mod\u00e8les disponibles pour votre entreprise.\u00a0Choisissez parmi les mod\u00e8les disponibles sur cette page et compl\u00e9tez le formulaire au bas de la page pour passer votre commande.\u00a0Notez que les prix sont \u00e0 titre indicatifs seulement et qu&rsquo;ils ne repr\u00e9sentent pas les termes de nos accords corporatifs. PASSEZ VOTRE COMMANDE ICI Pr\u00e9nom* [&hellip;]","og_url":"https:\/\/autravail.ca\/en\/services-aux-entreprises\/","og_site_name":"Le Magasin Industriel","article_publisher":"https:\/\/www.facebook.com\/lemagasinindustriel\/?locale=fr_FR","article_modified_time":"2025-07-03T15:57:52+00:00","og_image":[{"url":"http:\/\/autravail.ca\/wp-content\/uploads\/2025\/07\/reebok_IB4041_A01.jpg","type":"","width":"","height":""}],"twitter_card":"summary_large_image","twitter_misc":{"Est. reading time":"39 minutes"},"schema":{"@context":"https:\/\/schema.org","@graph":[{"@type":"WebPage","@id":"https:\/\/autravail.ca\/services-aux-entreprises\/","url":"https:\/\/autravail.ca\/services-aux-entreprises\/","name":"Services aux entreprises - Le Magasin Industriel","isPartOf":{"@id":"https:\/\/autravail.ca\/#website"},"primaryImageOfPage":{"@id":"https:\/\/autravail.ca\/services-aux-entreprises\/#primaryimage"},"image":{"@id":"https:\/\/autravail.ca\/services-aux-entreprises\/#primaryimage"},"thumbnailUrl":"http:\/\/autravail.ca\/wp-content\/uploads\/2025\/07\/reebok_IB4041_A01.jpg","datePublished":"2025-07-01T16:28:40+00:00","dateModified":"2025-07-03T15:57:52+00:00","breadcrumb":{"@id":"https:\/\/autravail.ca\/services-aux-entreprises\/#breadcrumb"},"inLanguage":"en-CA","potentialAction":[{"@type":"ReadAction","target":["https:\/\/autravail.ca\/services-aux-entreprises\/"]}]},{"@type":"ImageObject","inLanguage":"en-CA","@id":"https:\/\/autravail.ca\/services-aux-entreprises\/#primaryimage","url":"http:\/\/autravail.ca\/wp-content\/uploads\/2025\/07\/reebok_IB4041_A01.jpg","contentUrl":"http:\/\/autravail.ca\/wp-content\/uploads\/2025\/07\/reebok_IB4041_A01.jpg"},{"@type":"BreadcrumbList","@id":"https:\/\/autravail.ca\/services-aux-entreprises\/#breadcrumb","itemListElement":[{"@type":"ListItem","position":1,"name":"Accueil","item":"https:\/\/autravail.ca\/"},{"@type":"ListItem","position":2,"name":"Services aux entreprises"}]},{"@type":"WebSite","@id":"https:\/\/autravail.ca\/#website","url":"https:\/\/autravail.ca\/","name":"Le Magasin Industriel","description":"50 ans de tradition de s\u00e9curit\u00e9 au travail","publisher":{"@id":"https:\/\/autravail.ca\/#organization"},"potentialAction":[{"@type":"SearchAction","target":{"@type":"EntryPoint","urlTemplate":"https:\/\/autravail.ca\/?s={search_term_string}"},"query-input":{"@type":"PropertyValueSpecification","valueRequired":true,"valueName":"search_term_string"}}],"inLanguage":"en-CA"},{"@type":"Organization","@id":"https:\/\/autravail.ca\/#organization","name":"Le Magasin Industriel","url":"https:\/\/autravail.ca\/","logo":{"@type":"ImageObject","inLanguage":"en-CA","@id":"https:\/\/autravail.ca\/#\/schema\/logo\/image\/","url":"https:\/\/autravail.ca\/wp-content\/uploads\/2025\/05\/cropped-magasin_industriel_120x.avif","contentUrl":"https:\/\/autravail.ca\/wp-content\/uploads\/2025\/05\/cropped-magasin_industriel_120x.avif","width":120,"height":24,"caption":"Le Magasin Industriel"},"image":{"@id":"https:\/\/autravail.ca\/#\/schema\/logo\/image\/"},"sameAs":["https:\/\/www.facebook.com\/lemagasinindustriel\/?locale=fr_FR"]}]}},"jetpack_sharing_enabled":true,"_links":{"self":[{"href":"https:\/\/autravail.ca\/en\/wp-json\/wp\/v2\/pages\/39120","targetHints":{"allow":["GET"]}}],"collection":[{"href":"https:\/\/autravail.ca\/en\/wp-json\/wp\/v2\/pages"}],"about":[{"href":"https:\/\/autravail.ca\/en\/wp-json\/wp\/v2\/types\/page"}],"author":[{"embeddable":true,"href":"https:\/\/autravail.ca\/en\/wp-json\/wp\/v2\/users\/2"}],"replies":[{"embeddable":true,"href":"https:\/\/autravail.ca\/en\/wp-json\/wp\/v2\/comments?post=39120"}],"version-history":[{"count":6,"href":"https:\/\/autravail.ca\/en\/wp-json\/wp\/v2\/pages\/39120\/revisions"}],"predecessor-version":[{"id":39326,"href":"https:\/\/autravail.ca\/en\/wp-json\/wp\/v2\/pages\/39120\/revisions\/39326"}],"wp:attachment":[{"href":"https:\/\/autravail.ca\/en\/wp-json\/wp\/v2\/media?parent=39120"}],"curies":[{"name":"wp","href":"https:\/\/api.w.org\/{rel}","templated":true}]}}