{"id":38990,"date":"2025-06-25T11:55:11","date_gmt":"2025-06-25T15:55:11","guid":{"rendered":"https:\/\/meteoquebec.ca\/?page_id=38990"},"modified":"2025-06-25T11:56:20","modified_gmt":"2025-06-25T15:56:20","slug":"uniformes","status":"publish","type":"page","link":"https:\/\/autravail.ca\/en\/uniformes\/","title":{"rendered":"uniforms"},"content":{"rendered":"<div data-elementor-type=\"wp-page\" data-elementor-id=\"38990\" class=\"elementor elementor-38990\">\n\t\t\t\t<div class=\"elementor-element elementor-element-5c8599c2 e-flex e-con-boxed e-con e-parent\" data-id=\"5c8599c2\" data-element_type=\"container\">\n\t\t\t\t\t<div class=\"e-con-inner\">\n\t\t\t\t<div class=\"elementor-element elementor-element-cf55c84 elementor-widget elementor-widget-axetor-products\" data-id=\"cf55c84\" data-element_type=\"widget\" data-widget_type=\"axetor-products.default\">\n\t\t\t\t<div class=\"elementor-widget-container\">\n\t\t\t\t\t<div class=\"woocommerce columns-1  woocommerce-product-grid\"><\/div>        \t\t\t\t<\/div>\n\t\t\t\t<\/div>\n\t\t\t\t\t<\/div>\n\t\t\t\t<\/div>\n\t\t\t\t<\/div>","protected":false},"excerpt":{"rendered":"<p>2\u00a0r\u00e9sultats affich\u00e9s Tri par d\u00e9fautTri par popularit\u00e9Tri par notes moyennesTrier du plus r\u00e9cent au plus ancienTri par tarif croissantTri par tarif d\u00e9croissant Add to wishlistCompareQuick view (0) PANTALONS DE TRAVAIL IRONHIDE &#8211; TIMBERLAND 119.99&#36; Choix des options Ce produit a plusieurs variations. Les options peuvent \u00eatre choisies sur la page du produit Choisir une option36-3240-3232-3238-3234-3233-32 [&hellip;]<\/p>","protected":false},"author":1,"featured_media":0,"parent":0,"menu_order":0,"comment_status":"closed","ping_status":"closed","template":"","meta":{"footnotes":""},"class_list":["post-38990","page","type-page","status-publish","hentry"],"yoast_head":"<!-- This site is optimized with the Yoast SEO plugin v25.3.1 - https:\/\/yoast.com\/wordpress\/plugins\/seo\/ -->\n<title>Uniformes - Le Magasin Industriel<\/title>\n<meta name=\"robots\" content=\"index, follow, max-snippet:-1, max-image-preview:large, max-video-preview:-1\" \/>\n<link rel=\"canonical\" href=\"https:\/\/autravail.ca\/en\/uniformes\/\" \/>\n<meta property=\"og:locale\" content=\"en_US\" \/>\n<meta property=\"og:type\" content=\"article\" \/>\n<meta property=\"og:title\" content=\"Uniformes - Le Magasin Industriel\" \/>\n<meta property=\"og:description\" content=\"2\u00a0r\u00e9sultats affich\u00e9s Tri par d\u00e9fautTri par popularit\u00e9Tri par notes moyennesTrier du plus r\u00e9cent au plus ancienTri par tarif croissantTri par tarif d\u00e9croissant Add to wishlistCompareQuick view (0) PANTALONS DE TRAVAIL IRONHIDE &#8211; TIMBERLAND 119.99&#036; Choix des options Ce produit a plusieurs variations. Les options peuvent \u00eatre choisies sur la page du produit Choisir une option36-3240-3232-3238-3234-3233-32 [&hellip;]\" \/>\n<meta property=\"og:url\" content=\"https:\/\/autravail.ca\/en\/uniformes\/\" \/>\n<meta property=\"og:site_name\" content=\"Le Magasin Industriel\" \/>\n<meta property=\"article:publisher\" content=\"https:\/\/www.facebook.com\/lemagasinindustriel\/?locale=fr_FR\" \/>\n<meta property=\"article:modified_time\" content=\"2025-06-25T15:56:20+00:00\" \/>\n<meta property=\"og:image\" content=\"http:\/\/autravail.ca\/wp-content\/uploads\/2025\/05\/Ironhide_Wheat_A-450x450.jpg\" \/>\n<meta name=\"twitter:card\" content=\"summary_large_image\" \/>\n<meta name=\"twitter:label1\" content=\"Est. reading time\" \/>\n\t<meta name=\"twitter:data1\" content=\"1 minute\" \/>\n<script type=\"application\/ld+json\" class=\"yoast-schema-graph\">{\"@context\":\"https:\/\/schema.org\",\"@graph\":[{\"@type\":\"WebPage\",\"@id\":\"https:\/\/autravail.ca\/en\/uniformes\/\",\"url\":\"https:\/\/autravail.ca\/en\/uniformes\/\",\"name\":\"Uniformes - Le Magasin Industriel\",\"isPartOf\":{\"@id\":\"https:\/\/autravail.ca\/#website\"},\"primaryImageOfPage\":{\"@id\":\"https:\/\/autravail.ca\/en\/uniformes\/#primaryimage\"},\"image\":{\"@id\":\"https:\/\/autravail.ca\/en\/uniformes\/#primaryimage\"},\"thumbnailUrl\":\"http:\/\/autravail.ca\/wp-content\/uploads\/2025\/05\/Ironhide_Wheat_A-450x450.jpg\",\"datePublished\":\"2025-06-25T15:55:11+00:00\",\"dateModified\":\"2025-06-25T15:56:20+00:00\",\"breadcrumb\":{\"@id\":\"https:\/\/autravail.ca\/en\/uniformes\/#breadcrumb\"},\"inLanguage\":\"en-CA\",\"potentialAction\":[{\"@type\":\"ReadAction\",\"target\":[\"https:\/\/autravail.ca\/en\/uniformes\/\"]}]},{\"@type\":\"ImageObject\",\"inLanguage\":\"en-CA\",\"@id\":\"https:\/\/autravail.ca\/en\/uniformes\/#primaryimage\",\"url\":\"http:\/\/autravail.ca\/wp-content\/uploads\/2025\/05\/Ironhide_Wheat_A-450x450.jpg\",\"contentUrl\":\"http:\/\/autravail.ca\/wp-content\/uploads\/2025\/05\/Ironhide_Wheat_A-450x450.jpg\"},{\"@type\":\"BreadcrumbList\",\"@id\":\"https:\/\/autravail.ca\/en\/uniformes\/#breadcrumb\",\"itemListElement\":[{\"@type\":\"ListItem\",\"position\":1,\"name\":\"Accueil\",\"item\":\"https:\/\/autravail.ca\/\"},{\"@type\":\"ListItem\",\"position\":2,\"name\":\"Uniformes\"}]},{\"@type\":\"WebSite\",\"@id\":\"https:\/\/autravail.ca\/#website\",\"url\":\"https:\/\/autravail.ca\/\",\"name\":\"Le Magasin Industriel\",\"description\":\"50 ans de tradition de s\u00e9curit\u00e9 au travail\",\"publisher\":{\"@id\":\"https:\/\/autravail.ca\/#organization\"},\"potentialAction\":[{\"@type\":\"SearchAction\",\"target\":{\"@type\":\"EntryPoint\",\"urlTemplate\":\"https:\/\/autravail.ca\/?s={search_term_string}\"},\"query-input\":{\"@type\":\"PropertyValueSpecification\",\"valueRequired\":true,\"valueName\":\"search_term_string\"}}],\"inLanguage\":\"en-CA\"},{\"@type\":\"Organization\",\"@id\":\"https:\/\/autravail.ca\/#organization\",\"name\":\"Le Magasin Industriel\",\"url\":\"https:\/\/autravail.ca\/\",\"logo\":{\"@type\":\"ImageObject\",\"inLanguage\":\"en-CA\",\"@id\":\"https:\/\/autravail.ca\/#\/schema\/logo\/image\/\",\"url\":\"https:\/\/autravail.ca\/wp-content\/uploads\/2025\/05\/cropped-magasin_industriel_120x.avif\",\"contentUrl\":\"https:\/\/autravail.ca\/wp-content\/uploads\/2025\/05\/cropped-magasin_industriel_120x.avif\",\"width\":120,\"height\":24,\"caption\":\"Le Magasin Industriel\"},\"image\":{\"@id\":\"https:\/\/autravail.ca\/#\/schema\/logo\/image\/\"},\"sameAs\":[\"https:\/\/www.facebook.com\/lemagasinindustriel\/?locale=fr_FR\"]}]}<\/script>\n<!-- \/ Yoast SEO plugin. -->","yoast_head_json":{"title":"Uniformes - Le Magasin Industriel","robots":{"index":"index","follow":"follow","max-snippet":"max-snippet:-1","max-image-preview":"max-image-preview:large","max-video-preview":"max-video-preview:-1"},"canonical":"https:\/\/autravail.ca\/en\/uniformes\/","og_locale":"en_US","og_type":"article","og_title":"Uniformes - Le Magasin Industriel","og_description":"2\u00a0r\u00e9sultats affich\u00e9s Tri par d\u00e9fautTri par popularit\u00e9Tri par notes moyennesTrier du plus r\u00e9cent au plus ancienTri par tarif croissantTri par tarif d\u00e9croissant Add to wishlistCompareQuick view (0) PANTALONS DE TRAVAIL IRONHIDE &#8211; TIMBERLAND 119.99&#36; Choix des options Ce produit a plusieurs variations. Les options peuvent \u00eatre choisies sur la page du produit Choisir une option36-3240-3232-3238-3234-3233-32 [&hellip;]","og_url":"https:\/\/autravail.ca\/en\/uniformes\/","og_site_name":"Le Magasin Industriel","article_publisher":"https:\/\/www.facebook.com\/lemagasinindustriel\/?locale=fr_FR","article_modified_time":"2025-06-25T15:56:20+00:00","og_image":[{"url":"http:\/\/autravail.ca\/wp-content\/uploads\/2025\/05\/Ironhide_Wheat_A-450x450.jpg","type":"","width":"","height":""}],"twitter_card":"summary_large_image","twitter_misc":{"Est. reading time":"1 minute"},"schema":{"@context":"https:\/\/schema.org","@graph":[{"@type":"WebPage","@id":"https:\/\/autravail.ca\/en\/uniformes\/","url":"https:\/\/autravail.ca\/en\/uniformes\/","name":"Uniformes - Le Magasin Industriel","isPartOf":{"@id":"https:\/\/autravail.ca\/#website"},"primaryImageOfPage":{"@id":"https:\/\/autravail.ca\/en\/uniformes\/#primaryimage"},"image":{"@id":"https:\/\/autravail.ca\/en\/uniformes\/#primaryimage"},"thumbnailUrl":"http:\/\/autravail.ca\/wp-content\/uploads\/2025\/05\/Ironhide_Wheat_A-450x450.jpg","datePublished":"2025-06-25T15:55:11+00:00","dateModified":"2025-06-25T15:56:20+00:00","breadcrumb":{"@id":"https:\/\/autravail.ca\/en\/uniformes\/#breadcrumb"},"inLanguage":"en-CA","potentialAction":[{"@type":"ReadAction","target":["https:\/\/autravail.ca\/en\/uniformes\/"]}]},{"@type":"ImageObject","inLanguage":"en-CA","@id":"https:\/\/autravail.ca\/en\/uniformes\/#primaryimage","url":"http:\/\/autravail.ca\/wp-content\/uploads\/2025\/05\/Ironhide_Wheat_A-450x450.jpg","contentUrl":"http:\/\/autravail.ca\/wp-content\/uploads\/2025\/05\/Ironhide_Wheat_A-450x450.jpg"},{"@type":"BreadcrumbList","@id":"https:\/\/autravail.ca\/en\/uniformes\/#breadcrumb","itemListElement":[{"@type":"ListItem","position":1,"name":"Accueil","item":"https:\/\/autravail.ca\/"},{"@type":"ListItem","position":2,"name":"Uniformes"}]},{"@type":"WebSite","@id":"https:\/\/autravail.ca\/#website","url":"https:\/\/autravail.ca\/","name":"Le Magasin Industriel","description":"50 ans de tradition de s\u00e9curit\u00e9 au travail","publisher":{"@id":"https:\/\/autravail.ca\/#organization"},"potentialAction":[{"@type":"SearchAction","target":{"@type":"EntryPoint","urlTemplate":"https:\/\/autravail.ca\/?s={search_term_string}"},"query-input":{"@type":"PropertyValueSpecification","valueRequired":true,"valueName":"search_term_string"}}],"inLanguage":"en-CA"},{"@type":"Organization","@id":"https:\/\/autravail.ca\/#organization","name":"Le Magasin Industriel","url":"https:\/\/autravail.ca\/","logo":{"@type":"ImageObject","inLanguage":"en-CA","@id":"https:\/\/autravail.ca\/#\/schema\/logo\/image\/","url":"https:\/\/autravail.ca\/wp-content\/uploads\/2025\/05\/cropped-magasin_industriel_120x.avif","contentUrl":"https:\/\/autravail.ca\/wp-content\/uploads\/2025\/05\/cropped-magasin_industriel_120x.avif","width":120,"height":24,"caption":"Le Magasin Industriel"},"image":{"@id":"https:\/\/autravail.ca\/#\/schema\/logo\/image\/"},"sameAs":["https:\/\/www.facebook.com\/lemagasinindustriel\/?locale=fr_FR"]}]}},"jetpack_sharing_enabled":true,"_links":{"self":[{"href":"https:\/\/autravail.ca\/en\/wp-json\/wp\/v2\/pages\/38990","targetHints":{"allow":["GET"]}}],"collection":[{"href":"https:\/\/autravail.ca\/en\/wp-json\/wp\/v2\/pages"}],"about":[{"href":"https:\/\/autravail.ca\/en\/wp-json\/wp\/v2\/types\/page"}],"author":[{"embeddable":true,"href":"https:\/\/autravail.ca\/en\/wp-json\/wp\/v2\/users\/1"}],"replies":[{"embeddable":true,"href":"https:\/\/autravail.ca\/en\/wp-json\/wp\/v2\/comments?post=38990"}],"version-history":[{"count":0,"href":"https:\/\/autravail.ca\/en\/wp-json\/wp\/v2\/pages\/38990\/revisions"}],"wp:attachment":[{"href":"https:\/\/autravail.ca\/en\/wp-json\/wp\/v2\/media?parent=38990"}],"curies":[{"name":"wp","href":"https:\/\/api.w.org\/{rel}","templated":true}]}}