{"id":38840,"date":"2025-06-19T16:57:47","date_gmt":"2025-06-19T20:57:47","guid":{"rendered":"https:\/\/meteoquebec.ca\/?page_id=38840"},"modified":"2025-07-03T12:07:17","modified_gmt":"2025-07-03T16:07:17","slug":"casquettes","status":"publish","type":"page","link":"https:\/\/autravail.ca\/en\/casquettes\/","title":{"rendered":"Beanies"},"content":{"rendered":"<div data-elementor-type=\"wp-page\" data-elementor-id=\"38840\" class=\"elementor elementor-38840\">\n\t\t\t\t<div class=\"elementor-element elementor-element-652fc455 e-flex e-con-boxed e-con e-parent\" data-id=\"652fc455\" data-element_type=\"container\">\n\t\t\t\t\t<div class=\"e-con-inner\">\n\t\t\t\t<div class=\"elementor-element elementor-element-631d7718 elementor-widget elementor-widget-axetor-products\" data-id=\"631d7718\" data-element_type=\"widget\" data-widget_type=\"axetor-products.default\">\n\t\t\t\t<div class=\"elementor-widget-container\">\n\t\t\t\t\t<div class=\"woocommerce columns-1  woocommerce-product-grid\"><\/div>        \t\t\t\t<\/div>\n\t\t\t\t<\/div>\n\t\t\t\t\t<\/div>\n\t\t\t\t<\/div>\n\t\t\t\t<\/div>","protected":false},"excerpt":{"rendered":"<p>3\u00a0r\u00e9sultats affich\u00e9s Tri par d\u00e9fautTri par popularit\u00e9Tri par notes moyennesTrier du plus r\u00e9cent au plus ancienTri par tarif croissantTri par tarif d\u00e9croissant Add to wishlistCompareQuick view (0) 6606 &#8211; CASQUETTE CAMIONNEUR R\u00c9TRO 19.99&#36; Choix des options Ce produit a plusieurs variations. Les options peuvent \u00eatre choisies sur la page du produit Choisir une optionUnique Unique [&hellip;]<\/p>","protected":false},"author":2,"featured_media":0,"parent":0,"menu_order":0,"comment_status":"closed","ping_status":"closed","template":"","meta":{"footnotes":""},"class_list":["post-38840","page","type-page","status-publish","hentry"],"yoast_head":"<!-- This site is optimized with the Yoast SEO plugin v25.3.1 - https:\/\/yoast.com\/wordpress\/plugins\/seo\/ -->\n<title>Casquettes - Le Magasin Industriel<\/title>\n<meta name=\"robots\" content=\"index, follow, max-snippet:-1, max-image-preview:large, max-video-preview:-1\" \/>\n<link rel=\"canonical\" href=\"https:\/\/autravail.ca\/en\/casquettes\/\" \/>\n<meta property=\"og:locale\" content=\"en_US\" \/>\n<meta property=\"og:type\" content=\"article\" \/>\n<meta property=\"og:title\" content=\"Casquettes - Le Magasin Industriel\" \/>\n<meta property=\"og:description\" content=\"3\u00a0r\u00e9sultats affich\u00e9s Tri par d\u00e9fautTri par popularit\u00e9Tri par notes moyennesTrier du plus r\u00e9cent au plus ancienTri par tarif croissantTri par tarif d\u00e9croissant Add to wishlistCompareQuick view (0) 6606 &#8211; CASQUETTE CAMIONNEUR R\u00c9TRO 19.99&#036; Choix des options Ce produit a plusieurs variations. Les options peuvent \u00eatre choisies sur la page du produit Choisir une optionUnique Unique [&hellip;]\" \/>\n<meta property=\"og:url\" content=\"https:\/\/autravail.ca\/en\/casquettes\/\" \/>\n<meta property=\"og:site_name\" content=\"Le Magasin Industriel\" \/>\n<meta property=\"article:publisher\" content=\"https:\/\/www.facebook.com\/lemagasinindustriel\/?locale=fr_FR\" \/>\n<meta property=\"article:modified_time\" content=\"2025-07-03T16:07:17+00:00\" \/>\n<meta property=\"og:image\" content=\"http:\/\/autravail.ca\/wp-content\/uploads\/2025\/05\/6606_blk_A01-450x450.jpg\" \/>\n<meta name=\"twitter:card\" content=\"summary_large_image\" \/>\n<meta name=\"twitter:label1\" content=\"Est. reading time\" \/>\n\t<meta name=\"twitter:data1\" content=\"7 minutes\" \/>\n<script type=\"application\/ld+json\" class=\"yoast-schema-graph\">{\"@context\":\"https:\/\/schema.org\",\"@graph\":[{\"@type\":\"WebPage\",\"@id\":\"https:\/\/autravail.ca\/casquettes\/\",\"url\":\"https:\/\/autravail.ca\/casquettes\/\",\"name\":\"Casquettes - Le Magasin Industriel\",\"isPartOf\":{\"@id\":\"https:\/\/autravail.ca\/#website\"},\"primaryImageOfPage\":{\"@id\":\"https:\/\/autravail.ca\/casquettes\/#primaryimage\"},\"image\":{\"@id\":\"https:\/\/autravail.ca\/casquettes\/#primaryimage\"},\"thumbnailUrl\":\"http:\/\/autravail.ca\/wp-content\/uploads\/2025\/05\/6606_blk_A01-450x450.jpg\",\"datePublished\":\"2025-06-19T20:57:47+00:00\",\"dateModified\":\"2025-07-03T16:07:17+00:00\",\"breadcrumb\":{\"@id\":\"https:\/\/autravail.ca\/casquettes\/#breadcrumb\"},\"inLanguage\":\"en-CA\",\"potentialAction\":[{\"@type\":\"ReadAction\",\"target\":[\"https:\/\/autravail.ca\/casquettes\/\"]}]},{\"@type\":\"ImageObject\",\"inLanguage\":\"en-CA\",\"@id\":\"https:\/\/autravail.ca\/casquettes\/#primaryimage\",\"url\":\"http:\/\/autravail.ca\/wp-content\/uploads\/2025\/05\/6606_blk_A01-450x450.jpg\",\"contentUrl\":\"http:\/\/autravail.ca\/wp-content\/uploads\/2025\/05\/6606_blk_A01-450x450.jpg\"},{\"@type\":\"BreadcrumbList\",\"@id\":\"https:\/\/autravail.ca\/casquettes\/#breadcrumb\",\"itemListElement\":[{\"@type\":\"ListItem\",\"position\":1,\"name\":\"Accueil\",\"item\":\"https:\/\/autravail.ca\/\"},{\"@type\":\"ListItem\",\"position\":2,\"name\":\"Casquettes\"}]},{\"@type\":\"WebSite\",\"@id\":\"https:\/\/autravail.ca\/#website\",\"url\":\"https:\/\/autravail.ca\/\",\"name\":\"Le Magasin Industriel\",\"description\":\"50 ans de tradition de s\u00e9curit\u00e9 au travail\",\"publisher\":{\"@id\":\"https:\/\/autravail.ca\/#organization\"},\"potentialAction\":[{\"@type\":\"SearchAction\",\"target\":{\"@type\":\"EntryPoint\",\"urlTemplate\":\"https:\/\/autravail.ca\/?s={search_term_string}\"},\"query-input\":{\"@type\":\"PropertyValueSpecification\",\"valueRequired\":true,\"valueName\":\"search_term_string\"}}],\"inLanguage\":\"en-CA\"},{\"@type\":\"Organization\",\"@id\":\"https:\/\/autravail.ca\/#organization\",\"name\":\"Le Magasin Industriel\",\"url\":\"https:\/\/autravail.ca\/\",\"logo\":{\"@type\":\"ImageObject\",\"inLanguage\":\"en-CA\",\"@id\":\"https:\/\/autravail.ca\/#\/schema\/logo\/image\/\",\"url\":\"https:\/\/autravail.ca\/wp-content\/uploads\/2025\/05\/cropped-magasin_industriel_120x.avif\",\"contentUrl\":\"https:\/\/autravail.ca\/wp-content\/uploads\/2025\/05\/cropped-magasin_industriel_120x.avif\",\"width\":120,\"height\":24,\"caption\":\"Le Magasin Industriel\"},\"image\":{\"@id\":\"https:\/\/autravail.ca\/#\/schema\/logo\/image\/\"},\"sameAs\":[\"https:\/\/www.facebook.com\/lemagasinindustriel\/?locale=fr_FR\"]}]}<\/script>\n<!-- \/ Yoast SEO plugin. -->","yoast_head_json":{"title":"Casquettes - Le Magasin Industriel","robots":{"index":"index","follow":"follow","max-snippet":"max-snippet:-1","max-image-preview":"max-image-preview:large","max-video-preview":"max-video-preview:-1"},"canonical":"https:\/\/autravail.ca\/en\/casquettes\/","og_locale":"en_US","og_type":"article","og_title":"Casquettes - Le Magasin Industriel","og_description":"3\u00a0r\u00e9sultats affich\u00e9s Tri par d\u00e9fautTri par popularit\u00e9Tri par notes moyennesTrier du plus r\u00e9cent au plus ancienTri par tarif croissantTri par tarif d\u00e9croissant Add to wishlistCompareQuick view (0) 6606 &#8211; CASQUETTE CAMIONNEUR R\u00c9TRO 19.99&#36; Choix des options Ce produit a plusieurs variations. Les options peuvent \u00eatre choisies sur la page du produit Choisir une optionUnique Unique [&hellip;]","og_url":"https:\/\/autravail.ca\/en\/casquettes\/","og_site_name":"Le Magasin Industriel","article_publisher":"https:\/\/www.facebook.com\/lemagasinindustriel\/?locale=fr_FR","article_modified_time":"2025-07-03T16:07:17+00:00","og_image":[{"url":"http:\/\/autravail.ca\/wp-content\/uploads\/2025\/05\/6606_blk_A01-450x450.jpg","type":"","width":"","height":""}],"twitter_card":"summary_large_image","twitter_misc":{"Est. reading time":"7 minutes"},"schema":{"@context":"https:\/\/schema.org","@graph":[{"@type":"WebPage","@id":"https:\/\/autravail.ca\/casquettes\/","url":"https:\/\/autravail.ca\/casquettes\/","name":"Casquettes - Le Magasin Industriel","isPartOf":{"@id":"https:\/\/autravail.ca\/#website"},"primaryImageOfPage":{"@id":"https:\/\/autravail.ca\/casquettes\/#primaryimage"},"image":{"@id":"https:\/\/autravail.ca\/casquettes\/#primaryimage"},"thumbnailUrl":"http:\/\/autravail.ca\/wp-content\/uploads\/2025\/05\/6606_blk_A01-450x450.jpg","datePublished":"2025-06-19T20:57:47+00:00","dateModified":"2025-07-03T16:07:17+00:00","breadcrumb":{"@id":"https:\/\/autravail.ca\/casquettes\/#breadcrumb"},"inLanguage":"en-CA","potentialAction":[{"@type":"ReadAction","target":["https:\/\/autravail.ca\/casquettes\/"]}]},{"@type":"ImageObject","inLanguage":"en-CA","@id":"https:\/\/autravail.ca\/casquettes\/#primaryimage","url":"http:\/\/autravail.ca\/wp-content\/uploads\/2025\/05\/6606_blk_A01-450x450.jpg","contentUrl":"http:\/\/autravail.ca\/wp-content\/uploads\/2025\/05\/6606_blk_A01-450x450.jpg"},{"@type":"BreadcrumbList","@id":"https:\/\/autravail.ca\/casquettes\/#breadcrumb","itemListElement":[{"@type":"ListItem","position":1,"name":"Accueil","item":"https:\/\/autravail.ca\/"},{"@type":"ListItem","position":2,"name":"Casquettes"}]},{"@type":"WebSite","@id":"https:\/\/autravail.ca\/#website","url":"https:\/\/autravail.ca\/","name":"Le Magasin Industriel","description":"50 ans de tradition de s\u00e9curit\u00e9 au travail","publisher":{"@id":"https:\/\/autravail.ca\/#organization"},"potentialAction":[{"@type":"SearchAction","target":{"@type":"EntryPoint","urlTemplate":"https:\/\/autravail.ca\/?s={search_term_string}"},"query-input":{"@type":"PropertyValueSpecification","valueRequired":true,"valueName":"search_term_string"}}],"inLanguage":"en-CA"},{"@type":"Organization","@id":"https:\/\/autravail.ca\/#organization","name":"Le Magasin Industriel","url":"https:\/\/autravail.ca\/","logo":{"@type":"ImageObject","inLanguage":"en-CA","@id":"https:\/\/autravail.ca\/#\/schema\/logo\/image\/","url":"https:\/\/autravail.ca\/wp-content\/uploads\/2025\/05\/cropped-magasin_industriel_120x.avif","contentUrl":"https:\/\/autravail.ca\/wp-content\/uploads\/2025\/05\/cropped-magasin_industriel_120x.avif","width":120,"height":24,"caption":"Le Magasin Industriel"},"image":{"@id":"https:\/\/autravail.ca\/#\/schema\/logo\/image\/"},"sameAs":["https:\/\/www.facebook.com\/lemagasinindustriel\/?locale=fr_FR"]}]}},"jetpack_sharing_enabled":true,"_links":{"self":[{"href":"https:\/\/autravail.ca\/en\/wp-json\/wp\/v2\/pages\/38840","targetHints":{"allow":["GET"]}}],"collection":[{"href":"https:\/\/autravail.ca\/en\/wp-json\/wp\/v2\/pages"}],"about":[{"href":"https:\/\/autravail.ca\/en\/wp-json\/wp\/v2\/types\/page"}],"author":[{"embeddable":true,"href":"https:\/\/autravail.ca\/en\/wp-json\/wp\/v2\/users\/2"}],"replies":[{"embeddable":true,"href":"https:\/\/autravail.ca\/en\/wp-json\/wp\/v2\/comments?post=38840"}],"version-history":[{"count":3,"href":"https:\/\/autravail.ca\/en\/wp-json\/wp\/v2\/pages\/38840\/revisions"}],"predecessor-version":[{"id":39356,"href":"https:\/\/autravail.ca\/en\/wp-json\/wp\/v2\/pages\/38840\/revisions\/39356"}],"wp:attachment":[{"href":"https:\/\/autravail.ca\/en\/wp-json\/wp\/v2\/media?parent=38840"}],"curies":[{"name":"wp","href":"https:\/\/api.w.org\/{rel}","templated":true}]}}