{"id":38657,"date":"2025-06-19T15:58:25","date_gmt":"2025-06-19T19:58:25","guid":{"rendered":"https:\/\/meteoquebec.ca\/?page_id=38657"},"modified":"2025-07-11T09:53:14","modified_gmt":"2025-07-11T13:53:14","slug":"bottes-de-pluie-csa","status":"publish","type":"page","link":"https:\/\/autravail.ca\/en\/bottes-de-pluie-csa\/","title":{"rendered":"Rain boots CSA"},"content":{"rendered":"<div data-elementor-type=\"wp-page\" data-elementor-id=\"38657\" class=\"elementor elementor-38657\">\n\t\t\t\t<div class=\"elementor-element elementor-element-cf5df49 e-flex e-con-boxed e-con e-parent\" data-id=\"cf5df49\" data-element_type=\"container\">\n\t\t\t\t\t<div class=\"e-con-inner\">\n\t\t\t\t<div class=\"elementor-element elementor-element-42eff26a elementor-widget elementor-widget-axetor-products\" data-id=\"42eff26a\" data-element_type=\"widget\" data-widget_type=\"axetor-products.default\">\n\t\t\t\t<div class=\"elementor-widget-container\">\n\t\t\t\t\t<div class=\"woocommerce columns-1  woocommerce-product-grid\"><\/div>        \t\t\t\t<\/div>\n\t\t\t\t<\/div>\n\t\t\t\t\t<\/div>\n\t\t\t\t<\/div>\n\t\t\t\t<\/div>","protected":false},"excerpt":{"rendered":"<p>18\u00a0r\u00e9sultats affich\u00e9s Tri par d\u00e9fautTri par popularit\u00e9Tri par notes moyennesTrier du plus r\u00e9cent au plus ancienTri par tarif croissantTri par tarif d\u00e9croissant Ajouter \u00e0 la liste de souhaitsComparerQuick view (0) D762943-15 &#8211; BOTTE DE TRAVAIL &#8211; PUROFORT 219.99&#36; Choix des options Ce produit a plusieurs variations. Les options peuvent \u00eatre choisies sur la page du [&hellip;]<\/p>","protected":false},"author":2,"featured_media":0,"parent":0,"menu_order":0,"comment_status":"closed","ping_status":"closed","template":"","meta":{"footnotes":""},"class_list":["post-38657","page","type-page","status-publish","hentry"],"yoast_head":"<!-- This site is optimized with the Yoast SEO plugin v25.3.1 - https:\/\/yoast.com\/wordpress\/plugins\/seo\/ -->\n<title>Bottes de pluie CSA - Le Magasin Industriel<\/title>\n<meta name=\"robots\" content=\"index, follow, max-snippet:-1, max-image-preview:large, max-video-preview:-1\" \/>\n<link rel=\"canonical\" href=\"https:\/\/autravail.ca\/en\/bottes-de-pluie-csa\/\" \/>\n<meta property=\"og:locale\" content=\"en_US\" \/>\n<meta property=\"og:type\" content=\"article\" \/>\n<meta property=\"og:title\" content=\"Bottes de pluie CSA - Le Magasin Industriel\" \/>\n<meta property=\"og:description\" content=\"18\u00a0r\u00e9sultats affich\u00e9s Tri par d\u00e9fautTri par popularit\u00e9Tri par notes moyennesTrier du plus r\u00e9cent au plus ancienTri par tarif croissantTri par tarif d\u00e9croissant Ajouter \u00e0 la liste de souhaitsComparerQuick view (0) D762943-15 &#8211; BOTTE DE TRAVAIL &#8211; PUROFORT 219.99&#036; Choix des options Ce produit a plusieurs variations. Les options peuvent \u00eatre choisies sur la page du [&hellip;]\" \/>\n<meta property=\"og:url\" content=\"https:\/\/autravail.ca\/en\/bottes-de-pluie-csa\/\" \/>\n<meta property=\"og:site_name\" content=\"Le Magasin Industriel\" \/>\n<meta property=\"article:publisher\" content=\"https:\/\/www.facebook.com\/lemagasinindustriel\/?locale=fr_FR\" \/>\n<meta property=\"article:modified_time\" content=\"2025-07-11T13:53:14+00:00\" \/>\n<meta property=\"og:image\" content=\"https:\/\/autravail.ca\/wp-content\/uploads\/2025\/05\/D762943-15_A001-450x450.jpg\" \/>\n<meta name=\"twitter:card\" content=\"summary_large_image\" \/>\n<meta name=\"twitter:label1\" content=\"Est. reading time\" \/>\n\t<meta name=\"twitter:data1\" content=\"33 minutes\" \/>\n<script type=\"application\/ld+json\" class=\"yoast-schema-graph\">{\"@context\":\"https:\/\/schema.org\",\"@graph\":[{\"@type\":\"WebPage\",\"@id\":\"https:\/\/autravail.ca\/en\/bottes-de-pluie-csa\/\",\"url\":\"https:\/\/autravail.ca\/en\/bottes-de-pluie-csa\/\",\"name\":\"Bottes de pluie CSA - Le Magasin Industriel\",\"isPartOf\":{\"@id\":\"https:\/\/autravail.ca\/#website\"},\"primaryImageOfPage\":{\"@id\":\"https:\/\/autravail.ca\/en\/bottes-de-pluie-csa\/#primaryimage\"},\"image\":{\"@id\":\"https:\/\/autravail.ca\/en\/bottes-de-pluie-csa\/#primaryimage\"},\"thumbnailUrl\":\"https:\/\/autravail.ca\/wp-content\/uploads\/2025\/05\/D762943-15_A001-450x450.jpg\",\"datePublished\":\"2025-06-19T19:58:25+00:00\",\"dateModified\":\"2025-07-11T13:53:14+00:00\",\"breadcrumb\":{\"@id\":\"https:\/\/autravail.ca\/en\/bottes-de-pluie-csa\/#breadcrumb\"},\"inLanguage\":\"en-CA\",\"potentialAction\":[{\"@type\":\"ReadAction\",\"target\":[\"https:\/\/autravail.ca\/en\/bottes-de-pluie-csa\/\"]}]},{\"@type\":\"ImageObject\",\"inLanguage\":\"en-CA\",\"@id\":\"https:\/\/autravail.ca\/en\/bottes-de-pluie-csa\/#primaryimage\",\"url\":\"https:\/\/autravail.ca\/wp-content\/uploads\/2025\/05\/D762943-15_A001-450x450.jpg\",\"contentUrl\":\"https:\/\/autravail.ca\/wp-content\/uploads\/2025\/05\/D762943-15_A001-450x450.jpg\"},{\"@type\":\"BreadcrumbList\",\"@id\":\"https:\/\/autravail.ca\/en\/bottes-de-pluie-csa\/#breadcrumb\",\"itemListElement\":[{\"@type\":\"ListItem\",\"position\":1,\"name\":\"Accueil\",\"item\":\"https:\/\/autravail.ca\/\"},{\"@type\":\"ListItem\",\"position\":2,\"name\":\"Bottes de pluie CSA\"}]},{\"@type\":\"WebSite\",\"@id\":\"https:\/\/autravail.ca\/#website\",\"url\":\"https:\/\/autravail.ca\/\",\"name\":\"Le Magasin Industriel\",\"description\":\"50 ans de tradition de s\u00e9curit\u00e9 au travail\",\"publisher\":{\"@id\":\"https:\/\/autravail.ca\/#organization\"},\"potentialAction\":[{\"@type\":\"SearchAction\",\"target\":{\"@type\":\"EntryPoint\",\"urlTemplate\":\"https:\/\/autravail.ca\/?s={search_term_string}\"},\"query-input\":{\"@type\":\"PropertyValueSpecification\",\"valueRequired\":true,\"valueName\":\"search_term_string\"}}],\"inLanguage\":\"en-CA\"},{\"@type\":\"Organization\",\"@id\":\"https:\/\/autravail.ca\/#organization\",\"name\":\"Le Magasin Industriel\",\"url\":\"https:\/\/autravail.ca\/\",\"logo\":{\"@type\":\"ImageObject\",\"inLanguage\":\"en-CA\",\"@id\":\"https:\/\/autravail.ca\/#\/schema\/logo\/image\/\",\"url\":\"https:\/\/autravail.ca\/wp-content\/uploads\/2025\/05\/cropped-magasin_industriel_120x.avif\",\"contentUrl\":\"https:\/\/autravail.ca\/wp-content\/uploads\/2025\/05\/cropped-magasin_industriel_120x.avif\",\"width\":120,\"height\":24,\"caption\":\"Le Magasin Industriel\"},\"image\":{\"@id\":\"https:\/\/autravail.ca\/#\/schema\/logo\/image\/\"},\"sameAs\":[\"https:\/\/www.facebook.com\/lemagasinindustriel\/?locale=fr_FR\"]}]}<\/script>\n<!-- \/ Yoast SEO plugin. -->","yoast_head_json":{"title":"Bottes de pluie CSA - Le Magasin Industriel","robots":{"index":"index","follow":"follow","max-snippet":"max-snippet:-1","max-image-preview":"max-image-preview:large","max-video-preview":"max-video-preview:-1"},"canonical":"https:\/\/autravail.ca\/en\/bottes-de-pluie-csa\/","og_locale":"en_US","og_type":"article","og_title":"Bottes de pluie CSA - Le Magasin Industriel","og_description":"18\u00a0r\u00e9sultats affich\u00e9s Tri par d\u00e9fautTri par popularit\u00e9Tri par notes moyennesTrier du plus r\u00e9cent au plus ancienTri par tarif croissantTri par tarif d\u00e9croissant Ajouter \u00e0 la liste de souhaitsComparerQuick view (0) D762943-15 &#8211; BOTTE DE TRAVAIL &#8211; PUROFORT 219.99&#36; Choix des options Ce produit a plusieurs variations. Les options peuvent \u00eatre choisies sur la page du [&hellip;]","og_url":"https:\/\/autravail.ca\/en\/bottes-de-pluie-csa\/","og_site_name":"Le Magasin Industriel","article_publisher":"https:\/\/www.facebook.com\/lemagasinindustriel\/?locale=fr_FR","article_modified_time":"2025-07-11T13:53:14+00:00","og_image":[{"url":"https:\/\/autravail.ca\/wp-content\/uploads\/2025\/05\/D762943-15_A001-450x450.jpg","type":"","width":"","height":""}],"twitter_card":"summary_large_image","twitter_misc":{"Est. reading time":"33 minutes"},"schema":{"@context":"https:\/\/schema.org","@graph":[{"@type":"WebPage","@id":"https:\/\/autravail.ca\/en\/bottes-de-pluie-csa\/","url":"https:\/\/autravail.ca\/en\/bottes-de-pluie-csa\/","name":"Bottes de pluie CSA - Le Magasin Industriel","isPartOf":{"@id":"https:\/\/autravail.ca\/#website"},"primaryImageOfPage":{"@id":"https:\/\/autravail.ca\/en\/bottes-de-pluie-csa\/#primaryimage"},"image":{"@id":"https:\/\/autravail.ca\/en\/bottes-de-pluie-csa\/#primaryimage"},"thumbnailUrl":"https:\/\/autravail.ca\/wp-content\/uploads\/2025\/05\/D762943-15_A001-450x450.jpg","datePublished":"2025-06-19T19:58:25+00:00","dateModified":"2025-07-11T13:53:14+00:00","breadcrumb":{"@id":"https:\/\/autravail.ca\/en\/bottes-de-pluie-csa\/#breadcrumb"},"inLanguage":"en-CA","potentialAction":[{"@type":"ReadAction","target":["https:\/\/autravail.ca\/en\/bottes-de-pluie-csa\/"]}]},{"@type":"ImageObject","inLanguage":"en-CA","@id":"https:\/\/autravail.ca\/en\/bottes-de-pluie-csa\/#primaryimage","url":"https:\/\/autravail.ca\/wp-content\/uploads\/2025\/05\/D762943-15_A001-450x450.jpg","contentUrl":"https:\/\/autravail.ca\/wp-content\/uploads\/2025\/05\/D762943-15_A001-450x450.jpg"},{"@type":"BreadcrumbList","@id":"https:\/\/autravail.ca\/en\/bottes-de-pluie-csa\/#breadcrumb","itemListElement":[{"@type":"ListItem","position":1,"name":"Accueil","item":"https:\/\/autravail.ca\/"},{"@type":"ListItem","position":2,"name":"Bottes de pluie CSA"}]},{"@type":"WebSite","@id":"https:\/\/autravail.ca\/#website","url":"https:\/\/autravail.ca\/","name":"Le Magasin Industriel","description":"50 ans de tradition de s\u00e9curit\u00e9 au travail","publisher":{"@id":"https:\/\/autravail.ca\/#organization"},"potentialAction":[{"@type":"SearchAction","target":{"@type":"EntryPoint","urlTemplate":"https:\/\/autravail.ca\/?s={search_term_string}"},"query-input":{"@type":"PropertyValueSpecification","valueRequired":true,"valueName":"search_term_string"}}],"inLanguage":"en-CA"},{"@type":"Organization","@id":"https:\/\/autravail.ca\/#organization","name":"Le Magasin Industriel","url":"https:\/\/autravail.ca\/","logo":{"@type":"ImageObject","inLanguage":"en-CA","@id":"https:\/\/autravail.ca\/#\/schema\/logo\/image\/","url":"https:\/\/autravail.ca\/wp-content\/uploads\/2025\/05\/cropped-magasin_industriel_120x.avif","contentUrl":"https:\/\/autravail.ca\/wp-content\/uploads\/2025\/05\/cropped-magasin_industriel_120x.avif","width":120,"height":24,"caption":"Le Magasin Industriel"},"image":{"@id":"https:\/\/autravail.ca\/#\/schema\/logo\/image\/"},"sameAs":["https:\/\/www.facebook.com\/lemagasinindustriel\/?locale=fr_FR"]}]}},"jetpack_sharing_enabled":true,"_links":{"self":[{"href":"https:\/\/autravail.ca\/en\/wp-json\/wp\/v2\/pages\/38657","targetHints":{"allow":["GET"]}}],"collection":[{"href":"https:\/\/autravail.ca\/en\/wp-json\/wp\/v2\/pages"}],"about":[{"href":"https:\/\/autravail.ca\/en\/wp-json\/wp\/v2\/types\/page"}],"author":[{"embeddable":true,"href":"https:\/\/autravail.ca\/en\/wp-json\/wp\/v2\/users\/2"}],"replies":[{"embeddable":true,"href":"https:\/\/autravail.ca\/en\/wp-json\/wp\/v2\/comments?post=38657"}],"version-history":[{"count":3,"href":"https:\/\/autravail.ca\/en\/wp-json\/wp\/v2\/pages\/38657\/revisions"}],"predecessor-version":[{"id":39618,"href":"https:\/\/autravail.ca\/en\/wp-json\/wp\/v2\/pages\/38657\/revisions\/39618"}],"wp:attachment":[{"href":"https:\/\/autravail.ca\/en\/wp-json\/wp\/v2\/media?parent=38657"}],"curies":[{"name":"wp","href":"https:\/\/api.w.org\/{rel}","templated":true}]}}