{"id":38294,"date":"2025-05-14T11:45:27","date_gmt":"2025-05-14T15:45:27","guid":{"rendered":"https:\/\/meteoquebec.ca\/?page_id=38294"},"modified":"2025-10-01T14:03:34","modified_gmt":"2025-10-01T18:03:34","slug":"atelier-de-broderie","status":"publish","type":"page","link":"https:\/\/autravail.ca\/en\/atelier-de-broderie\/","title":{"rendered":"Atelier de broderie"},"content":{"rendered":"<div data-elementor-type=\"wp-page\" data-elementor-id=\"38294\" class=\"elementor elementor-38294\">\n\t\t\t\t<div class=\"elementor-element elementor-element-0f0b5ce e-flex e-con-boxed e-con e-parent\" data-id=\"0f0b5ce\" data-element_type=\"container\">\n\t\t\t\t\t<div class=\"e-con-inner\">\n\t\t<div class=\"elementor-element elementor-element-b15b4da e-con-full e-flex e-con e-child\" data-id=\"b15b4da\" data-element_type=\"container\">\n\t\t\t\t<div class=\"elementor-element elementor-element-39b75e8 elementor-widget elementor-widget-text-editor\" data-id=\"39b75e8\" data-element_type=\"widget\" data-widget_type=\"text-editor.default\">\n\t\t\t\t<div class=\"elementor-widget-container\">\n\t\t\t\t\t\t\t\t\t<h3>L\u2019atelier de broderie du Magasin Industriel\u00a0<\/h3><h5><br \/>L\u2019\u00e9l\u00e9gance au fil de votre image<\/h5><p>Pour une image professionnelle qui vous d\u00e9marque, notre atelier de broderie vous offre bien plus qu\u2019un simple service : un savoir-faire in\u00e9gal\u00e9, au croisement de la pr\u00e9cision artisanale et de l\u2019excellence technique. Chaque broderie est r\u00e9alis\u00e9e avec minutie, pour refl\u00e9ter fid\u00e8lement l\u2019identit\u00e9 de votre entreprise.<\/p><p>Nous cr\u00e9ons des v\u00eatements personnalis\u00e9s, pens\u00e9s pour \u00eatre uniques \u00e0 votre marque. Que ce soit pour des uniformes, des tenues corporatives ou des pi\u00e8ces promotionnelles, notre broderie ajoute une touche distinctive et durable \u00e0 chaque item. Nos broderies r\u00e9sistent au temps et aux usages intensifs, tout en conservant leur \u00e9clat.<\/p><p>Notre s\u00e9lection d\u2019uniformes professionnels et dynamiques r\u00e9pond aux standards de qualit\u00e9 les plus \u00e9lev\u00e9s. Nous travaillons avec des textiles haut de gamme, adapt\u00e9s aux exigences de votre secteur, et nous vous accompagnons dans le choix des mod\u00e8les, des couleurs et des emplacements de broderie.<\/p><p>Nous prenons en charge la gestion compl\u00e8te des modalit\u00e9s de votre dossier d\u2019uniforme : de la conception \u00e0 la livraison, en passant par le suivi des commandes et la logistique. Vous b\u00e9n\u00e9ficiez d\u2019un service cl\u00e9 en main, efficace et personnalis\u00e9.<\/p><p>Toujours \u00e0 l\u2019\u00e9coute, nous collaborons avec vous pour d\u00e9velopper de nouveaux concepts, que ce soit pour un rebranding, un \u00e9v\u00e9nement sp\u00e9cial ou une collection sur mesure. Notre \u00e9quipe cr\u00e9ative est l\u00e0 pour transformer vos id\u00e9es en broderies qui parlent de vous.<\/p><p>Confiez-nous votre image : nous la broderons avec soin, fiert\u00e9 et pr\u00e9cision.<\/p><p>CONTACTEZ-NOUS \u00e0: <a href=\"mailto:Helene@autravail.ca\">Helene@autravail.ca<\/a><\/p><p><!--EndFragment --><\/p>\t\t\t\t\t\t\t\t<\/div>\n\t\t\t\t<\/div>\n\t\t\t\t<\/div>\n\t\t<div class=\"elementor-element elementor-element-e0c1f8b e-con-full e-flex e-con e-child\" data-id=\"e0c1f8b\" data-element_type=\"container\">\n\t\t\t\t<div class=\"elementor-element elementor-element-92e7b0e elementor-widget elementor-widget-image\" data-id=\"92e7b0e\" data-element_type=\"widget\" data-widget_type=\"image.default\">\n\t\t\t\t<div class=\"elementor-widget-container\">\n\t\t\t\t\t\t\t\t\t\t\t\t\t\t\t<img fetchpriority=\"high\" decoding=\"async\" width=\"900\" height=\"600\" src=\"https:\/\/autravail.ca\/wp-content\/uploads\/2025\/05\/cynthia-a-la-broderie-1024x683.jpg\" class=\"attachment-large size-large wp-image-38529\" alt=\"Broderie corporative\" srcset=\"https:\/\/autravail.ca\/wp-content\/uploads\/2025\/05\/cynthia-a-la-broderie-1024x683.jpg 1024w, https:\/\/autravail.ca\/wp-content\/uploads\/2025\/05\/cynthia-a-la-broderie-300x200.jpg 300w, https:\/\/autravail.ca\/wp-content\/uploads\/2025\/05\/cynthia-a-la-broderie-150x100.jpg 150w, https:\/\/autravail.ca\/wp-content\/uploads\/2025\/05\/cynthia-a-la-broderie-768x512.jpg 768w, https:\/\/autravail.ca\/wp-content\/uploads\/2025\/05\/cynthia-a-la-broderie-1536x1025.jpg 1536w, https:\/\/autravail.ca\/wp-content\/uploads\/2025\/05\/cynthia-a-la-broderie-18x12.jpg 18w, https:\/\/autravail.ca\/wp-content\/uploads\/2025\/05\/cynthia-a-la-broderie-1079x720.jpg 1079w, https:\/\/autravail.ca\/wp-content\/uploads\/2025\/05\/cynthia-a-la-broderie-820x547.jpg 820w, https:\/\/autravail.ca\/wp-content\/uploads\/2025\/05\/cynthia-a-la-broderie-450x300.jpg 450w, https:\/\/autravail.ca\/wp-content\/uploads\/2025\/05\/cynthia-a-la-broderie-800x534.jpg 800w, https:\/\/autravail.ca\/wp-content\/uploads\/2025\/05\/cynthia-a-la-broderie.jpg 1800w\" sizes=\"(max-width: 900px) 100vw, 900px\" \/>\t\t\t\t\t\t\t\t\t\t\t\t\t\t\t<\/div>\n\t\t\t\t<\/div>\n\t\t\t\t<\/div>\n\t\t\t\t\t<\/div>\n\t\t\t\t<\/div>\n\t\t<div class=\"elementor-element elementor-element-b17f367 e-con-full e-flex e-con e-parent\" data-id=\"b17f367\" data-element_type=\"container\">\n\t\t\t\t<div class=\"elementor-element elementor-element-20bdcaf elementor-widget elementor-widget-image\" data-id=\"20bdcaf\" data-element_type=\"widget\" data-widget_type=\"image.default\">\n\t\t\t\t<div class=\"elementor-widget-container\">\n\t\t\t\t\t\t\t\t\t\t\t\t\t\t\t<img decoding=\"async\" width=\"900\" height=\"367\" src=\"https:\/\/autravail.ca\/wp-content\/uploads\/2025\/10\/atelier-de-broderie.webp\" class=\"attachment-large size-large wp-image-40313\" alt=\"atelier de broderie\" srcset=\"https:\/\/autravail.ca\/wp-content\/uploads\/2025\/10\/atelier-de-broderie.webp 1024w, https:\/\/autravail.ca\/wp-content\/uploads\/2025\/10\/atelier-de-broderie-300x122.webp 300w, https:\/\/autravail.ca\/wp-content\/uploads\/2025\/10\/atelier-de-broderie-150x61.webp 150w, https:\/\/autravail.ca\/wp-content\/uploads\/2025\/10\/atelier-de-broderie-768x314.webp 768w, https:\/\/autravail.ca\/wp-content\/uploads\/2025\/10\/atelier-de-broderie-18x7.webp 18w, https:\/\/autravail.ca\/wp-content\/uploads\/2025\/10\/atelier-de-broderie-820x335.webp 820w, https:\/\/autravail.ca\/wp-content\/uploads\/2025\/10\/atelier-de-broderie-450x184.webp 450w, https:\/\/autravail.ca\/wp-content\/uploads\/2025\/10\/atelier-de-broderie-800x327.webp 800w\" sizes=\"(max-width: 900px) 100vw, 900px\" \/>\t\t\t\t\t\t\t\t\t\t\t\t\t\t\t<\/div>\n\t\t\t\t<\/div>\n\t\t\t\t<div class=\"elementor-element elementor-element-aeff1d7 elementor-widget elementor-widget-image\" data-id=\"aeff1d7\" data-element_type=\"widget\" data-widget_type=\"image.default\">\n\t\t\t\t<div class=\"elementor-widget-container\">\n\t\t\t\t\t\t\t\t\t\t\t\t\t\t\t<img decoding=\"async\" width=\"900\" height=\"577\" src=\"https:\/\/autravail.ca\/wp-content\/uploads\/2025\/10\/Broderie-Cynthia-1024x656.jpg\" class=\"attachment-large size-large wp-image-40331\" alt=\"Atelier de broderie Le Magasin Industriel\" srcset=\"https:\/\/autravail.ca\/wp-content\/uploads\/2025\/10\/Broderie-Cynthia-1024x656.jpg 1024w, https:\/\/autravail.ca\/wp-content\/uploads\/2025\/10\/Broderie-Cynthia-300x192.jpg 300w, https:\/\/autravail.ca\/wp-content\/uploads\/2025\/10\/Broderie-Cynthia-150x96.jpg 150w, https:\/\/autravail.ca\/wp-content\/uploads\/2025\/10\/Broderie-Cynthia-768x492.jpg 768w, https:\/\/autravail.ca\/wp-content\/uploads\/2025\/10\/Broderie-Cynthia-1536x984.jpg 1536w, https:\/\/autravail.ca\/wp-content\/uploads\/2025\/10\/Broderie-Cynthia-2048x1312.jpg 2048w, https:\/\/autravail.ca\/wp-content\/uploads\/2025\/10\/Broderie-Cynthia-18x12.jpg 18w, https:\/\/autravail.ca\/wp-content\/uploads\/2025\/10\/Broderie-Cynthia-1124x720.jpg 1124w, https:\/\/autravail.ca\/wp-content\/uploads\/2025\/10\/Broderie-Cynthia-820x525.jpg 820w, https:\/\/autravail.ca\/wp-content\/uploads\/2025\/10\/Broderie-Cynthia-450x288.jpg 450w, https:\/\/autravail.ca\/wp-content\/uploads\/2025\/10\/Broderie-Cynthia-800x513.jpg 800w\" sizes=\"(max-width: 900px) 100vw, 900px\" \/>\t\t\t\t\t\t\t\t\t\t\t\t\t\t\t<\/div>\n\t\t\t\t<\/div>\n\t\t\t\t<\/div>\n\t\t<div class=\"elementor-element elementor-element-dd94c3d e-flex e-con-boxed e-con e-parent\" data-id=\"dd94c3d\" data-element_type=\"container\">\n\t\t\t\t\t<div class=\"e-con-inner\">\n\t\t\t\t\t<\/div>\n\t\t\t\t<\/div>\n\t\t\t\t<\/div>","protected":false},"excerpt":{"rendered":"<p>L\u2019atelier de broderie du Magasin Industriel\u00a0 L\u2019\u00e9l\u00e9gance au fil de votre image Pour une image professionnelle qui vous d\u00e9marque, notre atelier de broderie vous offre bien plus qu\u2019un simple service : un savoir-faire in\u00e9gal\u00e9, au croisement de la pr\u00e9cision artisanale et de l\u2019excellence technique. Chaque broderie est r\u00e9alis\u00e9e avec minutie, pour refl\u00e9ter fid\u00e8lement l\u2019identit\u00e9 de [&hellip;]<\/p>","protected":false},"author":1,"featured_media":0,"parent":0,"menu_order":0,"comment_status":"closed","ping_status":"closed","template":"","meta":{"footnotes":""},"class_list":["post-38294","page","type-page","status-publish","hentry"],"yoast_head":"<!-- This site is optimized with the Yoast SEO plugin v25.3.1 - https:\/\/yoast.com\/wordpress\/plugins\/seo\/ -->\n<title>Atelier de broderie - Le Magasin Industriel<\/title>\n<meta name=\"robots\" content=\"index, follow, max-snippet:-1, max-image-preview:large, max-video-preview:-1\" \/>\n<link rel=\"canonical\" href=\"https:\/\/autravail.ca\/en\/atelier-de-broderie\/\" \/>\n<meta property=\"og:locale\" content=\"en_US\" \/>\n<meta property=\"og:type\" content=\"article\" \/>\n<meta property=\"og:title\" content=\"Atelier de broderie - Le Magasin Industriel\" \/>\n<meta property=\"og:description\" content=\"L\u2019atelier de broderie du Magasin Industriel\u00a0 L\u2019\u00e9l\u00e9gance au fil de votre image Pour une image professionnelle qui vous d\u00e9marque, notre atelier de broderie vous offre bien plus qu\u2019un simple service : un savoir-faire in\u00e9gal\u00e9, au croisement de la pr\u00e9cision artisanale et de l\u2019excellence technique. Chaque broderie est r\u00e9alis\u00e9e avec minutie, pour refl\u00e9ter fid\u00e8lement l\u2019identit\u00e9 de [&hellip;]\" \/>\n<meta property=\"og:url\" content=\"https:\/\/autravail.ca\/en\/atelier-de-broderie\/\" \/>\n<meta property=\"og:site_name\" content=\"Le Magasin Industriel\" \/>\n<meta property=\"article:publisher\" content=\"https:\/\/www.facebook.com\/lemagasinindustriel\/?locale=fr_FR\" \/>\n<meta property=\"article:modified_time\" content=\"2025-10-01T18:03:34+00:00\" \/>\n<meta property=\"og:image\" content=\"https:\/\/autravail.ca\/wp-content\/uploads\/2025\/05\/cynthia-a-la-broderie-1024x683.jpg\" \/>\n<meta name=\"twitter:card\" content=\"summary_large_image\" \/>\n<meta name=\"twitter:label1\" content=\"Est. reading time\" \/>\n\t<meta name=\"twitter:data1\" content=\"2 minutes\" \/>\n<script type=\"application\/ld+json\" class=\"yoast-schema-graph\">{\"@context\":\"https:\/\/schema.org\",\"@graph\":[{\"@type\":\"WebPage\",\"@id\":\"https:\/\/autravail.ca\/en\/atelier-de-broderie\/\",\"url\":\"https:\/\/autravail.ca\/en\/atelier-de-broderie\/\",\"name\":\"Atelier de broderie - Le Magasin Industriel\",\"isPartOf\":{\"@id\":\"https:\/\/autravail.ca\/#website\"},\"primaryImageOfPage\":{\"@id\":\"https:\/\/autravail.ca\/en\/atelier-de-broderie\/#primaryimage\"},\"image\":{\"@id\":\"https:\/\/autravail.ca\/en\/atelier-de-broderie\/#primaryimage\"},\"thumbnailUrl\":\"https:\/\/autravail.ca\/wp-content\/uploads\/2025\/05\/cynthia-a-la-broderie-1024x683.jpg\",\"datePublished\":\"2025-05-14T15:45:27+00:00\",\"dateModified\":\"2025-10-01T18:03:34+00:00\",\"breadcrumb\":{\"@id\":\"https:\/\/autravail.ca\/en\/atelier-de-broderie\/#breadcrumb\"},\"inLanguage\":\"en-CA\",\"potentialAction\":[{\"@type\":\"ReadAction\",\"target\":[\"https:\/\/autravail.ca\/en\/atelier-de-broderie\/\"]}]},{\"@type\":\"ImageObject\",\"inLanguage\":\"en-CA\",\"@id\":\"https:\/\/autravail.ca\/en\/atelier-de-broderie\/#primaryimage\",\"url\":\"https:\/\/autravail.ca\/wp-content\/uploads\/2025\/05\/cynthia-a-la-broderie-1024x683.jpg\",\"contentUrl\":\"https:\/\/autravail.ca\/wp-content\/uploads\/2025\/05\/cynthia-a-la-broderie-1024x683.jpg\"},{\"@type\":\"BreadcrumbList\",\"@id\":\"https:\/\/autravail.ca\/en\/atelier-de-broderie\/#breadcrumb\",\"itemListElement\":[{\"@type\":\"ListItem\",\"position\":1,\"name\":\"Accueil\",\"item\":\"https:\/\/autravail.ca\/\"},{\"@type\":\"ListItem\",\"position\":2,\"name\":\"Atelier de broderie\"}]},{\"@type\":\"WebSite\",\"@id\":\"https:\/\/autravail.ca\/#website\",\"url\":\"https:\/\/autravail.ca\/\",\"name\":\"Le Magasin Industriel\",\"description\":\"50 ans de tradition de s\u00e9curit\u00e9 au travail\",\"publisher\":{\"@id\":\"https:\/\/autravail.ca\/#organization\"},\"potentialAction\":[{\"@type\":\"SearchAction\",\"target\":{\"@type\":\"EntryPoint\",\"urlTemplate\":\"https:\/\/autravail.ca\/?s={search_term_string}\"},\"query-input\":{\"@type\":\"PropertyValueSpecification\",\"valueRequired\":true,\"valueName\":\"search_term_string\"}}],\"inLanguage\":\"en-CA\"},{\"@type\":\"Organization\",\"@id\":\"https:\/\/autravail.ca\/#organization\",\"name\":\"Le Magasin Industriel\",\"url\":\"https:\/\/autravail.ca\/\",\"logo\":{\"@type\":\"ImageObject\",\"inLanguage\":\"en-CA\",\"@id\":\"https:\/\/autravail.ca\/#\/schema\/logo\/image\/\",\"url\":\"https:\/\/autravail.ca\/wp-content\/uploads\/2025\/05\/cropped-magasin_industriel_120x.avif\",\"contentUrl\":\"https:\/\/autravail.ca\/wp-content\/uploads\/2025\/05\/cropped-magasin_industriel_120x.avif\",\"width\":120,\"height\":24,\"caption\":\"Le Magasin Industriel\"},\"image\":{\"@id\":\"https:\/\/autravail.ca\/#\/schema\/logo\/image\/\"},\"sameAs\":[\"https:\/\/www.facebook.com\/lemagasinindustriel\/?locale=fr_FR\"]}]}<\/script>\n<!-- \/ Yoast SEO plugin. -->","yoast_head_json":{"title":"Atelier de broderie - Le Magasin Industriel","robots":{"index":"index","follow":"follow","max-snippet":"max-snippet:-1","max-image-preview":"max-image-preview:large","max-video-preview":"max-video-preview:-1"},"canonical":"https:\/\/autravail.ca\/en\/atelier-de-broderie\/","og_locale":"en_US","og_type":"article","og_title":"Atelier de broderie - Le Magasin Industriel","og_description":"L\u2019atelier de broderie du Magasin Industriel\u00a0 L\u2019\u00e9l\u00e9gance au fil de votre image Pour une image professionnelle qui vous d\u00e9marque, notre atelier de broderie vous offre bien plus qu\u2019un simple service : un savoir-faire in\u00e9gal\u00e9, au croisement de la pr\u00e9cision artisanale et de l\u2019excellence technique. Chaque broderie est r\u00e9alis\u00e9e avec minutie, pour refl\u00e9ter fid\u00e8lement l\u2019identit\u00e9 de [&hellip;]","og_url":"https:\/\/autravail.ca\/en\/atelier-de-broderie\/","og_site_name":"Le Magasin Industriel","article_publisher":"https:\/\/www.facebook.com\/lemagasinindustriel\/?locale=fr_FR","article_modified_time":"2025-10-01T18:03:34+00:00","og_image":[{"url":"https:\/\/autravail.ca\/wp-content\/uploads\/2025\/05\/cynthia-a-la-broderie-1024x683.jpg","type":"","width":"","height":""}],"twitter_card":"summary_large_image","twitter_misc":{"Est. reading time":"2 minutes"},"schema":{"@context":"https:\/\/schema.org","@graph":[{"@type":"WebPage","@id":"https:\/\/autravail.ca\/en\/atelier-de-broderie\/","url":"https:\/\/autravail.ca\/en\/atelier-de-broderie\/","name":"Atelier de broderie - Le Magasin Industriel","isPartOf":{"@id":"https:\/\/autravail.ca\/#website"},"primaryImageOfPage":{"@id":"https:\/\/autravail.ca\/en\/atelier-de-broderie\/#primaryimage"},"image":{"@id":"https:\/\/autravail.ca\/en\/atelier-de-broderie\/#primaryimage"},"thumbnailUrl":"https:\/\/autravail.ca\/wp-content\/uploads\/2025\/05\/cynthia-a-la-broderie-1024x683.jpg","datePublished":"2025-05-14T15:45:27+00:00","dateModified":"2025-10-01T18:03:34+00:00","breadcrumb":{"@id":"https:\/\/autravail.ca\/en\/atelier-de-broderie\/#breadcrumb"},"inLanguage":"en-CA","potentialAction":[{"@type":"ReadAction","target":["https:\/\/autravail.ca\/en\/atelier-de-broderie\/"]}]},{"@type":"ImageObject","inLanguage":"en-CA","@id":"https:\/\/autravail.ca\/en\/atelier-de-broderie\/#primaryimage","url":"https:\/\/autravail.ca\/wp-content\/uploads\/2025\/05\/cynthia-a-la-broderie-1024x683.jpg","contentUrl":"https:\/\/autravail.ca\/wp-content\/uploads\/2025\/05\/cynthia-a-la-broderie-1024x683.jpg"},{"@type":"BreadcrumbList","@id":"https:\/\/autravail.ca\/en\/atelier-de-broderie\/#breadcrumb","itemListElement":[{"@type":"ListItem","position":1,"name":"Accueil","item":"https:\/\/autravail.ca\/"},{"@type":"ListItem","position":2,"name":"Atelier de broderie"}]},{"@type":"WebSite","@id":"https:\/\/autravail.ca\/#website","url":"https:\/\/autravail.ca\/","name":"Le Magasin Industriel","description":"50 ans de tradition de s\u00e9curit\u00e9 au travail","publisher":{"@id":"https:\/\/autravail.ca\/#organization"},"potentialAction":[{"@type":"SearchAction","target":{"@type":"EntryPoint","urlTemplate":"https:\/\/autravail.ca\/?s={search_term_string}"},"query-input":{"@type":"PropertyValueSpecification","valueRequired":true,"valueName":"search_term_string"}}],"inLanguage":"en-CA"},{"@type":"Organization","@id":"https:\/\/autravail.ca\/#organization","name":"Le Magasin Industriel","url":"https:\/\/autravail.ca\/","logo":{"@type":"ImageObject","inLanguage":"en-CA","@id":"https:\/\/autravail.ca\/#\/schema\/logo\/image\/","url":"https:\/\/autravail.ca\/wp-content\/uploads\/2025\/05\/cropped-magasin_industriel_120x.avif","contentUrl":"https:\/\/autravail.ca\/wp-content\/uploads\/2025\/05\/cropped-magasin_industriel_120x.avif","width":120,"height":24,"caption":"Le Magasin Industriel"},"image":{"@id":"https:\/\/autravail.ca\/#\/schema\/logo\/image\/"},"sameAs":["https:\/\/www.facebook.com\/lemagasinindustriel\/?locale=fr_FR"]}]}},"jetpack_sharing_enabled":true,"_links":{"self":[{"href":"https:\/\/autravail.ca\/en\/wp-json\/wp\/v2\/pages\/38294","targetHints":{"allow":["GET"]}}],"collection":[{"href":"https:\/\/autravail.ca\/en\/wp-json\/wp\/v2\/pages"}],"about":[{"href":"https:\/\/autravail.ca\/en\/wp-json\/wp\/v2\/types\/page"}],"author":[{"embeddable":true,"href":"https:\/\/autravail.ca\/en\/wp-json\/wp\/v2\/users\/1"}],"replies":[{"embeddable":true,"href":"https:\/\/autravail.ca\/en\/wp-json\/wp\/v2\/comments?post=38294"}],"version-history":[{"count":11,"href":"https:\/\/autravail.ca\/en\/wp-json\/wp\/v2\/pages\/38294\/revisions"}],"predecessor-version":[{"id":40366,"href":"https:\/\/autravail.ca\/en\/wp-json\/wp\/v2\/pages\/38294\/revisions\/40366"}],"wp:attachment":[{"href":"https:\/\/autravail.ca\/en\/wp-json\/wp\/v2\/media?parent=38294"}],"curies":[{"name":"wp","href":"https:\/\/api.w.org\/{rel}","templated":true}]}}