{"id":38285,"date":"2025-05-14T11:25:36","date_gmt":"2025-05-14T15:25:36","guid":{"rendered":"https:\/\/meteoquebec.ca\/?page_id=38285"},"modified":"2025-05-14T11:44:30","modified_gmt":"2025-05-14T15:44:30","slug":"vente-en-ligne","status":"publish","type":"page","link":"https:\/\/autravail.ca\/en\/vente-en-ligne\/","title":{"rendered":"Online Sale"},"content":{"rendered":"<div data-elementor-type=\"wp-page\" data-elementor-id=\"38285\" class=\"elementor elementor-38285\">\n\t\t\t\t<div class=\"elementor-element elementor-element-a487dd4 e-flex e-con-boxed e-con e-parent\" data-id=\"a487dd4\" data-element_type=\"container\">\n\t\t\t\t\t<div class=\"e-con-inner\">\n\t\t\t\t<div class=\"elementor-element elementor-element-a2dec95 elementor-widget elementor-widget-heading\" data-id=\"a2dec95\" data-element_type=\"widget\" data-widget_type=\"heading.default\">\n\t\t\t\t<div class=\"elementor-widget-container\">\n\t\t\t\t\t<h2 class=\"elementor-heading-title elementor-size-default\">\u00c0 propos de notre service de vente en ligne<\/h2>\t\t\t\t<\/div>\n\t\t\t\t<\/div>\n\t\t\t\t\t<\/div>\n\t\t\t\t<\/div>\n\t\t<div class=\"elementor-element elementor-element-c68ccb8 e-flex e-con-boxed e-con e-parent\" data-id=\"c68ccb8\" data-element_type=\"container\">\n\t\t\t\t\t<div class=\"e-con-inner\">\n\t\t\t\t<div class=\"elementor-element elementor-element-25f0848 elementor-widget elementor-widget-text-editor\" data-id=\"25f0848\" data-element_type=\"widget\" data-widget_type=\"text-editor.default\">\n\t\t\t\t<div class=\"elementor-widget-container\">\n\t\t\t\t\t\t\t\t\t<p>En nous choisissant lors de votre achat sur notre site en ligne, vous vous assurez d&rsquo;obtenir un service de qualit\u00e9. Notre strat\u00e9gie de vente en ligne repose sur une exp\u00e9rience que nous avons b\u00e2ti durant les 20 derni\u00e8res ann\u00e9es.<\/p><p>Cette strat\u00e9gie est simple. Derri\u00e8re les pages virtuelle du site se cache une \u00e9quipe exp\u00e9riment\u00e9e et motiv\u00e9e \u00e0 vous fournir un service humain et fiable.<\/p><p>Au fil du temps, nous avons constamment am\u00e9lior\u00e9, adapt\u00e9 et perfectionn\u00e9 notre processus. Aujourd&rsquo;hui, l&rsquo;internaute peut compter sur notre syst\u00e8me \u00e9pur\u00e9 et efficace pour commander en ligne, recevoir des conseils ou s&rsquo;informer sur des produits.<\/p><p>Notre \u00e9quipe a du plaisir \u00e0 effectuer son travail et elle y met du c\u0153ur. Votre satisfaction est primordiale.<\/p>\t\t\t\t\t\t\t\t<\/div>\n\t\t\t\t<\/div>\n\t\t\t\t\t<\/div>\n\t\t\t\t<\/div>\n\t\t<div class=\"elementor-element elementor-element-2dcb6b9 e-flex e-con-boxed e-con e-parent\" data-id=\"2dcb6b9\" data-element_type=\"container\">\n\t\t\t\t\t<div class=\"e-con-inner\">\n\t\t\t\t<div class=\"elementor-element elementor-element-9551253 elementor-widget elementor-widget-heading\" data-id=\"9551253\" data-element_type=\"widget\" data-widget_type=\"heading.default\">\n\t\t\t\t<div class=\"elementor-widget-container\">\n\t\t\t\t\t<h2 class=\"elementor-heading-title elementor-size-default\">Pour notre \u00e9quipe, le traitement de vos commandes est aussi simple qu'un jeu d'enfant!<\/h2>\t\t\t\t<\/div>\n\t\t\t\t<\/div>\n\t\t\t\t\t<\/div>\n\t\t\t\t<\/div>\n\t\t<div class=\"elementor-element elementor-element-fd4a5e8 e-flex e-con-boxed e-con e-parent\" data-id=\"fd4a5e8\" data-element_type=\"container\">\n\t\t\t\t\t<div class=\"e-con-inner\">\n\t\t<div class=\"elementor-element elementor-element-0a74e6c e-con-full e-flex e-con e-child\" data-id=\"0a74e6c\" data-element_type=\"container\">\n\t\t\t\t<div class=\"elementor-element elementor-element-a1f9adc elementor-position-top elementor-widget elementor-widget-image-box\" data-id=\"a1f9adc\" data-element_type=\"widget\" data-widget_type=\"image-box.default\">\n\t\t\t\t<div class=\"elementor-widget-container\">\n\t\t\t\t\t<div class=\"elementor-image-box-wrapper\"><figure class=\"elementor-image-box-img\"><img fetchpriority=\"high\" decoding=\"async\" width=\"550\" height=\"413\" src=\"https:\/\/autravail.ca\/wp-content\/uploads\/2025\/05\/reception_A01.webp\" class=\"attachment-large size-large wp-image-38288\" alt=\"\" srcset=\"https:\/\/autravail.ca\/wp-content\/uploads\/2025\/05\/reception_A01.webp 550w, https:\/\/autravail.ca\/wp-content\/uploads\/2025\/05\/reception_A01-300x225.webp 300w, https:\/\/autravail.ca\/wp-content\/uploads\/2025\/05\/reception_A01-150x113.webp 150w, https:\/\/autravail.ca\/wp-content\/uploads\/2025\/05\/reception_A01-16x12.webp 16w, https:\/\/autravail.ca\/wp-content\/uploads\/2025\/05\/reception_A01-450x338.webp 450w\" sizes=\"(max-width: 550px) 100vw, 550px\" \/><\/figure><div class=\"elementor-image-box-content\"><h3 class=\"elementor-image-box-title\">R\u00e9ception<\/h3><p class=\"elementor-image-box-description\">Nous recevons votre commande.<\/p><\/div><\/div>\t\t\t\t<\/div>\n\t\t\t\t<\/div>\n\t\t\t\t<\/div>\n\t\t<div class=\"elementor-element elementor-element-a3dd0ea e-con-full e-flex e-con e-child\" data-id=\"a3dd0ea\" data-element_type=\"container\">\n\t\t\t\t<div class=\"elementor-element elementor-element-7c0faa9 elementor-position-top elementor-widget elementor-widget-image-box\" data-id=\"7c0faa9\" data-element_type=\"widget\" data-widget_type=\"image-box.default\">\n\t\t\t\t<div class=\"elementor-widget-container\">\n\t\t\t\t\t<div class=\"elementor-image-box-wrapper\"><figure class=\"elementor-image-box-img\"><img decoding=\"async\" width=\"550\" height=\"412\" src=\"https:\/\/autravail.ca\/wp-content\/uploads\/2025\/05\/preparation-dune-commande-en-ligne-de-chaussures.webp\" class=\"attachment-full size-full wp-image-38289\" alt=\"\" srcset=\"https:\/\/autravail.ca\/wp-content\/uploads\/2025\/05\/preparation-dune-commande-en-ligne-de-chaussures.webp 550w, https:\/\/autravail.ca\/wp-content\/uploads\/2025\/05\/preparation-dune-commande-en-ligne-de-chaussures-300x225.webp 300w, https:\/\/autravail.ca\/wp-content\/uploads\/2025\/05\/preparation-dune-commande-en-ligne-de-chaussures-150x112.webp 150w, https:\/\/autravail.ca\/wp-content\/uploads\/2025\/05\/preparation-dune-commande-en-ligne-de-chaussures-16x12.webp 16w, https:\/\/autravail.ca\/wp-content\/uploads\/2025\/05\/preparation-dune-commande-en-ligne-de-chaussures-450x337.webp 450w\" sizes=\"(max-width: 550px) 100vw, 550px\" \/><\/figure><div class=\"elementor-image-box-content\"><h3 class=\"elementor-image-box-title\">Pr\u00e9paration<\/h3><p class=\"elementor-image-box-description\">Nous pr\u00e9parons votre commande.<\/p><\/div><\/div>\t\t\t\t<\/div>\n\t\t\t\t<\/div>\n\t\t\t\t<\/div>\n\t\t<div class=\"elementor-element elementor-element-801b882 e-con-full e-flex e-con e-child\" data-id=\"801b882\" data-element_type=\"container\">\n\t\t\t\t<div class=\"elementor-element elementor-element-9971f41 elementor-position-top elementor-widget elementor-widget-image-box\" data-id=\"9971f41\" data-element_type=\"widget\" data-widget_type=\"image-box.default\">\n\t\t\t\t<div class=\"elementor-widget-container\">\n\t\t\t\t\t<div class=\"elementor-image-box-wrapper\"><figure class=\"elementor-image-box-img\"><img decoding=\"async\" width=\"550\" height=\"413\" src=\"https:\/\/autravail.ca\/wp-content\/uploads\/2025\/05\/magasin-en-ligne-bottes-de-travail.webp\" class=\"attachment-full size-full wp-image-38290\" alt=\"magasin en ligne bottes de travail\" srcset=\"https:\/\/autravail.ca\/wp-content\/uploads\/2025\/05\/magasin-en-ligne-bottes-de-travail.webp 550w, https:\/\/autravail.ca\/wp-content\/uploads\/2025\/05\/magasin-en-ligne-bottes-de-travail-300x225.webp 300w, https:\/\/autravail.ca\/wp-content\/uploads\/2025\/05\/magasin-en-ligne-bottes-de-travail-150x113.webp 150w, https:\/\/autravail.ca\/wp-content\/uploads\/2025\/05\/magasin-en-ligne-bottes-de-travail-16x12.webp 16w, https:\/\/autravail.ca\/wp-content\/uploads\/2025\/05\/magasin-en-ligne-bottes-de-travail-450x338.webp 450w\" sizes=\"(max-width: 550px) 100vw, 550px\" \/><\/figure><div class=\"elementor-image-box-content\"><h3 class=\"elementor-image-box-title\">Exp\u00e9dition<\/h3><p class=\"elementor-image-box-description\">Nous exp\u00e9dions votre commande.<\/p><\/div><\/div>\t\t\t\t<\/div>\n\t\t\t\t<\/div>\n\t\t\t\t<\/div>\n\t\t\t\t\t<\/div>\n\t\t\t\t<\/div>\n\t\t\t\t<\/div>","protected":false},"excerpt":{"rendered":"<p>\u00c0 propos de notre service de vente en ligne En nous choisissant lors de votre achat sur notre site en ligne, vous vous assurez d&rsquo;obtenir un service de qualit\u00e9. Notre strat\u00e9gie de vente en ligne repose sur une exp\u00e9rience que nous avons b\u00e2ti durant les 20 derni\u00e8res ann\u00e9es. Cette strat\u00e9gie est simple. Derri\u00e8re les pages [&hellip;]<\/p>","protected":false},"author":1,"featured_media":0,"parent":0,"menu_order":0,"comment_status":"closed","ping_status":"closed","template":"","meta":{"footnotes":""},"class_list":["post-38285","page","type-page","status-publish","hentry"],"yoast_head":"<!-- This site is optimized with the Yoast SEO plugin v25.3.1 - https:\/\/yoast.com\/wordpress\/plugins\/seo\/ -->\n<title>Vente en ligne - Le Magasin Industriel<\/title>\n<meta name=\"robots\" content=\"index, follow, max-snippet:-1, max-image-preview:large, max-video-preview:-1\" \/>\n<link rel=\"canonical\" href=\"https:\/\/autravail.ca\/en\/vente-en-ligne\/\" \/>\n<meta property=\"og:locale\" content=\"en_US\" \/>\n<meta property=\"og:type\" content=\"article\" \/>\n<meta property=\"og:title\" content=\"Vente en ligne - Le Magasin Industriel\" \/>\n<meta property=\"og:description\" content=\"\u00c0 propos de notre service de vente en ligne En nous choisissant lors de votre achat sur notre site en ligne, vous vous assurez d&rsquo;obtenir un service de qualit\u00e9. Notre strat\u00e9gie de vente en ligne repose sur une exp\u00e9rience que nous avons b\u00e2ti durant les 20 derni\u00e8res ann\u00e9es. Cette strat\u00e9gie est simple. Derri\u00e8re les pages [&hellip;]\" \/>\n<meta property=\"og:url\" content=\"https:\/\/autravail.ca\/en\/vente-en-ligne\/\" \/>\n<meta property=\"og:site_name\" content=\"Le Magasin Industriel\" \/>\n<meta property=\"article:publisher\" content=\"https:\/\/www.facebook.com\/lemagasinindustriel\/?locale=fr_FR\" \/>\n<meta property=\"article:modified_time\" content=\"2025-05-14T15:44:30+00:00\" \/>\n<meta property=\"og:image\" content=\"http:\/\/autravail.ca\/wp-content\/uploads\/2025\/05\/reception_A01.webp\" \/>\n<meta name=\"twitter:card\" content=\"summary_large_image\" \/>\n<meta name=\"twitter:label1\" content=\"Est. reading time\" \/>\n\t<meta name=\"twitter:data1\" content=\"1 minute\" \/>\n<script type=\"application\/ld+json\" class=\"yoast-schema-graph\">{\"@context\":\"https:\/\/schema.org\",\"@graph\":[{\"@type\":\"WebPage\",\"@id\":\"https:\/\/autravail.ca\/vente-en-ligne\/\",\"url\":\"https:\/\/autravail.ca\/vente-en-ligne\/\",\"name\":\"Vente en ligne - Le Magasin Industriel\",\"isPartOf\":{\"@id\":\"https:\/\/autravail.ca\/#website\"},\"primaryImageOfPage\":{\"@id\":\"https:\/\/autravail.ca\/vente-en-ligne\/#primaryimage\"},\"image\":{\"@id\":\"https:\/\/autravail.ca\/vente-en-ligne\/#primaryimage\"},\"thumbnailUrl\":\"http:\/\/autravail.ca\/wp-content\/uploads\/2025\/05\/reception_A01.webp\",\"datePublished\":\"2025-05-14T15:25:36+00:00\",\"dateModified\":\"2025-05-14T15:44:30+00:00\",\"breadcrumb\":{\"@id\":\"https:\/\/autravail.ca\/vente-en-ligne\/#breadcrumb\"},\"inLanguage\":\"en-CA\",\"potentialAction\":[{\"@type\":\"ReadAction\",\"target\":[\"https:\/\/autravail.ca\/vente-en-ligne\/\"]}]},{\"@type\":\"ImageObject\",\"inLanguage\":\"en-CA\",\"@id\":\"https:\/\/autravail.ca\/vente-en-ligne\/#primaryimage\",\"url\":\"http:\/\/autravail.ca\/wp-content\/uploads\/2025\/05\/reception_A01.webp\",\"contentUrl\":\"http:\/\/autravail.ca\/wp-content\/uploads\/2025\/05\/reception_A01.webp\"},{\"@type\":\"BreadcrumbList\",\"@id\":\"https:\/\/autravail.ca\/vente-en-ligne\/#breadcrumb\",\"itemListElement\":[{\"@type\":\"ListItem\",\"position\":1,\"name\":\"Accueil\",\"item\":\"https:\/\/autravail.ca\/\"},{\"@type\":\"ListItem\",\"position\":2,\"name\":\"Vente en ligne\"}]},{\"@type\":\"WebSite\",\"@id\":\"https:\/\/autravail.ca\/#website\",\"url\":\"https:\/\/autravail.ca\/\",\"name\":\"Le Magasin Industriel\",\"description\":\"50 ans de tradition de s\u00e9curit\u00e9 au travail\",\"publisher\":{\"@id\":\"https:\/\/autravail.ca\/#organization\"},\"potentialAction\":[{\"@type\":\"SearchAction\",\"target\":{\"@type\":\"EntryPoint\",\"urlTemplate\":\"https:\/\/autravail.ca\/?s={search_term_string}\"},\"query-input\":{\"@type\":\"PropertyValueSpecification\",\"valueRequired\":true,\"valueName\":\"search_term_string\"}}],\"inLanguage\":\"en-CA\"},{\"@type\":\"Organization\",\"@id\":\"https:\/\/autravail.ca\/#organization\",\"name\":\"Le Magasin Industriel\",\"url\":\"https:\/\/autravail.ca\/\",\"logo\":{\"@type\":\"ImageObject\",\"inLanguage\":\"en-CA\",\"@id\":\"https:\/\/autravail.ca\/#\/schema\/logo\/image\/\",\"url\":\"https:\/\/autravail.ca\/wp-content\/uploads\/2025\/05\/cropped-magasin_industriel_120x.avif\",\"contentUrl\":\"https:\/\/autravail.ca\/wp-content\/uploads\/2025\/05\/cropped-magasin_industriel_120x.avif\",\"width\":120,\"height\":24,\"caption\":\"Le Magasin Industriel\"},\"image\":{\"@id\":\"https:\/\/autravail.ca\/#\/schema\/logo\/image\/\"},\"sameAs\":[\"https:\/\/www.facebook.com\/lemagasinindustriel\/?locale=fr_FR\"]}]}<\/script>\n<!-- \/ Yoast SEO plugin. -->","yoast_head_json":{"title":"Vente en ligne - Le Magasin Industriel","robots":{"index":"index","follow":"follow","max-snippet":"max-snippet:-1","max-image-preview":"max-image-preview:large","max-video-preview":"max-video-preview:-1"},"canonical":"https:\/\/autravail.ca\/en\/vente-en-ligne\/","og_locale":"en_US","og_type":"article","og_title":"Vente en ligne - Le Magasin Industriel","og_description":"\u00c0 propos de notre service de vente en ligne En nous choisissant lors de votre achat sur notre site en ligne, vous vous assurez d&rsquo;obtenir un service de qualit\u00e9. Notre strat\u00e9gie de vente en ligne repose sur une exp\u00e9rience que nous avons b\u00e2ti durant les 20 derni\u00e8res ann\u00e9es. Cette strat\u00e9gie est simple. Derri\u00e8re les pages [&hellip;]","og_url":"https:\/\/autravail.ca\/en\/vente-en-ligne\/","og_site_name":"Le Magasin Industriel","article_publisher":"https:\/\/www.facebook.com\/lemagasinindustriel\/?locale=fr_FR","article_modified_time":"2025-05-14T15:44:30+00:00","og_image":[{"url":"http:\/\/autravail.ca\/wp-content\/uploads\/2025\/05\/reception_A01.webp","type":"","width":"","height":""}],"twitter_card":"summary_large_image","twitter_misc":{"Est. reading time":"1 minute"},"schema":{"@context":"https:\/\/schema.org","@graph":[{"@type":"WebPage","@id":"https:\/\/autravail.ca\/vente-en-ligne\/","url":"https:\/\/autravail.ca\/vente-en-ligne\/","name":"Vente en ligne - Le Magasin Industriel","isPartOf":{"@id":"https:\/\/autravail.ca\/#website"},"primaryImageOfPage":{"@id":"https:\/\/autravail.ca\/vente-en-ligne\/#primaryimage"},"image":{"@id":"https:\/\/autravail.ca\/vente-en-ligne\/#primaryimage"},"thumbnailUrl":"http:\/\/autravail.ca\/wp-content\/uploads\/2025\/05\/reception_A01.webp","datePublished":"2025-05-14T15:25:36+00:00","dateModified":"2025-05-14T15:44:30+00:00","breadcrumb":{"@id":"https:\/\/autravail.ca\/vente-en-ligne\/#breadcrumb"},"inLanguage":"en-CA","potentialAction":[{"@type":"ReadAction","target":["https:\/\/autravail.ca\/vente-en-ligne\/"]}]},{"@type":"ImageObject","inLanguage":"en-CA","@id":"https:\/\/autravail.ca\/vente-en-ligne\/#primaryimage","url":"http:\/\/autravail.ca\/wp-content\/uploads\/2025\/05\/reception_A01.webp","contentUrl":"http:\/\/autravail.ca\/wp-content\/uploads\/2025\/05\/reception_A01.webp"},{"@type":"BreadcrumbList","@id":"https:\/\/autravail.ca\/vente-en-ligne\/#breadcrumb","itemListElement":[{"@type":"ListItem","position":1,"name":"Accueil","item":"https:\/\/autravail.ca\/"},{"@type":"ListItem","position":2,"name":"Vente en ligne"}]},{"@type":"WebSite","@id":"https:\/\/autravail.ca\/#website","url":"https:\/\/autravail.ca\/","name":"Le Magasin Industriel","description":"50 ans de tradition de s\u00e9curit\u00e9 au travail","publisher":{"@id":"https:\/\/autravail.ca\/#organization"},"potentialAction":[{"@type":"SearchAction","target":{"@type":"EntryPoint","urlTemplate":"https:\/\/autravail.ca\/?s={search_term_string}"},"query-input":{"@type":"PropertyValueSpecification","valueRequired":true,"valueName":"search_term_string"}}],"inLanguage":"en-CA"},{"@type":"Organization","@id":"https:\/\/autravail.ca\/#organization","name":"Le Magasin Industriel","url":"https:\/\/autravail.ca\/","logo":{"@type":"ImageObject","inLanguage":"en-CA","@id":"https:\/\/autravail.ca\/#\/schema\/logo\/image\/","url":"https:\/\/autravail.ca\/wp-content\/uploads\/2025\/05\/cropped-magasin_industriel_120x.avif","contentUrl":"https:\/\/autravail.ca\/wp-content\/uploads\/2025\/05\/cropped-magasin_industriel_120x.avif","width":120,"height":24,"caption":"Le Magasin Industriel"},"image":{"@id":"https:\/\/autravail.ca\/#\/schema\/logo\/image\/"},"sameAs":["https:\/\/www.facebook.com\/lemagasinindustriel\/?locale=fr_FR"]}]}},"jetpack_sharing_enabled":true,"_links":{"self":[{"href":"https:\/\/autravail.ca\/en\/wp-json\/wp\/v2\/pages\/38285","targetHints":{"allow":["GET"]}}],"collection":[{"href":"https:\/\/autravail.ca\/en\/wp-json\/wp\/v2\/pages"}],"about":[{"href":"https:\/\/autravail.ca\/en\/wp-json\/wp\/v2\/types\/page"}],"author":[{"embeddable":true,"href":"https:\/\/autravail.ca\/en\/wp-json\/wp\/v2\/users\/1"}],"replies":[{"embeddable":true,"href":"https:\/\/autravail.ca\/en\/wp-json\/wp\/v2\/comments?post=38285"}],"version-history":[{"count":0,"href":"https:\/\/autravail.ca\/en\/wp-json\/wp\/v2\/pages\/38285\/revisions"}],"wp:attachment":[{"href":"https:\/\/autravail.ca\/en\/wp-json\/wp\/v2\/media?parent=38285"}],"curies":[{"name":"wp","href":"https:\/\/api.w.org\/{rel}","templated":true}]}}