{"id":26,"date":"2025-05-23T17:43:43","date_gmt":"2025-05-23T21:43:43","guid":{"rendered":"https:\/\/demo2wpopal.b-cdn.net\/axetor\/?page_id=11"},"modified":"2025-05-23T17:44:26","modified_gmt":"2025-05-23T21:44:26","slug":"garanties","status":"publish","type":"page","link":"https:\/\/autravail.ca\/en\/garanties\/","title":{"rendered":"Guarantees"},"content":{"rendered":"<div data-elementor-type=\"wp-page\" data-elementor-id=\"26\" class=\"elementor elementor-26\">\n\t\t\t\t<div class=\"elementor-element elementor-element-458f15d e-flex e-con-boxed e-con e-parent\" data-id=\"458f15d\" data-element_type=\"container\">\n\t\t\t\t\t<div class=\"e-con-inner\">\n\t\t\t\t<div class=\"elementor-element elementor-element-32c246f7 elementor-widget elementor-widget-text-editor\" data-id=\"32c246f7\" data-element_type=\"widget\" data-widget_type=\"text-editor.default\">\n\t\t\t\t<div class=\"elementor-widget-container\">\n\t\t\t\t\t\t\t\t\t\n<h3>At Industrial Store, we have heart to offer only quality products. However, if you think that one of our products is defective, don't hesitate to\u00a0<a href=\"https:\/\/autravail.ca\/en\/pages\/contact\/\" target=\"_blank\" rel=\"noopener noreferrer\">to contact us<\/a>.<\/h3>\n<p>Our site\u00a0<a href=\"https:\/\/autravail.ca\/en\/\">www.autravail.ca<\/a>\u00a0(The Industrial Store) offers a warranty only against manufacturing defects. This warranty never covers discomfort or damage related to wear and tear. This warranty is offered for a period of four (4) months following the date of purchase. If you submit a claim and are eligible for this warranty, a replacement product will be shipped to you free of charge.<\/p>\n<p>Note that it is possible for a product return evaluation deadline to be imposed on you. Several of our suppliers impose an analysis period for return requests. The transportation costs associated with the exchange are at the client's charge, but we will handle the delivery of the replacement product.<\/p>\n\t\t\t\t\t\t\t\t<\/div>\n\t\t\t\t<\/div>\n\t\t\t\t\t<\/div>\n\t\t\t\t<\/div>\n\t\t\t\t<\/div>","protected":false},"excerpt":{"rendered":"<p>At Industrial Store, we have our heart set on offering only quality products. If, however, you think that one of our products is defective, don't hesitate to contact us. Our site www.autravail.ca (Industrial Store) offers a warranty against manufacturing defects only. This warranty never covers discomfort or damage due to wear and tear.<\/p>","protected":false},"author":1,"featured_media":0,"parent":0,"menu_order":0,"comment_status":"closed","ping_status":"closed","template":"","meta":{"footnotes":""},"class_list":["post-26","page","type-page","status-publish","hentry"],"yoast_head":"<!-- This site is optimized with the Yoast SEO plugin v25.3.1 - https:\/\/yoast.com\/wordpress\/plugins\/seo\/ -->\n<title>Garanties - Le Magasin Industriel<\/title>\n<meta name=\"robots\" content=\"index, follow, max-snippet:-1, max-image-preview:large, max-video-preview:-1\" \/>\n<link rel=\"canonical\" href=\"https:\/\/autravail.ca\/en\/garanties\/\" \/>\n<meta property=\"og:locale\" content=\"en_US\" \/>\n<meta property=\"og:type\" content=\"article\" \/>\n<meta property=\"og:title\" content=\"Garanties - Le Magasin Industriel\" \/>\n<meta property=\"og:description\" content=\"Au Magasin Industriel, nous avons \u00e0 c\u0153ur d&rsquo;offrir uniquement des produits de qualit\u00e9. Si toutefois vous pensez que l&rsquo;un de nos produits est d\u00e9fectueux, n&rsquo;h\u00e9sitez pas \u00e0\u00a0nous contacter. Notre site\u00a0www.autravail.ca\u00a0(Le Magasin Industriel) offre une garantie contre les d\u00e9fauts de fabrication uniquement. Cette garantie ne couvre jamais l\u2019inconfort ou les dommages li\u00e9s \u00e0 l\u2019usure. Cette garantie [&hellip;]\" \/>\n<meta property=\"og:url\" content=\"https:\/\/autravail.ca\/en\/garanties\/\" \/>\n<meta property=\"og:site_name\" content=\"Le Magasin Industriel\" \/>\n<meta property=\"article:publisher\" content=\"https:\/\/www.facebook.com\/lemagasinindustriel\/?locale=fr_FR\" \/>\n<meta property=\"article:modified_time\" content=\"2025-05-23T21:44:26+00:00\" \/>\n<meta name=\"twitter:card\" content=\"summary_large_image\" \/>\n<meta name=\"twitter:label1\" content=\"Est. reading time\" \/>\n\t<meta name=\"twitter:data1\" content=\"1 minute\" \/>\n<script type=\"application\/ld+json\" class=\"yoast-schema-graph\">{\"@context\":\"https:\/\/schema.org\",\"@graph\":[{\"@type\":\"WebPage\",\"@id\":\"https:\/\/autravail.ca\/en\/garanties\/\",\"url\":\"https:\/\/autravail.ca\/en\/garanties\/\",\"name\":\"Garanties - Le Magasin Industriel\",\"isPartOf\":{\"@id\":\"https:\/\/autravail.ca\/#website\"},\"datePublished\":\"2025-05-23T21:43:43+00:00\",\"dateModified\":\"2025-05-23T21:44:26+00:00\",\"breadcrumb\":{\"@id\":\"https:\/\/autravail.ca\/en\/garanties\/#breadcrumb\"},\"inLanguage\":\"en-CA\",\"potentialAction\":[{\"@type\":\"ReadAction\",\"target\":[\"https:\/\/autravail.ca\/en\/garanties\/\"]}]},{\"@type\":\"BreadcrumbList\",\"@id\":\"https:\/\/autravail.ca\/en\/garanties\/#breadcrumb\",\"itemListElement\":[{\"@type\":\"ListItem\",\"position\":1,\"name\":\"Accueil\",\"item\":\"https:\/\/autravail.ca\/\"},{\"@type\":\"ListItem\",\"position\":2,\"name\":\"Garanties\"}]},{\"@type\":\"WebSite\",\"@id\":\"https:\/\/autravail.ca\/#website\",\"url\":\"https:\/\/autravail.ca\/\",\"name\":\"Le Magasin Industriel\",\"description\":\"50 ans de tradition de s\u00e9curit\u00e9 au travail\",\"publisher\":{\"@id\":\"https:\/\/autravail.ca\/#organization\"},\"potentialAction\":[{\"@type\":\"SearchAction\",\"target\":{\"@type\":\"EntryPoint\",\"urlTemplate\":\"https:\/\/autravail.ca\/?s={search_term_string}\"},\"query-input\":{\"@type\":\"PropertyValueSpecification\",\"valueRequired\":true,\"valueName\":\"search_term_string\"}}],\"inLanguage\":\"en-CA\"},{\"@type\":\"Organization\",\"@id\":\"https:\/\/autravail.ca\/#organization\",\"name\":\"Le Magasin Industriel\",\"url\":\"https:\/\/autravail.ca\/\",\"logo\":{\"@type\":\"ImageObject\",\"inLanguage\":\"en-CA\",\"@id\":\"https:\/\/autravail.ca\/#\/schema\/logo\/image\/\",\"url\":\"https:\/\/autravail.ca\/wp-content\/uploads\/2025\/05\/cropped-magasin_industriel_120x.avif\",\"contentUrl\":\"https:\/\/autravail.ca\/wp-content\/uploads\/2025\/05\/cropped-magasin_industriel_120x.avif\",\"width\":120,\"height\":24,\"caption\":\"Le Magasin Industriel\"},\"image\":{\"@id\":\"https:\/\/autravail.ca\/#\/schema\/logo\/image\/\"},\"sameAs\":[\"https:\/\/www.facebook.com\/lemagasinindustriel\/?locale=fr_FR\"]}]}<\/script>\n<!-- \/ Yoast SEO plugin. -->","yoast_head_json":{"title":"Garanties - Le Magasin Industriel","robots":{"index":"index","follow":"follow","max-snippet":"max-snippet:-1","max-image-preview":"max-image-preview:large","max-video-preview":"max-video-preview:-1"},"canonical":"https:\/\/autravail.ca\/en\/garanties\/","og_locale":"en_US","og_type":"article","og_title":"Garanties - Le Magasin Industriel","og_description":"Au Magasin Industriel, nous avons \u00e0 c\u0153ur d&rsquo;offrir uniquement des produits de qualit\u00e9. Si toutefois vous pensez que l&rsquo;un de nos produits est d\u00e9fectueux, n&rsquo;h\u00e9sitez pas \u00e0\u00a0nous contacter. Notre site\u00a0www.autravail.ca\u00a0(Le Magasin Industriel) offre une garantie contre les d\u00e9fauts de fabrication uniquement. Cette garantie ne couvre jamais l\u2019inconfort ou les dommages li\u00e9s \u00e0 l\u2019usure. Cette garantie [&hellip;]","og_url":"https:\/\/autravail.ca\/en\/garanties\/","og_site_name":"Le Magasin Industriel","article_publisher":"https:\/\/www.facebook.com\/lemagasinindustriel\/?locale=fr_FR","article_modified_time":"2025-05-23T21:44:26+00:00","twitter_card":"summary_large_image","twitter_misc":{"Est. reading time":"1 minute"},"schema":{"@context":"https:\/\/schema.org","@graph":[{"@type":"WebPage","@id":"https:\/\/autravail.ca\/en\/garanties\/","url":"https:\/\/autravail.ca\/en\/garanties\/","name":"Garanties - Le Magasin Industriel","isPartOf":{"@id":"https:\/\/autravail.ca\/#website"},"datePublished":"2025-05-23T21:43:43+00:00","dateModified":"2025-05-23T21:44:26+00:00","breadcrumb":{"@id":"https:\/\/autravail.ca\/en\/garanties\/#breadcrumb"},"inLanguage":"en-CA","potentialAction":[{"@type":"ReadAction","target":["https:\/\/autravail.ca\/en\/garanties\/"]}]},{"@type":"BreadcrumbList","@id":"https:\/\/autravail.ca\/en\/garanties\/#breadcrumb","itemListElement":[{"@type":"ListItem","position":1,"name":"Accueil","item":"https:\/\/autravail.ca\/"},{"@type":"ListItem","position":2,"name":"Garanties"}]},{"@type":"WebSite","@id":"https:\/\/autravail.ca\/#website","url":"https:\/\/autravail.ca\/","name":"Le Magasin Industriel","description":"50 ans de tradition de s\u00e9curit\u00e9 au travail","publisher":{"@id":"https:\/\/autravail.ca\/#organization"},"potentialAction":[{"@type":"SearchAction","target":{"@type":"EntryPoint","urlTemplate":"https:\/\/autravail.ca\/?s={search_term_string}"},"query-input":{"@type":"PropertyValueSpecification","valueRequired":true,"valueName":"search_term_string"}}],"inLanguage":"en-CA"},{"@type":"Organization","@id":"https:\/\/autravail.ca\/#organization","name":"Le Magasin Industriel","url":"https:\/\/autravail.ca\/","logo":{"@type":"ImageObject","inLanguage":"en-CA","@id":"https:\/\/autravail.ca\/#\/schema\/logo\/image\/","url":"https:\/\/autravail.ca\/wp-content\/uploads\/2025\/05\/cropped-magasin_industriel_120x.avif","contentUrl":"https:\/\/autravail.ca\/wp-content\/uploads\/2025\/05\/cropped-magasin_industriel_120x.avif","width":120,"height":24,"caption":"Le Magasin Industriel"},"image":{"@id":"https:\/\/autravail.ca\/#\/schema\/logo\/image\/"},"sameAs":["https:\/\/www.facebook.com\/lemagasinindustriel\/?locale=fr_FR"]}]}},"jetpack_sharing_enabled":true,"_links":{"self":[{"href":"https:\/\/autravail.ca\/en\/wp-json\/wp\/v2\/pages\/26","targetHints":{"allow":["GET"]}}],"collection":[{"href":"https:\/\/autravail.ca\/en\/wp-json\/wp\/v2\/pages"}],"about":[{"href":"https:\/\/autravail.ca\/en\/wp-json\/wp\/v2\/types\/page"}],"author":[{"embeddable":true,"href":"https:\/\/autravail.ca\/en\/wp-json\/wp\/v2\/users\/1"}],"replies":[{"embeddable":true,"href":"https:\/\/autravail.ca\/en\/wp-json\/wp\/v2\/comments?post=26"}],"version-history":[{"count":0,"href":"https:\/\/autravail.ca\/en\/wp-json\/wp\/v2\/pages\/26\/revisions"}],"wp:attachment":[{"href":"https:\/\/autravail.ca\/en\/wp-json\/wp\/v2\/media?parent=26"}],"curies":[{"name":"wp","href":"https:\/\/api.w.org\/{rel}","templated":true}]}}