{"id":233,"date":"2024-01-29T09:10:44","date_gmt":"2024-01-29T09:10:44","guid":{"rendered":"https:\/\/demo2wpopal.b-cdn.net\/axetor\/?page_id=233"},"modified":"2025-07-03T09:13:41","modified_gmt":"2025-07-03T13:13:41","slug":"contact","status":"publish","type":"page","link":"https:\/\/autravail.ca\/en\/contact\/","title":{"rendered":"Contact"},"content":{"rendered":"<div data-elementor-type=\"wp-page\" data-elementor-id=\"233\" class=\"elementor elementor-233\">\n\t\t\t\t<div class=\"elementor-element elementor-element-afb0307 e-flex e-con-boxed e-con e-parent\" data-id=\"afb0307\" data-element_type=\"container\">\n\t\t\t\t\t<div class=\"e-con-inner\">\n\t\t<div class=\"elementor-element elementor-element-9f9004b e-con-full e-flex e-con e-child\" data-id=\"9f9004b\" data-element_type=\"container\">\n\t\t\t\t<div class=\"elementor-element elementor-element-229dc4a elementor-position-left elementor-view-default elementor-mobile-position-top elementor-vertical-align-top elementor-widget elementor-widget-icon-box\" data-id=\"229dc4a\" data-element_type=\"widget\" data-widget_type=\"icon-box.default\">\n\t\t\t\t<div class=\"elementor-widget-container\">\n\t\t\t\t\t\t\t<div class=\"elementor-icon-box-wrapper\">\n\n\t\t\t\t\t\t<div class=\"elementor-icon-box-icon\">\n\t\t\t\t<span  class=\"elementor-icon\">\n\t\t\t\t<i aria-hidden=\"true\" class=\"axetor-icon- axetor-icon-shop\"><\/i>\t\t\t\t<\/span>\n\t\t\t<\/div>\n\t\t\t\n\t\t\t\t\t\t<div class=\"elementor-icon-box-content\">\n\n\t\t\t\t\t\t\t\t\t<h4 class=\"elementor-icon-box-title\">\n\t\t\t\t\t\t<span  >\n\t\t\t\t\t\t\tOur location\t\t\t\t\t\t<\/span>\n\t\t\t\t\t<\/h4>\n\t\t\t\t\n\t\t\t\t\t\t\t\t\t<p class=\"elementor-icon-box-description\">\n\t\t\t\t\t\t565 Main Street<br>\nGranby, QC J2G 2X4\t\t\t\t\t<\/p>\n\t\t\t\t\n\t\t\t<\/div>\n\t\t\t\n\t\t<\/div>\n\t\t\t\t\t\t<\/div>\n\t\t\t\t<\/div>\n\t\t\t\t<\/div>\n\t\t<div class=\"elementor-element elementor-element-a90880a e-con-full e-flex e-con e-child\" data-id=\"a90880a\" data-element_type=\"container\">\n\t\t\t\t<div class=\"elementor-element elementor-element-82a4aab elementor-position-left elementor-view-default elementor-mobile-position-top elementor-vertical-align-top elementor-widget elementor-widget-icon-box\" data-id=\"82a4aab\" data-element_type=\"widget\" data-widget_type=\"icon-box.default\">\n\t\t\t\t<div class=\"elementor-widget-container\">\n\t\t\t\t\t\t\t<div class=\"elementor-icon-box-wrapper\">\n\n\t\t\t\t\t\t<div class=\"elementor-icon-box-icon\">\n\t\t\t\t<span  class=\"elementor-icon\">\n\t\t\t\t<svg aria-hidden=\"true\" class=\"e-font-icon-svg e-far-clock\" viewbox=\"0 0 512 512\" xmlns=\"http:\/\/www.w3.org\/2000\/svg\"><path d=\"M256 8C119 8 8 119 8 256s111 248 248 248 248-111 248-248S393 8 256 8zm0 448c-110.5 0-200-89.5-200-200S145.5 56 256 56s200 89.5 200 200-89.5 200-200 200zm61.8-104.4l-84.9-61.7c-3.1-2.3-4.9-5.9-4.9-9.7V116c0-6.6 5.4-12 12-12h32c6.6 0 12 5.4 12 12v141.7l66.8 48.6c5.4 3.9 6.5 11.4 2.6 16.8L334.6 349c-3.9 5.3-11.4 6.5-16.8 2.6z\"><\/path><\/svg>\t\t\t\t<\/span>\n\t\t\t<\/div>\n\t\t\t\n\t\t\t\t\t\t<div class=\"elementor-icon-box-content\">\n\n\t\t\t\t\t\t\t\t\t<h4 class=\"elementor-icon-box-title\">\n\t\t\t\t\t\t<span  >\n\t\t\t\t\t\t\tour opening hours\t\t\t\t\t\t<\/span>\n\t\t\t\t\t<\/h4>\n\t\t\t\t\n\t\t\t\t\t\t\t\t\t<p class=\"elementor-icon-box-description\">\n\t\t\t\t\t\tMonday - Wednesday: 08:30 - 17:30\n<br>Jeudi - vendredi: 08:30 - 20:00\n<br>Saturday: 09:00 - 17:00\n<br>Sunday: Closed\n\t\t\t\t\t<\/p>\n\t\t\t\t\n\t\t\t<\/div>\n\t\t\t\n\t\t<\/div>\n\t\t\t\t\t\t<\/div>\n\t\t\t\t<\/div>\n\t\t\t\t<\/div>\n\t\t<div class=\"elementor-element elementor-element-6141555 e-con-full e-flex e-con e-child\" data-id=\"6141555\" data-element_type=\"container\">\n\t\t\t\t<div class=\"elementor-element elementor-element-d20fc0c elementor-position-left elementor-view-default elementor-mobile-position-top elementor-vertical-align-top elementor-widget elementor-widget-icon-box\" data-id=\"d20fc0c\" data-element_type=\"widget\" data-widget_type=\"icon-box.default\">\n\t\t\t\t<div class=\"elementor-widget-container\">\n\t\t\t\t\t\t\t<div class=\"elementor-icon-box-wrapper\">\n\n\t\t\t\t\t\t<div class=\"elementor-icon-box-icon\">\n\t\t\t\t<span  class=\"elementor-icon\">\n\t\t\t\t<svg aria-hidden=\"true\" class=\"e-font-icon-svg e-far-envelope\" viewbox=\"0 0 512 512\" xmlns=\"http:\/\/www.w3.org\/2000\/svg\"><path d=\"M464 64H48C21.49 64 0 85.49 0 112v288c0 26.51 21.49 48 48 48h416c26.51 0 48-21.49 48-48V112c0-26.51-21.49-48-48-48zm0 48v40.805c-22.422 18.259-58.168 46.651-134.587 106.49-16.841 13.247-50.201 45.072-73.413 44.701-23.208.375-56.579-31.459-73.413-44.701C106.18 199.465 70.425 171.067 48 152.805V112h416zM48 400V214.398c22.914 18.251 55.409 43.862 104.938 82.646 21.857 17.205 60.134 55.186 103.062 54.955 42.717.231 80.509-37.199 103.053-54.947 49.528-38.783 82.032-64.401 104.947-82.653V400H48z\"><\/path><\/svg>\t\t\t\t<\/span>\n\t\t\t<\/div>\n\t\t\t\n\t\t\t\t\t\t<div class=\"elementor-icon-box-content\">\n\n\t\t\t\t\t\t\t\t\t<h4 class=\"elementor-icon-box-title\">\n\t\t\t\t\t\t<span  >\n\t\t\t\t\t\t\tTo reach us\t\t\t\t\t\t<\/span>\n\t\t\t\t\t<\/h4>\n\t\t\t\t\n\t\t\t\t\t\t\t\t\t<p class=\"elementor-icon-box-description\">\n\t\t\t\t\t\t(450) 378-2785<br>\nEmail: info@autravail.ca\t\t\t\t\t<\/p>\n\t\t\t\t\n\t\t\t<\/div>\n\t\t\t\n\t\t<\/div>\n\t\t\t\t\t\t<\/div>\n\t\t\t\t<\/div>\n\t\t\t\t<\/div>\n\t\t\t\t\t<\/div>\n\t\t\t\t<\/div>\n\t\t<div class=\"elementor-element elementor-element-3357a2b e-flex e-con-boxed e-con e-parent\" data-id=\"3357a2b\" data-element_type=\"container\">\n\t\t\t\t\t<div class=\"e-con-inner\">\n\t\t\t\t<div class=\"elementor-element elementor-element-91e4e4f elementor-widget elementor-widget-google_maps\" data-id=\"91e4e4f\" data-element_type=\"widget\" data-widget_type=\"google_maps.default\">\n\t\t\t\t<div class=\"elementor-widget-container\">\n\t\t\t\t\t\t\t<div class=\"elementor-custom-embed\">\n\t\t\t<iframe loading=\"lazy\"\n\t\t\t\t\tsrc=\"https:\/\/maps.google.com\/maps?q=565%20Rue%20Principale%2C%20Granby%2C%20QC%20J2G%202X4&#038;t=m&#038;z=10&#038;output=embed&#038;iwloc=near\"\n\t\t\t\t\ttitle=\"565 Main Street, Granby, QC J2G 2X4\"\n\t\t\t\t\taria-label=\"565 Main Street, Granby, QC J2G 2X4\"\n\t\t\t><\/iframe>\n\t\t<\/div>\n\t\t\t\t\t\t<\/div>\n\t\t\t\t<\/div>\n\t\t<div class=\"elementor-element elementor-element-0948aa7 e-flex e-con-boxed e-con e-child\" data-id=\"0948aa7\" data-element_type=\"container\" data-settings=\"{&quot;background_background&quot;:&quot;classic&quot;}\">\n\t\t\t\t\t<div class=\"e-con-inner\">\n\t\t\t\t<div class=\"elementor-element elementor-element-8043516 elementor-widget__width-inherit elementor-widget elementor-widget-heading\" data-id=\"8043516\" data-element_type=\"widget\" data-widget_type=\"heading.default\">\n\t\t\t\t<div class=\"elementor-widget-container\">\n\t\t\t\t\t<h2 class=\"elementor-heading-title elementor-size-default\">Let us a message<\/h2>\t\t\t\t<\/div>\n\t\t\t\t<\/div>\n\t\t\t\t<div class=\"elementor-element elementor-element-1317954 title-gradient-yes elementor-absolute elementor-widget elementor-widget-heading\" data-id=\"1317954\" data-element_type=\"widget\" data-settings=\"{&quot;_position&quot;:&quot;absolute&quot;}\" data-widget_type=\"heading.default\">\n\t\t\t\t<div class=\"elementor-widget-container\">\n\t\t\t\t\t<h2 class=\"elementor-heading-title elementor-size-default\">Contact Form<\/h2>\t\t\t\t<\/div>\n\t\t\t\t<\/div>\n\t\t\t\t<div class=\"elementor-element elementor-element-e7325ea elementor-widget__width-initial elementor-widget elementor-widget-html\" data-id=\"e7325ea\" data-element_type=\"widget\" data-widget_type=\"html.default\">\n\t\t\t\t<div class=\"elementor-widget-container\">\n\t\t\t\t\t<style>\r\n  \/* Conteneur centr\u00e9 et fond clair *\/\r\n  .form-container {\r\n    max-width: 600px;\r\n    margin: 2rem auto;\r\n    padding: 2rem;\r\n    background: #ffffff;\r\n    box-shadow: 0 4px 12px rgba(0,0,0,0.05);\r\n    border-radius: 8px;\r\n  }\r\n\r\n  \/* Espace vertical entre chaque champ *\/\r\n  .form-group {\r\n    margin-bottom: 2rem;\r\n  }\r\n\r\n  \/* Style des inputs et textarea *\/\r\n  .form-group input,\r\n  .form-group textarea {\r\n    width: 100%;\r\n    padding: 1rem;\r\n    font-size: 1rem;\r\n    line-height: 1.4;\r\n    border: 1px solid #cccccc;\r\n    border-radius: 4px;\r\n    transition: border-color .2s;\r\n  }\r\n  .form-group input:focus,\r\n  .form-group textarea:focus {\r\n    outline: none;\r\n    border-color: #888888;\r\n  }\r\n\r\n  \/* Bouton plus visible et espac\u00e9 *\/\r\n  .form-container button {\r\n    display: inline-block;\r\n    padding: 1rem 2rem;\r\n    font-size: 1rem;\r\n    background-color: #222222;\r\n    color: #ffffff;\r\n    border: none;\r\n    border-radius: 4px;\r\n    cursor: pointer;\r\n    transition: background-color .2s;\r\n  }\r\n  .form-container button:hover {\r\n    background-color: #444444;\r\n  }\r\n<\/style>\r\n\r\n<div class=\"form-container\">\r\n  <form\r\n    action=\"https:\/\/formsubmit.co\/info@autravail.ca\"\r\n    method=\"POST\"\r\n  >\r\n    <!-- Activation reCAPTCHA et redirection -->\r\n    <input type=\"hidden\" name=\"_captcha\" value=\"true\">\r\n    <input type=\"hidden\" name=\"_next\" value=\"https:\/\/autravail.ca\/\">\r\n\r\n    <div class=\"form-group\">\r\n      <input\r\n        type=\"text\"\r\n        name=\"Nom\"\r\n        placeholder=\"Name\"\r\n        required\r\n \/>\r\n    <\/div>\r\n\r\n    <div class=\"form-group\">\r\n      <input\r\n        type=\"email\"\r\n        name=\"E-mail\"\r\n        placeholder=\"*Email\"\r\n        required\r\n \/>\r\n    <\/div>\r\n\r\n    <div class=\"form-group\">\r\n      <input\r\n        type=\"tel\"\r\n        name=\"T\u00e9l\u00e9phone\"\r\n        placeholder=\"Phone number\"\r\n      \/>\r\n    <\/div>\r\n\r\n    <div class=\"form-group\">\r\n      <textarea\r\n        name=\"Commentaire\"\r\n        placeholder=\"Comment (in French): Commentary\"\r\n        rows=\"6\"\r\n      ><\/textarea>\r\n    <\/div>\r\n\r\n    <button type=\"submit\">Send<\/button>\r\n  <\/form>\r\n<\/div>\r\n\t\t\t\t<\/div>\n\t\t\t\t<\/div>\n\t\t\t\t\t<\/div>\n\t\t\t\t<\/div>\n\t\t\t\t\t<\/div>\n\t\t\t\t<\/div>\n\t\t\t\t<\/div>","protected":false},"excerpt":{"rendered":"<p>Notre localisation 565 Rue Principale Granby, QC J2G 2X4 Nos heures d&rsquo;ouverture Lundi &#8211; mercredi: 08:30 &#8211; 17:30 Jeudi &#8211; vendredi: 08:30 &#8211; 20:00 Samedi: 09:00 &#8211; 17:00 Dimanche: Ferm\u00e9 Pour nous joindre T\u00e9l\u00e9phone: (450) 378-2785 Email: info@autravail.ca Laissez nous un message Formulaire de contact Envoyer<\/p>","protected":false},"author":1,"featured_media":38372,"parent":0,"menu_order":0,"comment_status":"closed","ping_status":"closed","template":"template-homepage.php","meta":{"footnotes":""},"class_list":["post-233","page","type-page","status-publish","has-post-thumbnail","hentry"],"yoast_head":"<!-- This site is optimized with the Yoast SEO plugin v25.3.1 - https:\/\/yoast.com\/wordpress\/plugins\/seo\/ -->\n<title>Contact - Le Magasin Industriel<\/title>\n<meta name=\"robots\" content=\"index, follow, max-snippet:-1, max-image-preview:large, max-video-preview:-1\" \/>\n<link rel=\"canonical\" href=\"https:\/\/autravail.ca\/en\/contact\/\" \/>\n<meta property=\"og:locale\" content=\"en_US\" \/>\n<meta property=\"og:type\" content=\"article\" \/>\n<meta property=\"og:title\" content=\"Contact - Le Magasin Industriel\" \/>\n<meta property=\"og:description\" content=\"Notre localisation 565 Rue Principale Granby, QC J2G 2X4 Nos heures d&rsquo;ouverture Lundi &#8211; mercredi: 08:30 &#8211; 17:30 Jeudi &#8211; vendredi: 08:30 &#8211; 20:00 Samedi: 09:00 &#8211; 17:00 Dimanche: Ferm\u00e9 Pour nous joindre T\u00e9l\u00e9phone: (450) 378-2785 Email: info@autravail.ca Laissez nous un message Formulaire de contact Envoyer\" \/>\n<meta property=\"og:url\" content=\"https:\/\/autravail.ca\/en\/contact\/\" \/>\n<meta property=\"og:site_name\" content=\"Le Magasin Industriel\" \/>\n<meta property=\"article:publisher\" content=\"https:\/\/www.facebook.com\/lemagasinindustriel\/?locale=fr_FR\" \/>\n<meta property=\"article:modified_time\" content=\"2025-07-03T13:13:41+00:00\" \/>\n<meta property=\"og:image\" content=\"https:\/\/autravail.ca\/wp-content\/uploads\/2025\/05\/Magasin-de-chaussures-et-daccessoires-industriel.jpg\" \/>\n\t<meta property=\"og:image:width\" content=\"1800\" \/>\n\t<meta property=\"og:image:height\" content=\"1201\" \/>\n\t<meta property=\"og:image:type\" content=\"image\/jpeg\" \/>\n<meta name=\"twitter:card\" content=\"summary_large_image\" \/>\n<meta name=\"twitter:label1\" content=\"Est. reading time\" \/>\n\t<meta name=\"twitter:data1\" content=\"1 minute\" \/>\n<script type=\"application\/ld+json\" class=\"yoast-schema-graph\">{\"@context\":\"https:\/\/schema.org\",\"@graph\":[{\"@type\":\"WebPage\",\"@id\":\"https:\/\/autravail.ca\/contact\/\",\"url\":\"https:\/\/autravail.ca\/contact\/\",\"name\":\"Contact - Le Magasin Industriel\",\"isPartOf\":{\"@id\":\"https:\/\/autravail.ca\/#website\"},\"primaryImageOfPage\":{\"@id\":\"https:\/\/autravail.ca\/contact\/#primaryimage\"},\"image\":{\"@id\":\"https:\/\/autravail.ca\/contact\/#primaryimage\"},\"thumbnailUrl\":\"https:\/\/autravail.ca\/wp-content\/uploads\/2025\/05\/Magasin-de-chaussures-et-daccessoires-industriel.jpg\",\"datePublished\":\"2024-01-29T09:10:44+00:00\",\"dateModified\":\"2025-07-03T13:13:41+00:00\",\"breadcrumb\":{\"@id\":\"https:\/\/autravail.ca\/contact\/#breadcrumb\"},\"inLanguage\":\"en-CA\",\"potentialAction\":[{\"@type\":\"ReadAction\",\"target\":[\"https:\/\/autravail.ca\/contact\/\"]}]},{\"@type\":\"ImageObject\",\"inLanguage\":\"en-CA\",\"@id\":\"https:\/\/autravail.ca\/contact\/#primaryimage\",\"url\":\"https:\/\/autravail.ca\/wp-content\/uploads\/2025\/05\/Magasin-de-chaussures-et-daccessoires-industriel.jpg\",\"contentUrl\":\"https:\/\/autravail.ca\/wp-content\/uploads\/2025\/05\/Magasin-de-chaussures-et-daccessoires-industriel.jpg\",\"width\":1800,\"height\":1201,\"caption\":\"Magasin de chaussures et d'accessoires industriel\"},{\"@type\":\"BreadcrumbList\",\"@id\":\"https:\/\/autravail.ca\/contact\/#breadcrumb\",\"itemListElement\":[{\"@type\":\"ListItem\",\"position\":1,\"name\":\"Accueil\",\"item\":\"https:\/\/autravail.ca\/\"},{\"@type\":\"ListItem\",\"position\":2,\"name\":\"Contact\"}]},{\"@type\":\"WebSite\",\"@id\":\"https:\/\/autravail.ca\/#website\",\"url\":\"https:\/\/autravail.ca\/\",\"name\":\"Le Magasin Industriel\",\"description\":\"50 ans de tradition de s\u00e9curit\u00e9 au travail\",\"publisher\":{\"@id\":\"https:\/\/autravail.ca\/#organization\"},\"potentialAction\":[{\"@type\":\"SearchAction\",\"target\":{\"@type\":\"EntryPoint\",\"urlTemplate\":\"https:\/\/autravail.ca\/?s={search_term_string}\"},\"query-input\":{\"@type\":\"PropertyValueSpecification\",\"valueRequired\":true,\"valueName\":\"search_term_string\"}}],\"inLanguage\":\"en-CA\"},{\"@type\":\"Organization\",\"@id\":\"https:\/\/autravail.ca\/#organization\",\"name\":\"Le Magasin Industriel\",\"url\":\"https:\/\/autravail.ca\/\",\"logo\":{\"@type\":\"ImageObject\",\"inLanguage\":\"en-CA\",\"@id\":\"https:\/\/autravail.ca\/#\/schema\/logo\/image\/\",\"url\":\"https:\/\/autravail.ca\/wp-content\/uploads\/2025\/05\/cropped-magasin_industriel_120x.avif\",\"contentUrl\":\"https:\/\/autravail.ca\/wp-content\/uploads\/2025\/05\/cropped-magasin_industriel_120x.avif\",\"width\":120,\"height\":24,\"caption\":\"Le Magasin Industriel\"},\"image\":{\"@id\":\"https:\/\/autravail.ca\/#\/schema\/logo\/image\/\"},\"sameAs\":[\"https:\/\/www.facebook.com\/lemagasinindustriel\/?locale=fr_FR\"]}]}<\/script>\n<!-- \/ Yoast SEO plugin. -->","yoast_head_json":{"title":"Contact - Le Magasin Industriel","robots":{"index":"index","follow":"follow","max-snippet":"max-snippet:-1","max-image-preview":"max-image-preview:large","max-video-preview":"max-video-preview:-1"},"canonical":"https:\/\/autravail.ca\/en\/contact\/","og_locale":"en_US","og_type":"article","og_title":"Contact - Le Magasin Industriel","og_description":"Notre localisation 565 Rue Principale Granby, QC J2G 2X4 Nos heures d&rsquo;ouverture Lundi &#8211; mercredi: 08:30 &#8211; 17:30 Jeudi &#8211; vendredi: 08:30 &#8211; 20:00 Samedi: 09:00 &#8211; 17:00 Dimanche: Ferm\u00e9 Pour nous joindre T\u00e9l\u00e9phone: (450) 378-2785 Email: info@autravail.ca Laissez nous un message Formulaire de contact Envoyer","og_url":"https:\/\/autravail.ca\/en\/contact\/","og_site_name":"Le Magasin Industriel","article_publisher":"https:\/\/www.facebook.com\/lemagasinindustriel\/?locale=fr_FR","article_modified_time":"2025-07-03T13:13:41+00:00","og_image":[{"width":1800,"height":1201,"url":"https:\/\/autravail.ca\/wp-content\/uploads\/2025\/05\/Magasin-de-chaussures-et-daccessoires-industriel.jpg","type":"image\/jpeg"}],"twitter_card":"summary_large_image","twitter_misc":{"Est. reading time":"1 minute"},"schema":{"@context":"https:\/\/schema.org","@graph":[{"@type":"WebPage","@id":"https:\/\/autravail.ca\/contact\/","url":"https:\/\/autravail.ca\/contact\/","name":"Contact - Le Magasin Industriel","isPartOf":{"@id":"https:\/\/autravail.ca\/#website"},"primaryImageOfPage":{"@id":"https:\/\/autravail.ca\/contact\/#primaryimage"},"image":{"@id":"https:\/\/autravail.ca\/contact\/#primaryimage"},"thumbnailUrl":"https:\/\/autravail.ca\/wp-content\/uploads\/2025\/05\/Magasin-de-chaussures-et-daccessoires-industriel.jpg","datePublished":"2024-01-29T09:10:44+00:00","dateModified":"2025-07-03T13:13:41+00:00","breadcrumb":{"@id":"https:\/\/autravail.ca\/contact\/#breadcrumb"},"inLanguage":"en-CA","potentialAction":[{"@type":"ReadAction","target":["https:\/\/autravail.ca\/contact\/"]}]},{"@type":"ImageObject","inLanguage":"en-CA","@id":"https:\/\/autravail.ca\/contact\/#primaryimage","url":"https:\/\/autravail.ca\/wp-content\/uploads\/2025\/05\/Magasin-de-chaussures-et-daccessoires-industriel.jpg","contentUrl":"https:\/\/autravail.ca\/wp-content\/uploads\/2025\/05\/Magasin-de-chaussures-et-daccessoires-industriel.jpg","width":1800,"height":1201,"caption":"Magasin de chaussures et d'accessoires industriel"},{"@type":"BreadcrumbList","@id":"https:\/\/autravail.ca\/contact\/#breadcrumb","itemListElement":[{"@type":"ListItem","position":1,"name":"Accueil","item":"https:\/\/autravail.ca\/"},{"@type":"ListItem","position":2,"name":"Contact"}]},{"@type":"WebSite","@id":"https:\/\/autravail.ca\/#website","url":"https:\/\/autravail.ca\/","name":"Le Magasin Industriel","description":"50 ans de tradition de s\u00e9curit\u00e9 au travail","publisher":{"@id":"https:\/\/autravail.ca\/#organization"},"potentialAction":[{"@type":"SearchAction","target":{"@type":"EntryPoint","urlTemplate":"https:\/\/autravail.ca\/?s={search_term_string}"},"query-input":{"@type":"PropertyValueSpecification","valueRequired":true,"valueName":"search_term_string"}}],"inLanguage":"en-CA"},{"@type":"Organization","@id":"https:\/\/autravail.ca\/#organization","name":"Le Magasin Industriel","url":"https:\/\/autravail.ca\/","logo":{"@type":"ImageObject","inLanguage":"en-CA","@id":"https:\/\/autravail.ca\/#\/schema\/logo\/image\/","url":"https:\/\/autravail.ca\/wp-content\/uploads\/2025\/05\/cropped-magasin_industriel_120x.avif","contentUrl":"https:\/\/autravail.ca\/wp-content\/uploads\/2025\/05\/cropped-magasin_industriel_120x.avif","width":120,"height":24,"caption":"Le Magasin Industriel"},"image":{"@id":"https:\/\/autravail.ca\/#\/schema\/logo\/image\/"},"sameAs":["https:\/\/www.facebook.com\/lemagasinindustriel\/?locale=fr_FR"]}]}},"jetpack_sharing_enabled":true,"_links":{"self":[{"href":"https:\/\/autravail.ca\/en\/wp-json\/wp\/v2\/pages\/233","targetHints":{"allow":["GET"]}}],"collection":[{"href":"https:\/\/autravail.ca\/en\/wp-json\/wp\/v2\/pages"}],"about":[{"href":"https:\/\/autravail.ca\/en\/wp-json\/wp\/v2\/types\/page"}],"author":[{"embeddable":true,"href":"https:\/\/autravail.ca\/en\/wp-json\/wp\/v2\/users\/1"}],"replies":[{"embeddable":true,"href":"https:\/\/autravail.ca\/en\/wp-json\/wp\/v2\/comments?post=233"}],"version-history":[{"count":3,"href":"https:\/\/autravail.ca\/en\/wp-json\/wp\/v2\/pages\/233\/revisions"}],"predecessor-version":[{"id":39236,"href":"https:\/\/autravail.ca\/en\/wp-json\/wp\/v2\/pages\/233\/revisions\/39236"}],"wp:featuredmedia":[{"embeddable":true,"href":"https:\/\/autravail.ca\/en\/wp-json\/wp\/v2\/media\/38372"}],"wp:attachment":[{"href":"https:\/\/autravail.ca\/en\/wp-json\/wp\/v2\/media?parent=233"}],"curies":[{"name":"wp","href":"https:\/\/api.w.org\/{rel}","templated":true}]}}