{"id":2,"date":"2025-04-21T17:44:44","date_gmt":"2025-04-21T17:44:44","guid":{"rendered":"http:\/\/meteoquebec.ca\/?page_id=2"},"modified":"2025-10-01T09:37:47","modified_gmt":"2025-10-01T13:37:47","slug":"unite-mobile","status":"publish","type":"page","link":"https:\/\/autravail.ca\/en\/unite-mobile\/","title":{"rendered":"Unit\u00e9 mobile"},"content":{"rendered":"<div data-elementor-type=\"wp-page\" data-elementor-id=\"2\" class=\"elementor elementor-2\">\n\t\t\t\t<div class=\"elementor-element elementor-element-c0e0675 e-con-full e-flex e-con e-parent\" data-id=\"c0e0675\" data-element_type=\"container\">\n\t\t<div class=\"elementor-element elementor-element-d6162d2 e-con-full e-flex e-con e-child\" data-id=\"d6162d2\" data-element_type=\"container\" data-settings=\"{&quot;background_background&quot;:&quot;classic&quot;}\">\n\t\t\t\t<\/div>\n\t\t<div class=\"elementor-element elementor-element-35a2120 e-con-full e-flex e-con e-child\" data-id=\"35a2120\" data-element_type=\"container\" data-settings=\"{&quot;background_background&quot;:&quot;classic&quot;}\">\n\t\t\t\t<\/div>\n\t\t\t\t<\/div>\n\t\t<div class=\"elementor-element elementor-element-4284c9d1 e-flex e-con-boxed e-con e-parent\" data-id=\"4284c9d1\" data-element_type=\"container\">\n\t\t\t\t\t<div class=\"e-con-inner\">\n\t\t\t\t<div class=\"elementor-element elementor-element-539f96ad elementor-widget elementor-widget-text-editor\" data-id=\"539f96ad\" data-element_type=\"widget\" data-widget_type=\"text-editor.default\">\n\t\t\t\t<div class=\"elementor-widget-container\">\n\t\t\t\t\t\t\t\t\t\n<h1 class=\"main-page-title page-title h0\">UNIT\u00c9 DES VENTES MOBILES<\/h1>\n<div class=\"rte\">\n<p>L&rsquo;unit\u00e9 des ventes mobiles offre un service de\u00a0<strong>distribution de chaussures<\/strong>\u00a0de s\u00e9curit\u00e9\u00a0<strong>directement sur votre lieu de travail<\/strong>. Nous poss\u00e9dons la plus grosse unit\u00e9 mobile au Canada avec une capacit\u00e9 de chargement de 4500 paires de chaussures de s\u00e9curit\u00e9. Avec\u00a0<strong>plus de 80 styles en inventaire<\/strong>, nous pourrons combler les exigences de chacun des membres de votre \u00e9quipe et ce, selon un\u00a0<strong>horaire flexible<\/strong>\u00a0qui\u00a0<strong>correspondra \u00e0 vos besoins<\/strong>.<\/p>\n<p>Vos travailleurs profiteront d&rsquo;une exp\u00e9rience d&rsquo;acquisition unique, agr\u00e9able et professionnelle. Une m\u00e9thode simple et efficace pour chausser vos employ\u00e9s avec la\u00a0<strong>garantie d&rsquo;une enti\u00e8re satisfac<\/strong><strong>tion<\/strong>. Si vous avez de l&rsquo;int\u00e9r\u00eat pour notre service d&rsquo;unit\u00e9 mobile, veuillez communiquer avec nous \u00e0\u00a0<a href=\"mailto:info@autravail.ca\">info@autravail.ca<\/a>\u00a0.<br \/><br \/><\/p>\n<p>Voici quelques avantages du service de visites mobiles:<\/p>\n<ul>\n<li>Nous chaussons vos travailleurs<strong>\u00a0directement sur votre lieu de travail<\/strong>.<\/li>\n<li>Nous proposons un<strong>\u00a0vaste inventaire<\/strong>\u00a0de chaussures de travail sp\u00e9cialis\u00e9es: Bottes de m\u00e9caniciens, bottes de soudeurs (m\u00e9tatarses), chaussures ESD, chaussures Om\u00e9ga, bottes de construction, bottes de chauffeurs, souliers CSA pour l&rsquo;industrie de l&rsquo;alimentation, etc.<\/li>\n<li>La demande de consultation est gratuite de l&rsquo;un de nos conseillers en industrie vous\u00a0<strong>proposera des solutions<\/strong>\u00a0qui :<\/li>\n<\/ul>\n<blockquote>\n<p>&#8230; r\u00e9duiront vos co\u00fbts en chaussures de s\u00e9curit\u00e9.<\/p>\n<p>&#8230; augmenteront la qualit\u00e9 des produits pour offrir plus de confort \u00e0 vos employ\u00e9s.<\/p>\n<p>&#8230;. faciliteront la gestion et le contr\u00f4le des chaussures de s\u00e9curit\u00e9 de vos employ\u00e9s<\/p>\n<\/blockquote>\n<ul>\n<li>Nous offrons un\u00a0<strong>service professionnel<\/strong>\u00a0et rapide pour r\u00e9pondre aux besoins et questions de votre entreprise.<\/li>\n<\/ul>\n<\/div>\n\t\t\t\t\t\t\t\t<\/div>\n\t\t\t\t<\/div>\n\t\t\t\t\t<\/div>\n\t\t\t\t<\/div>\n\t\t<div class=\"elementor-element elementor-element-bbaffe3 e-flex e-con-boxed e-con e-parent\" data-id=\"bbaffe3\" data-element_type=\"container\">\n\t\t\t\t\t<div class=\"e-con-inner\">\n\t\t\t\t<div class=\"elementor-element elementor-element-c5f54a8 elementor-widget elementor-widget-html\" data-id=\"c5f54a8\" data-element_type=\"widget\" data-widget_type=\"html.default\">\n\t\t\t\t<div class=\"elementor-widget-container\">\n\t\t\t\t\t<style>\r\n.conteneur-parent-video {\r\n  \/* C'est ici que vous contr\u00f4lez la taille finale. \r\n     Changez 30% pour 50%, 200px, etc. *\/\r\n  width: 30%; \r\n  \r\n  \/* Optionnel : pour centrer la vid\u00e9o dans son espace si besoin *\/\r\n  margin: auto; \r\n}\r\n\r\n.video-verticale-conteneur {\r\n  position: relative;\r\n  overflow: hidden;\r\n  width: 100%;\r\n  padding-top: 177.77%; \/* Ne pas changer cette valeur, elle garde le ratio 9:16 *\/\r\n}\r\n\r\n.video-verticale-conteneur iframe {\r\n  position: absolute;\r\n  top: 50%;\r\n  left: 50%;\r\n  width: 100%;\r\n  height: 100%;\r\n  transform: translate(-50%, -50%);\r\n  border: 0;\r\n}\r\n<\/style>\r\n\r\n<div class=\"conteneur-parent-video\">\r\n  <div class=\"video-verticale-conteneur\">\r\n    <iframe \r\n      src=\"https:\/\/www.youtube.com\/embed\/pX4voQIFeMc?si=-KfoUEnjAjRDQMSN\" \r\n      title=\"YouTube video player\" \r\n      frameborder=\"0\" \r\n      allow=\"accelerometer; autoplay; clipboard-write; encrypted-media; gyroscope; picture-in-picture; web-share\" \r\n      allowfullscreen>\r\n    <\/iframe>\r\n  <\/div>\r\n<\/div>\t\t\t\t<\/div>\n\t\t\t\t<\/div>\n\t\t\t\t<div class=\"elementor-element elementor-element-75a18a9 elementor-widget elementor-widget-heading\" data-id=\"75a18a9\" data-element_type=\"widget\" data-widget_type=\"heading.default\">\n\t\t\t\t<div class=\"elementor-widget-container\">\n\t\t\t\t\t<h2 class=\"elementor-heading-title elementor-size-default\">Pour r\u00e9server votre unit\u00e9 mobile<\/h2>\t\t\t\t<\/div>\n\t\t\t\t<\/div>\n\t\t\t\t\t<\/div>\n\t\t\t\t<\/div>\n\t\t<div class=\"elementor-element elementor-element-78b812d e-flex e-con-boxed e-con e-parent\" data-id=\"78b812d\" data-element_type=\"container\">\n\t\t\t\t\t<div class=\"e-con-inner\">\n\t\t<div class=\"elementor-element elementor-element-46ea9f7 e-con-full e-flex e-con e-child\" data-id=\"46ea9f7\" data-element_type=\"container\">\n\t\t\t\t<div class=\"elementor-element elementor-element-c989129 elementor-view-default elementor-widget elementor-widget-icon\" data-id=\"c989129\" data-element_type=\"widget\" data-widget_type=\"icon.default\">\n\t\t\t\t<div class=\"elementor-widget-container\">\n\t\t\t\t\t\t\t<div class=\"elementor-icon-wrapper\">\n\t\t\t<div class=\"elementor-icon\">\n\t\t\t<i aria-hidden=\"true\" class=\"axetor-icon- axetor-icon-email\"><\/i>\t\t\t<\/div>\n\t\t<\/div>\n\t\t\t\t\t\t<\/div>\n\t\t\t\t<\/div>\n\t\t\t\t<\/div>\n\t\t<div class=\"elementor-element elementor-element-4707c8f e-con-full e-flex e-con e-child\" data-id=\"4707c8f\" data-element_type=\"container\">\n\t\t\t\t<div class=\"elementor-element elementor-element-16e5bc7 elementor-widget elementor-widget-text-editor\" data-id=\"16e5bc7\" data-element_type=\"widget\" data-widget_type=\"text-editor.default\">\n\t\t\t\t<div class=\"elementor-widget-container\">\n\t\t\t\t\t\t\t\t\t<p><a href=\"mailto:nathasha@autravail.ca\">nathasha@autravail.ca<\/a><\/p>\t\t\t\t\t\t\t\t<\/div>\n\t\t\t\t<\/div>\n\t\t\t\t<\/div>\n\t\t\t\t\t<\/div>\n\t\t\t\t<\/div>\n\t\t<div class=\"elementor-element elementor-element-9a058e9 e-con-full e-flex e-con e-parent\" data-id=\"9a058e9\" data-element_type=\"container\" data-settings=\"{&quot;background_background&quot;:&quot;classic&quot;}\">\n\t\t\t\t<\/div>\n\t\t\t\t<\/div>","protected":false},"excerpt":{"rendered":"<p>UNIT\u00c9 DES VENTES MOBILES L&rsquo;unit\u00e9 des ventes mobiles offre un service de\u00a0distribution de chaussures\u00a0de s\u00e9curit\u00e9\u00a0directement sur votre lieu de travail. Nous poss\u00e9dons la plus grosse unit\u00e9 mobile au Canada avec une capacit\u00e9 de chargement de 4500 paires de chaussures de s\u00e9curit\u00e9. Avec\u00a0plus de 80 styles en inventaire, nous pourrons combler les exigences de chacun des [&hellip;]<\/p>","protected":false},"author":1,"featured_media":0,"parent":0,"menu_order":0,"comment_status":"closed","ping_status":"closed","template":"","meta":{"footnotes":""},"class_list":["post-2","page","type-page","status-publish","hentry"],"yoast_head":"<!-- This site is optimized with the Yoast SEO plugin v25.3.1 - https:\/\/yoast.com\/wordpress\/plugins\/seo\/ -->\n<title>Unit\u00e9 mobile - Le Magasin Industriel<\/title>\n<meta name=\"robots\" content=\"index, follow, max-snippet:-1, max-image-preview:large, max-video-preview:-1\" \/>\n<link rel=\"canonical\" href=\"https:\/\/autravail.ca\/en\/unite-mobile\/\" \/>\n<meta property=\"og:locale\" content=\"en_US\" \/>\n<meta property=\"og:type\" content=\"article\" \/>\n<meta property=\"og:title\" content=\"Unit\u00e9 mobile - Le Magasin Industriel\" \/>\n<meta property=\"og:description\" content=\"UNIT\u00c9 DES VENTES MOBILES L&rsquo;unit\u00e9 des ventes mobiles offre un service de\u00a0distribution de chaussures\u00a0de s\u00e9curit\u00e9\u00a0directement sur votre lieu de travail. Nous poss\u00e9dons la plus grosse unit\u00e9 mobile au Canada avec une capacit\u00e9 de chargement de 4500 paires de chaussures de s\u00e9curit\u00e9. Avec\u00a0plus de 80 styles en inventaire, nous pourrons combler les exigences de chacun des [&hellip;]\" \/>\n<meta property=\"og:url\" content=\"https:\/\/autravail.ca\/en\/unite-mobile\/\" \/>\n<meta property=\"og:site_name\" content=\"Le Magasin Industriel\" \/>\n<meta property=\"article:publisher\" content=\"https:\/\/www.facebook.com\/lemagasinindustriel\/?locale=fr_FR\" \/>\n<meta property=\"article:modified_time\" content=\"2025-10-01T13:37:47+00:00\" \/>\n<meta name=\"twitter:card\" content=\"summary_large_image\" \/>\n<meta name=\"twitter:label1\" content=\"Est. reading time\" \/>\n\t<meta name=\"twitter:data1\" content=\"2 minutes\" \/>\n<script type=\"application\/ld+json\" class=\"yoast-schema-graph\">{\"@context\":\"https:\/\/schema.org\",\"@graph\":[{\"@type\":\"WebPage\",\"@id\":\"https:\/\/autravail.ca\/en\/unite-mobile\/\",\"url\":\"https:\/\/autravail.ca\/en\/unite-mobile\/\",\"name\":\"Unit\u00e9 mobile - Le Magasin Industriel\",\"isPartOf\":{\"@id\":\"https:\/\/autravail.ca\/#website\"},\"datePublished\":\"2025-04-21T17:44:44+00:00\",\"dateModified\":\"2025-10-01T13:37:47+00:00\",\"breadcrumb\":{\"@id\":\"https:\/\/autravail.ca\/en\/unite-mobile\/#breadcrumb\"},\"inLanguage\":\"en-CA\",\"potentialAction\":[{\"@type\":\"ReadAction\",\"target\":[\"https:\/\/autravail.ca\/en\/unite-mobile\/\"]}]},{\"@type\":\"BreadcrumbList\",\"@id\":\"https:\/\/autravail.ca\/en\/unite-mobile\/#breadcrumb\",\"itemListElement\":[{\"@type\":\"ListItem\",\"position\":1,\"name\":\"Accueil\",\"item\":\"https:\/\/autravail.ca\/\"},{\"@type\":\"ListItem\",\"position\":2,\"name\":\"Unit\u00e9 mobile\"}]},{\"@type\":\"WebSite\",\"@id\":\"https:\/\/autravail.ca\/#website\",\"url\":\"https:\/\/autravail.ca\/\",\"name\":\"Le Magasin Industriel\",\"description\":\"50 ans de tradition de s\u00e9curit\u00e9 au travail\",\"publisher\":{\"@id\":\"https:\/\/autravail.ca\/#organization\"},\"potentialAction\":[{\"@type\":\"SearchAction\",\"target\":{\"@type\":\"EntryPoint\",\"urlTemplate\":\"https:\/\/autravail.ca\/?s={search_term_string}\"},\"query-input\":{\"@type\":\"PropertyValueSpecification\",\"valueRequired\":true,\"valueName\":\"search_term_string\"}}],\"inLanguage\":\"en-CA\"},{\"@type\":\"Organization\",\"@id\":\"https:\/\/autravail.ca\/#organization\",\"name\":\"Le Magasin Industriel\",\"url\":\"https:\/\/autravail.ca\/\",\"logo\":{\"@type\":\"ImageObject\",\"inLanguage\":\"en-CA\",\"@id\":\"https:\/\/autravail.ca\/#\/schema\/logo\/image\/\",\"url\":\"https:\/\/autravail.ca\/wp-content\/uploads\/2025\/05\/cropped-magasin_industriel_120x.avif\",\"contentUrl\":\"https:\/\/autravail.ca\/wp-content\/uploads\/2025\/05\/cropped-magasin_industriel_120x.avif\",\"width\":120,\"height\":24,\"caption\":\"Le Magasin Industriel\"},\"image\":{\"@id\":\"https:\/\/autravail.ca\/#\/schema\/logo\/image\/\"},\"sameAs\":[\"https:\/\/www.facebook.com\/lemagasinindustriel\/?locale=fr_FR\"]}]}<\/script>\n<!-- \/ Yoast SEO plugin. -->","yoast_head_json":{"title":"Unit\u00e9 mobile - Le Magasin Industriel","robots":{"index":"index","follow":"follow","max-snippet":"max-snippet:-1","max-image-preview":"max-image-preview:large","max-video-preview":"max-video-preview:-1"},"canonical":"https:\/\/autravail.ca\/en\/unite-mobile\/","og_locale":"en_US","og_type":"article","og_title":"Unit\u00e9 mobile - Le Magasin Industriel","og_description":"UNIT\u00c9 DES VENTES MOBILES L&rsquo;unit\u00e9 des ventes mobiles offre un service de\u00a0distribution de chaussures\u00a0de s\u00e9curit\u00e9\u00a0directement sur votre lieu de travail. Nous poss\u00e9dons la plus grosse unit\u00e9 mobile au Canada avec une capacit\u00e9 de chargement de 4500 paires de chaussures de s\u00e9curit\u00e9. Avec\u00a0plus de 80 styles en inventaire, nous pourrons combler les exigences de chacun des [&hellip;]","og_url":"https:\/\/autravail.ca\/en\/unite-mobile\/","og_site_name":"Le Magasin Industriel","article_publisher":"https:\/\/www.facebook.com\/lemagasinindustriel\/?locale=fr_FR","article_modified_time":"2025-10-01T13:37:47+00:00","twitter_card":"summary_large_image","twitter_misc":{"Est. reading time":"2 minutes"},"schema":{"@context":"https:\/\/schema.org","@graph":[{"@type":"WebPage","@id":"https:\/\/autravail.ca\/en\/unite-mobile\/","url":"https:\/\/autravail.ca\/en\/unite-mobile\/","name":"Unit\u00e9 mobile - Le Magasin Industriel","isPartOf":{"@id":"https:\/\/autravail.ca\/#website"},"datePublished":"2025-04-21T17:44:44+00:00","dateModified":"2025-10-01T13:37:47+00:00","breadcrumb":{"@id":"https:\/\/autravail.ca\/en\/unite-mobile\/#breadcrumb"},"inLanguage":"en-CA","potentialAction":[{"@type":"ReadAction","target":["https:\/\/autravail.ca\/en\/unite-mobile\/"]}]},{"@type":"BreadcrumbList","@id":"https:\/\/autravail.ca\/en\/unite-mobile\/#breadcrumb","itemListElement":[{"@type":"ListItem","position":1,"name":"Accueil","item":"https:\/\/autravail.ca\/"},{"@type":"ListItem","position":2,"name":"Unit\u00e9 mobile"}]},{"@type":"WebSite","@id":"https:\/\/autravail.ca\/#website","url":"https:\/\/autravail.ca\/","name":"Le Magasin Industriel","description":"50 ans de tradition de s\u00e9curit\u00e9 au travail","publisher":{"@id":"https:\/\/autravail.ca\/#organization"},"potentialAction":[{"@type":"SearchAction","target":{"@type":"EntryPoint","urlTemplate":"https:\/\/autravail.ca\/?s={search_term_string}"},"query-input":{"@type":"PropertyValueSpecification","valueRequired":true,"valueName":"search_term_string"}}],"inLanguage":"en-CA"},{"@type":"Organization","@id":"https:\/\/autravail.ca\/#organization","name":"Le Magasin Industriel","url":"https:\/\/autravail.ca\/","logo":{"@type":"ImageObject","inLanguage":"en-CA","@id":"https:\/\/autravail.ca\/#\/schema\/logo\/image\/","url":"https:\/\/autravail.ca\/wp-content\/uploads\/2025\/05\/cropped-magasin_industriel_120x.avif","contentUrl":"https:\/\/autravail.ca\/wp-content\/uploads\/2025\/05\/cropped-magasin_industriel_120x.avif","width":120,"height":24,"caption":"Le Magasin Industriel"},"image":{"@id":"https:\/\/autravail.ca\/#\/schema\/logo\/image\/"},"sameAs":["https:\/\/www.facebook.com\/lemagasinindustriel\/?locale=fr_FR"]}]}},"jetpack_sharing_enabled":true,"_links":{"self":[{"href":"https:\/\/autravail.ca\/en\/wp-json\/wp\/v2\/pages\/2","targetHints":{"allow":["GET"]}}],"collection":[{"href":"https:\/\/autravail.ca\/en\/wp-json\/wp\/v2\/pages"}],"about":[{"href":"https:\/\/autravail.ca\/en\/wp-json\/wp\/v2\/types\/page"}],"author":[{"embeddable":true,"href":"https:\/\/autravail.ca\/en\/wp-json\/wp\/v2\/users\/1"}],"replies":[{"embeddable":true,"href":"https:\/\/autravail.ca\/en\/wp-json\/wp\/v2\/comments?post=2"}],"version-history":[{"count":21,"href":"https:\/\/autravail.ca\/en\/wp-json\/wp\/v2\/pages\/2\/revisions"}],"predecessor-version":[{"id":40307,"href":"https:\/\/autravail.ca\/en\/wp-json\/wp\/v2\/pages\/2\/revisions\/40307"}],"wp:attachment":[{"href":"https:\/\/autravail.ca\/en\/wp-json\/wp\/v2\/media?parent=2"}],"curies":[{"name":"wp","href":"https:\/\/api.w.org\/{rel}","templated":true}]}}