{"id":19,"date":"2024-01-26T06:58:37","date_gmt":"2024-01-26T06:58:37","guid":{"rendered":"https:\/\/demo2wpopal.b-cdn.net\/axetor\/?page_id=2"},"modified":"2026-03-16T16:58:41","modified_gmt":"2026-03-16T20:58:41","slug":"impression-de-vos-vetements-promotionnels","status":"publish","type":"page","link":"https:\/\/autravail.ca\/en\/impression-de-vos-vetements-promotionnels\/","title":{"rendered":"Impression de vos v\u00eatements promotionnels"},"content":{"rendered":"<div data-elementor-type=\"wp-page\" data-elementor-id=\"19\" class=\"elementor elementor-19\">\n\t\t\t\t<div class=\"elementor-element elementor-element-4e2230f e-con-full e-flex e-con e-parent\" data-id=\"4e2230f\" data-element_type=\"container\" data-settings=\"{&quot;background_background&quot;:&quot;classic&quot;}\">\n\t\t\t\t<\/div>\n\t\t<div class=\"elementor-element elementor-element-954b4d7 e-flex e-con-boxed e-con e-parent\" data-id=\"954b4d7\" data-element_type=\"container\">\n\t\t\t\t\t<div class=\"e-con-inner\">\n\t\t\t\t<div class=\"elementor-element elementor-element-69aeb19 elementor-widget elementor-widget-text-editor\" data-id=\"69aeb19\" data-element_type=\"widget\" data-widget_type=\"text-editor.default\">\n\t\t\t\t<div class=\"elementor-widget-container\">\n\t\t\t\t\t\t\t\t\t<h3>Impression de vos v\u00eatements promotionnels<\/h3><p>Notre <strong>atelier d\u2019impression<\/strong> incarne un savoir-faire in\u00e9gal\u00e9, o\u00f9 chaque projet est trait\u00e9 avec rigueur, cr\u00e9ativit\u00e9 et passion. Notre \u00e9quipe exp\u00e9riment\u00e9e saura vous accompagner pour votre projet d&rsquo;impression de vos v\u00eatements promotionnels. Que vous soyez une PME, une grande entreprise ou une organisation en pleine croissance, nous vous offrons des v\u00eatements personnalis\u00e9s qui refl\u00e8tent fid\u00e8lement votre identit\u00e9. Chaque pi\u00e8ce est pens\u00e9e pour \u00eatre unique, \u00e0 l\u2019image de votre marque. Aucune quantit\u00e9 minimale et aucune pression pour votre projet d&rsquo;impression. Nous saurons nous adapter \u00e0 vos besoins.\u00a0<\/p><p>Nous proposons une gamme compl\u00e8te d\u2019uniformes professionnels et dynamiques, con\u00e7us pour allier confort, durabilit\u00e9 et esth\u00e9tisme. Nos produits haut de gamme r\u00e9pondent aux standards de qualit\u00e9 les plus \u00e9lev\u00e9s, tant au niveau des textiles que des techniques d\u2019impression. Vous b\u00e9n\u00e9ficiez ainsi d\u2019un rendu impeccable, adapt\u00e9 aux exigences de votre secteur.<\/p><p>Notre service va bien au-del\u00e0 de l\u2019impression. <strong>Nous prenons en charge la gestion compl\u00e8te<\/strong> des modalit\u00e9s de votre dossier d\u2019uniforme : choix des mod\u00e8les, personnalisation, suivi des commandes et logistique. Vous gagnez du temps, tout en assurant une coh\u00e9rence visuelle \u00e0 travers votre \u00e9quipe.<\/p><p>Toujours \u00e0 l\u2019\u00e9coute, nous collaborons avec vous pour d\u00e9velopper de nouveaux concepts, que ce soit pour un lancement de produit, un \u00e9v\u00e9nement corporatif ou une refonte d\u2019image. Notre approche est personnalis\u00e9e, flexible et orient\u00e9e vers des solutions cr\u00e9atives qui font rayonner votre entreprise. Faites confiance \u00e0 notre atelier pour transformer vos id\u00e9es en v\u00eatements qui parlent de vous. Parce que votre image m\u00e9rite le meilleur.<\/p><h5>CONTACTEZ-NOUS pour d\u00e9marrer votre projet: <a href=\"mailto:HELENE@AUTRAVAIL.CA\">\u00a0 \u00a0 \u00a0 \u00a0 info@AUTRAVAIL.CA<\/a><\/h5>\t\t\t\t\t\t\t\t<\/div>\n\t\t\t\t<\/div>\n\t\t\t\t\t<\/div>\n\t\t\t\t<\/div>\n\t\t<div class=\"elementor-element elementor-element-d5f4d85 e-flex e-con-boxed e-con e-parent\" data-id=\"d5f4d85\" data-element_type=\"container\">\n\t\t\t\t\t<div class=\"e-con-inner\">\n\t\t\t\t<div class=\"elementor-element elementor-element-91fe425 elementor-widget elementor-widget-image\" data-id=\"91fe425\" data-element_type=\"widget\" data-widget_type=\"image.default\">\n\t\t\t\t<div class=\"elementor-widget-container\">\n\t\t\t\t\t\t\t\t\t\t\t\t\t\t\t<img fetchpriority=\"high\" decoding=\"async\" width=\"1800\" height=\"600\" src=\"https:\/\/autravail.ca\/wp-content\/uploads\/2026\/03\/Bandeau-vetement-promo-magasin-industriel.png\" class=\"attachment-full size-full wp-image-45726\" alt=\"V\u00eatements promotionnels Le Magasin Industriel\" srcset=\"https:\/\/autravail.ca\/wp-content\/uploads\/2026\/03\/Bandeau-vetement-promo-magasin-industriel.png 1800w, https:\/\/autravail.ca\/wp-content\/uploads\/2026\/03\/Bandeau-vetement-promo-magasin-industriel-300x100.png 300w, https:\/\/autravail.ca\/wp-content\/uploads\/2026\/03\/Bandeau-vetement-promo-magasin-industriel-1024x341.png 1024w, https:\/\/autravail.ca\/wp-content\/uploads\/2026\/03\/Bandeau-vetement-promo-magasin-industriel-150x50.png 150w, https:\/\/autravail.ca\/wp-content\/uploads\/2026\/03\/Bandeau-vetement-promo-magasin-industriel-768x256.png 768w, https:\/\/autravail.ca\/wp-content\/uploads\/2026\/03\/Bandeau-vetement-promo-magasin-industriel-1536x512.png 1536w, https:\/\/autravail.ca\/wp-content\/uploads\/2026\/03\/Bandeau-vetement-promo-magasin-industriel-18x6.png 18w, https:\/\/autravail.ca\/wp-content\/uploads\/2026\/03\/Bandeau-vetement-promo-magasin-industriel-1410x470.png 1410w, https:\/\/autravail.ca\/wp-content\/uploads\/2026\/03\/Bandeau-vetement-promo-magasin-industriel-820x273.png 820w, https:\/\/autravail.ca\/wp-content\/uploads\/2026\/03\/Bandeau-vetement-promo-magasin-industriel-450x150.png 450w, https:\/\/autravail.ca\/wp-content\/uploads\/2026\/03\/Bandeau-vetement-promo-magasin-industriel-800x267.png 800w\" sizes=\"(max-width: 1800px) 100vw, 1800px\" \/>\t\t\t\t\t\t\t\t\t\t\t\t\t\t\t<\/div>\n\t\t\t\t<\/div>\n\t\t\t\t\t<\/div>\n\t\t\t\t<\/div>\n\t\t<div class=\"elementor-element elementor-element-7211a25 e-flex e-con-boxed e-con e-parent\" data-id=\"7211a25\" data-element_type=\"container\">\n\t\t\t\t\t<div class=\"e-con-inner\">\n\t\t\t\t<div class=\"elementor-element elementor-element-77ce1e4 elementor-widget elementor-widget-axetor-image-gallery\" data-id=\"77ce1e4\" data-element_type=\"widget\" data-widget_type=\"axetor-image-gallery.default\">\n\t\t\t\t<div class=\"elementor-widget-container\">\n\t\t\t\t\t\n        <div class=\"elementor-opal-image-gallery\">\n            <div class=\"d-grid\">\n                                    <div class=\"grid__item masonry-item__all grid-item gallery_group_0\">\n                                                <a data-elementor-open-lightbox=\"yes\" data-elementor-lightbox-slideshow=\"77ce1e4\" data-elementor-lightbox-title=\"Votre logo Impression 2\" data-e-action-hash=\"#elementor-action%3Aaction%3Dlightbox%26settings%3DeyJpZCI6NDAzNDcsInVybCI6Imh0dHBzOlwvXC9hdXRyYXZhaWwuY2FcL3dwLWNvbnRlbnRcL3VwbG9hZHNcLzIwMjVcLzEwXC9Wb3RyZS1sb2dvLUltcHJlc3Npb24tMi5qcGciLCJzbGlkZXNob3ciOiI3N2NlMWU0In0%3D\" href=\"https:\/\/autravail.ca\/wp-content\/uploads\/2025\/10\/Votre-logo-Impression-2.jpg\">\n                            <img decoding=\"async\" src=\"https:\/\/autravail.ca\/wp-content\/uploads\/2025\/10\/Votre-logo-Impression-2.jpg\" alt=\"Votre logo Impression 2\"\/>\n                        <\/a>\n                    <\/div>\n                                        <div class=\"grid__item masonry-item__all grid-item gallery_group_0\">\n                                                <a data-elementor-open-lightbox=\"yes\" data-elementor-lightbox-slideshow=\"77ce1e4\" data-elementor-lightbox-title=\"Impression_logo_A\" data-e-action-hash=\"#elementor-action%3Aaction%3Dlightbox%26settings%3DeyJpZCI6MzgyNzYsInVybCI6Imh0dHBzOlwvXC9hdXRyYXZhaWwuY2FcL3dwLWNvbnRlbnRcL3VwbG9hZHNcLzIwMjVcLzA1XC9JbXByZXNzaW9uX2xvZ29fQS53ZWJwIiwic2xpZGVzaG93IjoiNzdjZTFlNCJ9\" href=\"https:\/\/autravail.ca\/wp-content\/uploads\/2025\/05\/Impression_logo_A.webp\">\n                            <img decoding=\"async\" src=\"https:\/\/autravail.ca\/wp-content\/uploads\/2025\/05\/Impression_logo_A.webp\" alt=\"Impression_logo_A\"\/>\n                        <\/a>\n                    <\/div>\n                                        <div class=\"grid__item masonry-item__all grid-item gallery_group_0\">\n                                                <a data-elementor-open-lightbox=\"yes\" data-elementor-lightbox-slideshow=\"77ce1e4\" data-elementor-lightbox-title=\"T-shirt securit\u00e9 le magasin industriel\" data-e-action-hash=\"#elementor-action%3Aaction%3Dlightbox%26settings%3DeyJpZCI6NDAzNDYsInVybCI6Imh0dHBzOlwvXC9hdXRyYXZhaWwuY2FcL3dwLWNvbnRlbnRcL3VwbG9hZHNcLzIwMjVcLzEwXC9ULXNoaXJ0LXNlY3VyaXRlLWxlLW1hZ2FzaW4taW5kdXN0cmllbC5qcGciLCJzbGlkZXNob3ciOiI3N2NlMWU0In0%3D\" href=\"https:\/\/autravail.ca\/wp-content\/uploads\/2025\/10\/T-shirt-securite-le-magasin-industriel.jpg\">\n                            <img decoding=\"async\" src=\"https:\/\/autravail.ca\/wp-content\/uploads\/2025\/10\/T-shirt-securite-le-magasin-industriel.jpg\" alt=\"T-shirt securit\u00e9 le magasin industriel\"\/>\n                        <\/a>\n                    <\/div>\n                                <\/div>\n        <\/div>\n                \n        \t\t\t\t<\/div>\n\t\t\t\t<\/div>\n\t\t\t\t\t<\/div>\n\t\t\t\t<\/div>\n\t\t<div class=\"elementor-element elementor-element-152d061 e-flex e-con-boxed e-con e-parent\" data-id=\"152d061\" data-element_type=\"container\">\n\t\t\t\t\t<div class=\"e-con-inner\">\n\t\t\t\t<div class=\"elementor-element elementor-element-d8a29d3 elementor-widget elementor-widget-text-editor\" data-id=\"d8a29d3\" data-element_type=\"widget\" data-widget_type=\"text-editor.default\">\n\t\t\t\t<div class=\"elementor-widget-container\">\n\t\t\t\t\t\t\t\t\t<h3>En quoi notre service se distingue\u2011t\u2011il ?<\/h3><p>Vous avez oubli\u00e9 d\u2019ajouter une casquette \u00e0 votre commande ? Un nouvel employ\u00e9 s\u2019est joint \u00e0 votre \u00e9quipe et vous devez commander un chandail dans une autre taille ? Aucun souci!<br \/>Nous conservons toutes les informations li\u00e9es \u00e0 votre dossier, ce qui nous permet de r\u00e9imprimer rapidement les articles manquants \u2014 <strong>sans frais suppl\u00e9mentaires et au m\u00eame tarif que votre commande initiale.<\/strong> <!--EndFragment --><\/p><p>Faites-nous confiance et confiez-nous votre projet. Notre \u00e9quipe est l\u00e0 pour simplifier votre travail et vous offrir une exp\u00e9rience sans tracas, avec un r\u00e9sultat \u00e0 la hauteur de vos attentes.<\/p>\t\t\t\t\t\t\t\t<\/div>\n\t\t\t\t<\/div>\n\t\t\t\t\t<\/div>\n\t\t\t\t<\/div>\n\t\t\t\t<\/div>","protected":false},"excerpt":{"rendered":"<p>Impression de vos v\u00eatements promotionnels Notre atelier d\u2019impression incarne un savoir-faire in\u00e9gal\u00e9, o\u00f9 chaque projet est trait\u00e9 avec rigueur, cr\u00e9ativit\u00e9 et passion. Notre \u00e9quipe exp\u00e9riment\u00e9e saura vous accompagner pour votre projet d&rsquo;impression de vos v\u00eatements promotionnels. Que vous soyez une PME, une grande entreprise ou une organisation en pleine croissance, nous vous offrons des v\u00eatements [&hellip;]<\/p>","protected":false},"author":1,"featured_media":0,"parent":0,"menu_order":0,"comment_status":"closed","ping_status":"closed","template":"","meta":{"footnotes":""},"class_list":["post-19","page","type-page","status-publish","hentry"],"yoast_head":"<!-- This site is optimized with the Yoast SEO plugin v25.3.1 - https:\/\/yoast.com\/wordpress\/plugins\/seo\/ -->\n<title>Impression de vos v\u00eatements promotionnels - Le Magasin Industriel<\/title>\n<meta name=\"description\" content=\"Personnalisez vos v\u00eatements promotionnels avec l\u2019atelier d\u2019impression du Magasin Industriel \u00e0 Granby. Affichez fi\u00e8rement votre entreprise.\" \/>\n<meta name=\"robots\" content=\"index, follow, max-snippet:-1, max-image-preview:large, max-video-preview:-1\" \/>\n<link rel=\"canonical\" href=\"https:\/\/autravail.ca\/en\/impression-de-vos-vetements-promotionnels\/\" \/>\n<meta property=\"og:locale\" content=\"en_US\" \/>\n<meta property=\"og:type\" content=\"article\" \/>\n<meta property=\"og:title\" content=\"Impression de vos v\u00eatements promotionnels - Le Magasin Industriel\" \/>\n<meta property=\"og:description\" content=\"Personnalisez vos v\u00eatements promotionnels avec l\u2019atelier d\u2019impression du Magasin Industriel \u00e0 Granby. Affichez fi\u00e8rement votre entreprise.\" \/>\n<meta property=\"og:url\" content=\"https:\/\/autravail.ca\/en\/impression-de-vos-vetements-promotionnels\/\" \/>\n<meta property=\"og:site_name\" content=\"Le Magasin Industriel\" \/>\n<meta property=\"article:publisher\" content=\"https:\/\/www.facebook.com\/lemagasinindustriel\/?locale=fr_FR\" \/>\n<meta property=\"article:modified_time\" content=\"2026-03-16T20:58:41+00:00\" \/>\n<meta property=\"og:image\" content=\"https:\/\/autravail.ca\/wp-content\/uploads\/2026\/03\/Bandeau-vetement-promo-magasin-industriel.png\" \/>\n<meta name=\"twitter:card\" content=\"summary_large_image\" \/>\n<meta name=\"twitter:label1\" content=\"Est. reading time\" \/>\n\t<meta name=\"twitter:data1\" content=\"3 minutes\" \/>\n<script type=\"application\/ld+json\" class=\"yoast-schema-graph\">{\"@context\":\"https:\/\/schema.org\",\"@graph\":[{\"@type\":\"WebPage\",\"@id\":\"https:\/\/autravail.ca\/impression-de-vos-vetements-promotionnels\/\",\"url\":\"https:\/\/autravail.ca\/impression-de-vos-vetements-promotionnels\/\",\"name\":\"Impression de vos v\u00eatements promotionnels - Le Magasin Industriel\",\"isPartOf\":{\"@id\":\"https:\/\/autravail.ca\/#website\"},\"primaryImageOfPage\":{\"@id\":\"https:\/\/autravail.ca\/impression-de-vos-vetements-promotionnels\/#primaryimage\"},\"image\":{\"@id\":\"https:\/\/autravail.ca\/impression-de-vos-vetements-promotionnels\/#primaryimage\"},\"thumbnailUrl\":\"https:\/\/autravail.ca\/wp-content\/uploads\/2026\/03\/Bandeau-vetement-promo-magasin-industriel.png\",\"datePublished\":\"2024-01-26T06:58:37+00:00\",\"dateModified\":\"2026-03-16T20:58:41+00:00\",\"description\":\"Personnalisez vos v\u00eatements promotionnels avec l\u2019atelier d\u2019impression du Magasin Industriel \u00e0 Granby. Affichez fi\u00e8rement votre entreprise.\",\"breadcrumb\":{\"@id\":\"https:\/\/autravail.ca\/impression-de-vos-vetements-promotionnels\/#breadcrumb\"},\"inLanguage\":\"en-CA\",\"potentialAction\":[{\"@type\":\"ReadAction\",\"target\":[\"https:\/\/autravail.ca\/impression-de-vos-vetements-promotionnels\/\"]}]},{\"@type\":\"ImageObject\",\"inLanguage\":\"en-CA\",\"@id\":\"https:\/\/autravail.ca\/impression-de-vos-vetements-promotionnels\/#primaryimage\",\"url\":\"https:\/\/autravail.ca\/wp-content\/uploads\/2026\/03\/Bandeau-vetement-promo-magasin-industriel.png\",\"contentUrl\":\"https:\/\/autravail.ca\/wp-content\/uploads\/2026\/03\/Bandeau-vetement-promo-magasin-industriel.png\"},{\"@type\":\"BreadcrumbList\",\"@id\":\"https:\/\/autravail.ca\/impression-de-vos-vetements-promotionnels\/#breadcrumb\",\"itemListElement\":[{\"@type\":\"ListItem\",\"position\":1,\"name\":\"Accueil\",\"item\":\"https:\/\/autravail.ca\/\"},{\"@type\":\"ListItem\",\"position\":2,\"name\":\"Impression de vos v\u00eatements promotionnels\"}]},{\"@type\":\"WebSite\",\"@id\":\"https:\/\/autravail.ca\/#website\",\"url\":\"https:\/\/autravail.ca\/\",\"name\":\"Le Magasin Industriel\",\"description\":\"50 ans de tradition de s\u00e9curit\u00e9 au travail\",\"publisher\":{\"@id\":\"https:\/\/autravail.ca\/#organization\"},\"potentialAction\":[{\"@type\":\"SearchAction\",\"target\":{\"@type\":\"EntryPoint\",\"urlTemplate\":\"https:\/\/autravail.ca\/?s={search_term_string}\"},\"query-input\":{\"@type\":\"PropertyValueSpecification\",\"valueRequired\":true,\"valueName\":\"search_term_string\"}}],\"inLanguage\":\"en-CA\"},{\"@type\":\"Organization\",\"@id\":\"https:\/\/autravail.ca\/#organization\",\"name\":\"Le Magasin Industriel\",\"url\":\"https:\/\/autravail.ca\/\",\"logo\":{\"@type\":\"ImageObject\",\"inLanguage\":\"en-CA\",\"@id\":\"https:\/\/autravail.ca\/#\/schema\/logo\/image\/\",\"url\":\"https:\/\/autravail.ca\/wp-content\/uploads\/2025\/05\/cropped-magasin_industriel_120x.avif\",\"contentUrl\":\"https:\/\/autravail.ca\/wp-content\/uploads\/2025\/05\/cropped-magasin_industriel_120x.avif\",\"width\":120,\"height\":24,\"caption\":\"Le Magasin Industriel\"},\"image\":{\"@id\":\"https:\/\/autravail.ca\/#\/schema\/logo\/image\/\"},\"sameAs\":[\"https:\/\/www.facebook.com\/lemagasinindustriel\/?locale=fr_FR\"]}]}<\/script>\n<!-- \/ Yoast SEO plugin. -->","yoast_head_json":{"title":"Impression de vos v\u00eatements promotionnels - Le Magasin Industriel","description":"Personnalisez vos v\u00eatements promotionnels avec l\u2019atelier d\u2019impression du Magasin Industriel \u00e0 Granby. Affichez fi\u00e8rement votre entreprise.","robots":{"index":"index","follow":"follow","max-snippet":"max-snippet:-1","max-image-preview":"max-image-preview:large","max-video-preview":"max-video-preview:-1"},"canonical":"https:\/\/autravail.ca\/en\/impression-de-vos-vetements-promotionnels\/","og_locale":"en_US","og_type":"article","og_title":"Impression de vos v\u00eatements promotionnels - Le Magasin Industriel","og_description":"Personnalisez vos v\u00eatements promotionnels avec l\u2019atelier d\u2019impression du Magasin Industriel \u00e0 Granby. Affichez fi\u00e8rement votre entreprise.","og_url":"https:\/\/autravail.ca\/en\/impression-de-vos-vetements-promotionnels\/","og_site_name":"Le Magasin Industriel","article_publisher":"https:\/\/www.facebook.com\/lemagasinindustriel\/?locale=fr_FR","article_modified_time":"2026-03-16T20:58:41+00:00","og_image":[{"url":"https:\/\/autravail.ca\/wp-content\/uploads\/2026\/03\/Bandeau-vetement-promo-magasin-industriel.png","type":"","width":"","height":""}],"twitter_card":"summary_large_image","twitter_misc":{"Est. reading time":"3 minutes"},"schema":{"@context":"https:\/\/schema.org","@graph":[{"@type":"WebPage","@id":"https:\/\/autravail.ca\/impression-de-vos-vetements-promotionnels\/","url":"https:\/\/autravail.ca\/impression-de-vos-vetements-promotionnels\/","name":"Impression de vos v\u00eatements promotionnels - Le Magasin Industriel","isPartOf":{"@id":"https:\/\/autravail.ca\/#website"},"primaryImageOfPage":{"@id":"https:\/\/autravail.ca\/impression-de-vos-vetements-promotionnels\/#primaryimage"},"image":{"@id":"https:\/\/autravail.ca\/impression-de-vos-vetements-promotionnels\/#primaryimage"},"thumbnailUrl":"https:\/\/autravail.ca\/wp-content\/uploads\/2026\/03\/Bandeau-vetement-promo-magasin-industriel.png","datePublished":"2024-01-26T06:58:37+00:00","dateModified":"2026-03-16T20:58:41+00:00","description":"Personnalisez vos v\u00eatements promotionnels avec l\u2019atelier d\u2019impression du Magasin Industriel \u00e0 Granby. Affichez fi\u00e8rement votre entreprise.","breadcrumb":{"@id":"https:\/\/autravail.ca\/impression-de-vos-vetements-promotionnels\/#breadcrumb"},"inLanguage":"en-CA","potentialAction":[{"@type":"ReadAction","target":["https:\/\/autravail.ca\/impression-de-vos-vetements-promotionnels\/"]}]},{"@type":"ImageObject","inLanguage":"en-CA","@id":"https:\/\/autravail.ca\/impression-de-vos-vetements-promotionnels\/#primaryimage","url":"https:\/\/autravail.ca\/wp-content\/uploads\/2026\/03\/Bandeau-vetement-promo-magasin-industriel.png","contentUrl":"https:\/\/autravail.ca\/wp-content\/uploads\/2026\/03\/Bandeau-vetement-promo-magasin-industriel.png"},{"@type":"BreadcrumbList","@id":"https:\/\/autravail.ca\/impression-de-vos-vetements-promotionnels\/#breadcrumb","itemListElement":[{"@type":"ListItem","position":1,"name":"Accueil","item":"https:\/\/autravail.ca\/"},{"@type":"ListItem","position":2,"name":"Impression de vos v\u00eatements promotionnels"}]},{"@type":"WebSite","@id":"https:\/\/autravail.ca\/#website","url":"https:\/\/autravail.ca\/","name":"Le Magasin Industriel","description":"50 ans de tradition de s\u00e9curit\u00e9 au travail","publisher":{"@id":"https:\/\/autravail.ca\/#organization"},"potentialAction":[{"@type":"SearchAction","target":{"@type":"EntryPoint","urlTemplate":"https:\/\/autravail.ca\/?s={search_term_string}"},"query-input":{"@type":"PropertyValueSpecification","valueRequired":true,"valueName":"search_term_string"}}],"inLanguage":"en-CA"},{"@type":"Organization","@id":"https:\/\/autravail.ca\/#organization","name":"Le Magasin Industriel","url":"https:\/\/autravail.ca\/","logo":{"@type":"ImageObject","inLanguage":"en-CA","@id":"https:\/\/autravail.ca\/#\/schema\/logo\/image\/","url":"https:\/\/autravail.ca\/wp-content\/uploads\/2025\/05\/cropped-magasin_industriel_120x.avif","contentUrl":"https:\/\/autravail.ca\/wp-content\/uploads\/2025\/05\/cropped-magasin_industriel_120x.avif","width":120,"height":24,"caption":"Le Magasin Industriel"},"image":{"@id":"https:\/\/autravail.ca\/#\/schema\/logo\/image\/"},"sameAs":["https:\/\/www.facebook.com\/lemagasinindustriel\/?locale=fr_FR"]}]}},"jetpack_sharing_enabled":true,"_links":{"self":[{"href":"https:\/\/autravail.ca\/en\/wp-json\/wp\/v2\/pages\/19","targetHints":{"allow":["GET"]}}],"collection":[{"href":"https:\/\/autravail.ca\/en\/wp-json\/wp\/v2\/pages"}],"about":[{"href":"https:\/\/autravail.ca\/en\/wp-json\/wp\/v2\/types\/page"}],"author":[{"embeddable":true,"href":"https:\/\/autravail.ca\/en\/wp-json\/wp\/v2\/users\/1"}],"replies":[{"embeddable":true,"href":"https:\/\/autravail.ca\/en\/wp-json\/wp\/v2\/comments?post=19"}],"version-history":[{"count":35,"href":"https:\/\/autravail.ca\/en\/wp-json\/wp\/v2\/pages\/19\/revisions"}],"predecessor-version":[{"id":45743,"href":"https:\/\/autravail.ca\/en\/wp-json\/wp\/v2\/pages\/19\/revisions\/45743"}],"wp:attachment":[{"href":"https:\/\/autravail.ca\/en\/wp-json\/wp\/v2\/media?parent=19"}],"curies":[{"name":"wp","href":"https:\/\/api.w.org\/{rel}","templated":true}]}}