{"id":14,"date":"2025-05-23T17:39:59","date_gmt":"2025-05-23T21:39:59","guid":{"rendered":"https:\/\/meteoquebec.ca\/?page_id=14"},"modified":"2025-09-01T18:49:13","modified_gmt":"2025-09-01T22:49:13","slug":"termes-et-conditions","status":"publish","type":"page","link":"https:\/\/autravail.ca\/en\/termes-et-conditions\/","title":{"rendered":"Terms and Conditions"},"content":{"rendered":"<div data-elementor-type=\"wp-page\" data-elementor-id=\"14\" class=\"elementor elementor-14\">\n\t\t\t\t<div class=\"elementor-element elementor-element-e7d1d0b e-flex e-con-boxed e-con e-parent\" data-id=\"e7d1d0b\" data-element_type=\"container\">\n\t\t\t\t\t<div class=\"e-con-inner\">\n\t\t\t\t<div class=\"elementor-element elementor-element-819b1c2 elementor-widget elementor-widget-text-editor\" data-id=\"819b1c2\" data-element_type=\"widget\" data-widget_type=\"text-editor.default\">\n\t\t\t\t<div class=\"elementor-widget-container\">\n\t\t\t\t\t\t\t\t\t<div class=\"u2pext1e u2pext1d _1fragem3c _1fragem82 _1fragemns u2pext1i u2pext1f _1fragemk0 _1fragemi7 _1fragemg4\">\n<div id=\"shipping-policy-policy-modalTitle\" class=\"u2pext1l _1fragempa _1fragemly u2pext1m\">\n<h3 class=\"n8k95w1 n8k95w0 _1fragemn2 n8k95w2 n8k95wg\">Exp\u00e9dition<\/h3>\n<\/div>\n<\/div>\n<div class=\"u2pext17 u2pext16 _1fragempa u2pext1t u2pext1s _1fragemk0 _1fragemi7 _1fragemeb\">\n<div class=\"jHvVd\">\n<div class=\"go06b0\">Nos d\u00e9lais d\u2019exp\u00e9dition varient selon les produits. Si rien n\u2019est indiqu\u00e9 sur la page d\u2019achat du produit, c\u2019est que nous ne sommes pas en mesure de vous fournir un d\u00e9lai pr\u00e9cis. G\u00e9n\u00e9ralement, votre produit sera exp\u00e9di\u00e9 dans les 2 \u00e0 10 jours ouvrables qui suivent votre commande, mais nous ne fournissons aucune garantie sur les d\u00e9lais d&rsquo;exp\u00e9dition.<br \/><br \/>Pour plus d&rsquo;informations, lire les d\u00e9tails ci-bas.<\/div>\n<\/div>\n<\/div>\t\t\t\t\t\t\t\t<\/div>\n\t\t\t\t<\/div>\n\t\t\t\t\t<\/div>\n\t\t\t\t<\/div>\n\t\t<div class=\"elementor-element elementor-element-1e73ead8 e-flex e-con-boxed e-con e-parent\" data-id=\"1e73ead8\" data-element_type=\"container\">\n\t\t\t\t\t<div class=\"e-con-inner\">\n\t\t\t\t<div class=\"elementor-element elementor-element-2692f21e elementor-widget elementor-widget-text-editor\" data-id=\"2692f21e\" data-element_type=\"widget\" data-widget_type=\"text-editor.default\">\n\t\t\t\t<div class=\"elementor-widget-container\">\n\t\t\t\t\t\t\t\t\t\n<div class=\"rte\">\n<h3><strong>Delivery Promotion Free<\/strong><\/h3>\n<p>To be eligible for our free delivery program, you must meet the following two conditions:<\/p>\n<p>To have completed a purchase of at least $99 (before taxes) on our website at www.autravail.ca Your purchase amount of $99 can be reached by accumulating the cost of several items which would be applied to a single transaction. For example: A pair of gloves at $15 and a safety shoe at $90 total more than $99 and make you eligible for free shipping.<\/p>\n<p>Ask for delivery on the territory of Quebec and at a location that is not considered difficult to reach by transporters. An example of a location considered difficult to reach: The Magdalena Islands, Anticosti Island, etc.<\/p>\n<p>Note: At any time, we reserve the right to cancel our free shipping promotion. In such a case, shipping fees will be communicated to you before the product is shipped. You will have the option to cancel your order and receive a refund.<\/p>\n<p>At our free delivery promotion, we are also offering a free exchange program, but there are some conditions that apply. Please read point 4 carefully which explains these conditions.<\/p>\n<p>\u00a0<\/p>\n<p>\u00a0<\/p>\n<h3><strong>Shipping fees for Canadian residents<\/strong><\/h3>\n<p>For Canadian residents outside Quebec who make a purchase on our website, shipping costs are:<\/p>\n<p>Qubec : $7.50 for a purchase between $0.01 to $49.99 before taxes<\/p>\n<p>Quebec: $10.00 for a purchase between $50.00 to $98.99 before taxes<\/p>\n<p><strong>Quebec, Ontario, New Brunswick<\/strong>\u00a0:\u00a0<strong>Free<\/strong>\u00a0for a purchase of 99.00$ and more (before taxes)<\/p>\n<p>Ontario and New Brunswick: $10.00 fixed for any purchase under $99.00 before taxes.<\/p>\n<p>Canada (Other provinces): $15.00 fixed for every purchase<\/p>\n<p>\u00a0<\/p>\n<p>\u00a0<\/p>\n<h3><strong>Shipping costs outside of Canada<\/strong><\/h3>\n<p>For any order requiring delivery outside of Canada, shipping costs are distributed as follows:<\/p>\n<p>United States: $20.00 for a purchase between $0.01 and $50.00 before taxes.<\/p>\n<p>United States: $25 for a purchase of $50.01 or more (excluding taxes).<\/p>\n<p>For all other destinations: 59.00 $ in fees.<\/p>\n<p>\u00a0<\/p>\n<p>\u00a0<\/p>\n<h3><strong>Charges for transportation related to exchange<\/strong><\/h3>\n<p>No purchases made on our website can be refunded. However, we offer the possibility of exchanges. The shipping costs associated with the exchange are covered according to the terms indicated below.<\/p>\n<p>All transport costs related to the exchange are assumed by the client, except for the case mentioned below.<\/p>\n<p>For orders that have qualified for our free shipping program, we offer the option to exchange for which we will again assume shipping costs only. Note that at all times, the cost of transport for returning a product, from the client's home to Industrial Store, is assumed by the client. To be eligible for a second free shipping, conditions must be met:<\/p>\n<p>This program applies only for the exchange of an identical product but of different sizes.<\/p>\n<p>This program applies only if you have made a purchase of at least $99 before taxes.<\/p>\n<p>This program applies only to deliveries within QUBEC and regions not considered difficult to access by transporters.<\/p>\n<p>\u00a0<\/p>\n<p>If you respect these three conditions, communicate with our customer service via email to info@autravail.ca and we will provide you with the procedure to follow.<\/p>\n<p>In all other cases, the shipping costs related to the exchange will be entirely borne by the client. If you wish to make an exchange, please communicate with our customer service via email at info@autravail.ca<\/p>\n<p>For an exchange to be accepted, the product must be unused and completely new. It must be returned to us in its original packaging and in impeccable condition. If the packaging is damaged, altered or broken, 20% restocking fees may be charged.<\/p>\n<p>\u00a0<\/p>\n<p>\u00a0<\/p>\n<h3><strong>Delivery and shipping time<\/strong><\/h3>\n<p>Our shipping deadlines vary according to the products. If nothing is indicated on the product's purchase page, it means we are unable to provide you with a deadline. Generally, your product will be shipped within 2 to 10 business days following your order, but we do not offer any guarantees.<\/p>\n<p>For international shipments, delivery can last from 10 days to 8 weeks. For purchases made from France or Belgium, we invite you to communicate with our customer service at\u00a0<a href=\"mailto:info@autravail.ca\">info@autravail.ca<\/a>\u00a0If you desire a faster transportation<\/p>\n<p>For many products,\u00a0<strong>The shipping deadline will be between 6 hours and 48 hours.<\/strong>\u00a0This deadline is specified on the product description page. For these specifically identified products, if this deadline should, for a reason beyond our control, be longer, we will communicate quickly with you.<\/p>\n<p>\u00a0<\/p>\n<p>\u00a0<\/p>\n<h3><strong>Product warranty<\/strong><\/h3>\n<p>Our site\u00a0<a href=\"https:\/\/autravail.ca\/en\/\">www.autravail.ca<\/a>\u00a0The Industrial Store offers a warranty against manufacturing defects only. This warranty never covers discomfort or damage due to wear and tear. This warranty is offered for a period of four (4) months following the purchase date. If you submit a claim and are eligible for this warranty, a replacement product will be delivered to you free of charge. Note that it is possible that a product evaluation period may be imposed on you. Several of our suppliers impose an analysis period for return requests. The costs associated with transport during exchange are the client's responsibility, but we will handle the delivery of the replacement product.<\/p>\n<p>\u00a0<\/p>\n<h3><strong>Reimbursement policy<\/strong><\/h3>\n<p>No refund, but possibility of exchange under certain conditions.<\/p>\n<\/div>\n\t\t\t\t\t\t\t\t<\/div>\n\t\t\t\t<\/div>\n\t\t\t\t\t<\/div>\n\t\t\t\t<\/div>\n\t\t\t\t<\/div>","protected":false},"excerpt":{"rendered":"<p>Exp\u00e9dition Nos d\u00e9lais d\u2019exp\u00e9dition varient selon les produits. Si rien n\u2019est indiqu\u00e9 sur la page d\u2019achat du produit, c\u2019est que nous ne sommes pas en mesure de vous fournir un d\u00e9lai pr\u00e9cis. G\u00e9n\u00e9ralement, votre produit sera exp\u00e9di\u00e9 dans les 2 \u00e0 10 jours ouvrables qui suivent votre commande, mais nous ne fournissons aucune garantie sur [&hellip;]<\/p>","protected":false},"author":1,"featured_media":0,"parent":0,"menu_order":0,"comment_status":"closed","ping_status":"closed","template":"","meta":{"footnotes":""},"class_list":["post-14","page","type-page","status-publish","hentry"],"yoast_head":"<!-- This site is optimized with the Yoast SEO plugin v25.3.1 - https:\/\/yoast.com\/wordpress\/plugins\/seo\/ -->\n<title>Termes et conditions - Le Magasin Industriel<\/title>\n<meta name=\"robots\" content=\"index, follow, max-snippet:-1, max-image-preview:large, max-video-preview:-1\" \/>\n<link rel=\"canonical\" href=\"https:\/\/autravail.ca\/en\/termes-et-conditions\/\" \/>\n<meta property=\"og:locale\" content=\"en_US\" \/>\n<meta property=\"og:type\" content=\"article\" \/>\n<meta property=\"og:title\" content=\"Termes et conditions - Le Magasin Industriel\" \/>\n<meta property=\"og:description\" content=\"Exp\u00e9dition Nos d\u00e9lais d\u2019exp\u00e9dition varient selon les produits. Si rien n\u2019est indiqu\u00e9 sur la page d\u2019achat du produit, c\u2019est que nous ne sommes pas en mesure de vous fournir un d\u00e9lai pr\u00e9cis. G\u00e9n\u00e9ralement, votre produit sera exp\u00e9di\u00e9 dans les 2 \u00e0 10 jours ouvrables qui suivent votre commande, mais nous ne fournissons aucune garantie sur [&hellip;]\" \/>\n<meta property=\"og:url\" content=\"https:\/\/autravail.ca\/en\/termes-et-conditions\/\" \/>\n<meta property=\"og:site_name\" content=\"Le Magasin Industriel\" \/>\n<meta property=\"article:publisher\" content=\"https:\/\/www.facebook.com\/lemagasinindustriel\/?locale=fr_FR\" \/>\n<meta property=\"article:modified_time\" content=\"2025-09-01T22:49:13+00:00\" \/>\n<meta name=\"twitter:card\" content=\"summary_large_image\" \/>\n<meta name=\"twitter:label1\" content=\"Est. reading time\" \/>\n\t<meta name=\"twitter:data1\" content=\"5 minutes\" \/>\n<script type=\"application\/ld+json\" class=\"yoast-schema-graph\">{\"@context\":\"https:\/\/schema.org\",\"@graph\":[{\"@type\":\"WebPage\",\"@id\":\"https:\/\/autravail.ca\/en\/termes-et-conditions\/\",\"url\":\"https:\/\/autravail.ca\/en\/termes-et-conditions\/\",\"name\":\"Termes et conditions - Le Magasin Industriel\",\"isPartOf\":{\"@id\":\"https:\/\/autravail.ca\/#website\"},\"datePublished\":\"2025-05-23T21:39:59+00:00\",\"dateModified\":\"2025-09-01T22:49:13+00:00\",\"breadcrumb\":{\"@id\":\"https:\/\/autravail.ca\/en\/termes-et-conditions\/#breadcrumb\"},\"inLanguage\":\"en-CA\",\"potentialAction\":[{\"@type\":\"ReadAction\",\"target\":[\"https:\/\/autravail.ca\/en\/termes-et-conditions\/\"]}]},{\"@type\":\"BreadcrumbList\",\"@id\":\"https:\/\/autravail.ca\/en\/termes-et-conditions\/#breadcrumb\",\"itemListElement\":[{\"@type\":\"ListItem\",\"position\":1,\"name\":\"Accueil\",\"item\":\"https:\/\/autravail.ca\/\"},{\"@type\":\"ListItem\",\"position\":2,\"name\":\"Termes et conditions\"}]},{\"@type\":\"WebSite\",\"@id\":\"https:\/\/autravail.ca\/#website\",\"url\":\"https:\/\/autravail.ca\/\",\"name\":\"Le Magasin Industriel\",\"description\":\"50 ans de tradition de s\u00e9curit\u00e9 au travail\",\"publisher\":{\"@id\":\"https:\/\/autravail.ca\/#organization\"},\"potentialAction\":[{\"@type\":\"SearchAction\",\"target\":{\"@type\":\"EntryPoint\",\"urlTemplate\":\"https:\/\/autravail.ca\/?s={search_term_string}\"},\"query-input\":{\"@type\":\"PropertyValueSpecification\",\"valueRequired\":true,\"valueName\":\"search_term_string\"}}],\"inLanguage\":\"en-CA\"},{\"@type\":\"Organization\",\"@id\":\"https:\/\/autravail.ca\/#organization\",\"name\":\"Le Magasin Industriel\",\"url\":\"https:\/\/autravail.ca\/\",\"logo\":{\"@type\":\"ImageObject\",\"inLanguage\":\"en-CA\",\"@id\":\"https:\/\/autravail.ca\/#\/schema\/logo\/image\/\",\"url\":\"https:\/\/autravail.ca\/wp-content\/uploads\/2025\/05\/cropped-magasin_industriel_120x.avif\",\"contentUrl\":\"https:\/\/autravail.ca\/wp-content\/uploads\/2025\/05\/cropped-magasin_industriel_120x.avif\",\"width\":120,\"height\":24,\"caption\":\"Le Magasin Industriel\"},\"image\":{\"@id\":\"https:\/\/autravail.ca\/#\/schema\/logo\/image\/\"},\"sameAs\":[\"https:\/\/www.facebook.com\/lemagasinindustriel\/?locale=fr_FR\"]}]}<\/script>\n<!-- \/ Yoast SEO plugin. -->","yoast_head_json":{"title":"Termes et conditions - Le Magasin Industriel","robots":{"index":"index","follow":"follow","max-snippet":"max-snippet:-1","max-image-preview":"max-image-preview:large","max-video-preview":"max-video-preview:-1"},"canonical":"https:\/\/autravail.ca\/en\/termes-et-conditions\/","og_locale":"en_US","og_type":"article","og_title":"Termes et conditions - Le Magasin Industriel","og_description":"Exp\u00e9dition Nos d\u00e9lais d\u2019exp\u00e9dition varient selon les produits. Si rien n\u2019est indiqu\u00e9 sur la page d\u2019achat du produit, c\u2019est que nous ne sommes pas en mesure de vous fournir un d\u00e9lai pr\u00e9cis. G\u00e9n\u00e9ralement, votre produit sera exp\u00e9di\u00e9 dans les 2 \u00e0 10 jours ouvrables qui suivent votre commande, mais nous ne fournissons aucune garantie sur [&hellip;]","og_url":"https:\/\/autravail.ca\/en\/termes-et-conditions\/","og_site_name":"Le Magasin Industriel","article_publisher":"https:\/\/www.facebook.com\/lemagasinindustriel\/?locale=fr_FR","article_modified_time":"2025-09-01T22:49:13+00:00","twitter_card":"summary_large_image","twitter_misc":{"Est. reading time":"5 minutes"},"schema":{"@context":"https:\/\/schema.org","@graph":[{"@type":"WebPage","@id":"https:\/\/autravail.ca\/en\/termes-et-conditions\/","url":"https:\/\/autravail.ca\/en\/termes-et-conditions\/","name":"Termes et conditions - Le Magasin Industriel","isPartOf":{"@id":"https:\/\/autravail.ca\/#website"},"datePublished":"2025-05-23T21:39:59+00:00","dateModified":"2025-09-01T22:49:13+00:00","breadcrumb":{"@id":"https:\/\/autravail.ca\/en\/termes-et-conditions\/#breadcrumb"},"inLanguage":"en-CA","potentialAction":[{"@type":"ReadAction","target":["https:\/\/autravail.ca\/en\/termes-et-conditions\/"]}]},{"@type":"BreadcrumbList","@id":"https:\/\/autravail.ca\/en\/termes-et-conditions\/#breadcrumb","itemListElement":[{"@type":"ListItem","position":1,"name":"Accueil","item":"https:\/\/autravail.ca\/"},{"@type":"ListItem","position":2,"name":"Termes et conditions"}]},{"@type":"WebSite","@id":"https:\/\/autravail.ca\/#website","url":"https:\/\/autravail.ca\/","name":"Le Magasin Industriel","description":"50 ans de tradition de s\u00e9curit\u00e9 au travail","publisher":{"@id":"https:\/\/autravail.ca\/#organization"},"potentialAction":[{"@type":"SearchAction","target":{"@type":"EntryPoint","urlTemplate":"https:\/\/autravail.ca\/?s={search_term_string}"},"query-input":{"@type":"PropertyValueSpecification","valueRequired":true,"valueName":"search_term_string"}}],"inLanguage":"en-CA"},{"@type":"Organization","@id":"https:\/\/autravail.ca\/#organization","name":"Le Magasin Industriel","url":"https:\/\/autravail.ca\/","logo":{"@type":"ImageObject","inLanguage":"en-CA","@id":"https:\/\/autravail.ca\/#\/schema\/logo\/image\/","url":"https:\/\/autravail.ca\/wp-content\/uploads\/2025\/05\/cropped-magasin_industriel_120x.avif","contentUrl":"https:\/\/autravail.ca\/wp-content\/uploads\/2025\/05\/cropped-magasin_industriel_120x.avif","width":120,"height":24,"caption":"Le Magasin Industriel"},"image":{"@id":"https:\/\/autravail.ca\/#\/schema\/logo\/image\/"},"sameAs":["https:\/\/www.facebook.com\/lemagasinindustriel\/?locale=fr_FR"]}]}},"jetpack_sharing_enabled":true,"_links":{"self":[{"href":"https:\/\/autravail.ca\/en\/wp-json\/wp\/v2\/pages\/14","targetHints":{"allow":["GET"]}}],"collection":[{"href":"https:\/\/autravail.ca\/en\/wp-json\/wp\/v2\/pages"}],"about":[{"href":"https:\/\/autravail.ca\/en\/wp-json\/wp\/v2\/types\/page"}],"author":[{"embeddable":true,"href":"https:\/\/autravail.ca\/en\/wp-json\/wp\/v2\/users\/1"}],"replies":[{"embeddable":true,"href":"https:\/\/autravail.ca\/en\/wp-json\/wp\/v2\/comments?post=14"}],"version-history":[{"count":3,"href":"https:\/\/autravail.ca\/en\/wp-json\/wp\/v2\/pages\/14\/revisions"}],"predecessor-version":[{"id":39849,"href":"https:\/\/autravail.ca\/en\/wp-json\/wp\/v2\/pages\/14\/revisions\/39849"}],"wp:attachment":[{"href":"https:\/\/autravail.ca\/en\/wp-json\/wp\/v2\/media?parent=14"}],"curies":[{"name":"wp","href":"https:\/\/api.w.org\/{rel}","templated":true}]}}